{"id":32612,"date":"2026-02-04T14:30:33","date_gmt":"2026-02-04T11:30:33","guid":{"rendered":"https:\/\/a-pant.ee\/product\/zaryadnoe-ustroystvo-milwaukee-m12-18fc\/"},"modified":"2026-02-22T12:16:54","modified_gmt":"2026-02-22T09:16:54","slug":"zaryadnoe-ustrojstvo-milwaukee-m12-18fc","status":"publish","type":"product","link":"https:\/\/a-pant.ee\/ru\/product\/zaryadnoe-ustrojstvo-milwaukee-m12-18fc\/","title":{"rendered":"\u0417\u0430\u0440\u044f\u0434\u043d\u043e\u0435 \u0443\u0441\u0442\u0440\u043e\u0439\u0441\u0442\u0432\u043e Milwaukee M12-18FC"},"content":{"rendered":"\n<p><strong> Laadija Milwaukee M12-18FC <\/strong> , heas seisu- ja t\u00f6\u00f6korras! <\/p><p> KIRJELDUS <\/p><ul><li> T\u00fc\u00fcp: kiirlaadija <\/li><li> Aku t\u00fc\u00fcbid: Milwaukee M12 ja M18 <\/li><li> Toide: 220\u2013240 V <\/li><li> V\u00f5imsus: umbes 150 W <\/li><li> Laadimine: j\u00e4rjestikune (\u00fcks aku korraga) <\/li><li> Kiirlaadimine \u2013 umbes 40% kiirem kui tavaline <\/li><li> Aku temperatuuri ja seisundi j\u00e4lgimine (REDLINK) <\/li><\/ul><p> \u00a0 <\/p>\n","protected":false},"excerpt":{"rendered":"<p>Laadija Milwaukee M12-18FC , heas seisu- ja t\u00f6\u00f6korras! KIRJELDUS T\u00fc\u00fcp: kiirlaadija Aku t\u00fc\u00fcbid: Milwaukee M12 ja M18 Toide: 220\u2013240 V V\u00f5imsus: umbes 150 W Laadimine: j\u00e4rjestikune (\u00fcks aku korraga) Kiirlaadimine \u2013 umbes 40% kiirem kui tavaline Aku temperatuuri ja seisundi j\u00e4lgimine (REDLINK) \u00a0<\/p>\n","protected":false},"featured_media":32613,"comment_status":"closed","ping_status":"open","template":"","meta":{"inline_featured_image":false},"product_brand":[],"product_cat":[223],"product_tag":[],"class_list":{"0":"post-32612","1":"product","2":"type-product","3":"status-publish","4":"has-post-thumbnail","6":"product_cat-vsyo-dlya-instrumenta","7":"pa_asukoht-lasnamae","8":"pa_seisukord-ispolzovano","10":"first","11":"instock","12":"taxable","13":"shipping-taxable","14":"purchasable","15":"product-type-simple"},"_links":{"self":[{"href":"https:\/\/a-pant.ee\/ru\/wp-json\/wp\/v2\/product\/32612","targetHints":{"allow":["GET"]}}],"collection":[{"href":"https:\/\/a-pant.ee\/ru\/wp-json\/wp\/v2\/product"}],"about":[{"href":"https:\/\/a-pant.ee\/ru\/wp-json\/wp\/v2\/types\/product"}],"replies":[{"embeddable":true,"href":"https:\/\/a-pant.ee\/ru\/wp-json\/wp\/v2\/comments?post=32612"}],"wp:featuredmedia":[{"embeddable":true,"href":"https:\/\/a-pant.ee\/ru\/wp-json\/wp\/v2\/media\/32613"}],"wp:attachment":[{"href":"https:\/\/a-pant.ee\/ru\/wp-json\/wp\/v2\/media?parent=32612"}],"wp:term":[{"taxonomy":"product_brand","embeddable":true,"href":"https:\/\/a-pant.ee\/ru\/wp-json\/wp\/v2\/product_brand?post=32612"},{"taxonomy":"product_cat","embeddable":true,"href":"https:\/\/a-pant.ee\/ru\/wp-json\/wp\/v2\/product_cat?post=32612"},{"taxonomy":"product_tag","embeddable":true,"href":"https:\/\/a-pant.ee\/ru\/wp-json\/wp\/v2\/product_tag?post=32612"}],"curies":[{"name":"wp","href":"https:\/\/api.w.org\/{rel}","templated":true}]}}