{"id":32567,"date":"2026-02-04T14:24:49","date_gmt":"2026-02-04T11:24:49","guid":{"rendered":"https:\/\/a-pant.ee\/product\/televizor-philips-40pft5300-12\/"},"modified":"2026-02-22T12:16:59","modified_gmt":"2026-02-22T09:16:59","slug":"televizor-philips-40pft5300-12-provod-pult","status":"publish","type":"product","link":"https:\/\/a-pant.ee\/ru\/product\/televizor-philips-40pft5300-12-provod-pult\/","title":{"rendered":"\u0422\u0435\u043b\u0435\u0432\u0438\u0437\u043e\u0440 Philips 40PFT5300\/12 + \u043f\u0440\u043e\u0432\u043e\u0434 + \u043f\u0443\u043b\u044c\u0442"},"content":{"rendered":"\n<p> Teler Philips 40PFT5300\/12 + juhe + pult, heas seisu- ja t\u00f6\u00f6korras! <\/p><p> ekraanil on valge t\u00e4pp <\/p><p> KIRJELDUS <\/p><p> Kuvasuhe <br \/> 16 : 9 <br \/> Ekraani diagonaalsuurus (tollides) <br \/> 40 tolli <br \/> Ekraani diagonaalsuurus (sentimeetrites) <br \/> 102 cm <br \/> Ekraan <br \/> Full HD LED <br \/> Paneeli eraldusv\u00f5ime <br \/> 1920 x 1080p <br \/> Heledus <br \/> 300 cd\/m\u00b2 <br \/> Pildiparandus <br \/> Pixel Plus HD <br \/> 200 Hz Perfect Motion Rate <br \/> Micro Dimming <\/p>\n","protected":false},"excerpt":{"rendered":"<p>Teler Philips 40PFT5300\/12 + juhe + pult, heas seisu- ja t\u00f6\u00f6korras! ekraanil on valge t\u00e4pp KIRJELDUS Kuvasuhe 16 : 9 Ekraani diagonaalsuurus (tollides) 40 tolli Ekraani diagonaalsuurus (sentimeetrites) 102 cm Ekraan Full HD LED Paneeli eraldusv\u00f5ime 1920 x 1080p Heledus 300 cd\/m\u00b2 Pildiparandus Pixel Plus HD 200 Hz Perfect Motion Rate Micro Dimming<\/p>\n","protected":false},"featured_media":32568,"comment_status":"closed","ping_status":"open","template":"","meta":{"inline_featured_image":false},"product_brand":[],"product_cat":[181],"product_tag":[],"class_list":{"0":"post-32567","1":"product","2":"type-product","3":"status-publish","4":"has-post-thumbnail","6":"product_cat-televizory","7":"product_shipping_class-oversize","8":"pa_asukoht-mustamae","9":"pa_seisukord-ispolzovano","11":"first","12":"instock","13":"taxable","14":"shipping-taxable","15":"purchasable","16":"product-type-simple"},"_links":{"self":[{"href":"https:\/\/a-pant.ee\/ru\/wp-json\/wp\/v2\/product\/32567","targetHints":{"allow":["GET"]}}],"collection":[{"href":"https:\/\/a-pant.ee\/ru\/wp-json\/wp\/v2\/product"}],"about":[{"href":"https:\/\/a-pant.ee\/ru\/wp-json\/wp\/v2\/types\/product"}],"replies":[{"embeddable":true,"href":"https:\/\/a-pant.ee\/ru\/wp-json\/wp\/v2\/comments?post=32567"}],"wp:featuredmedia":[{"embeddable":true,"href":"https:\/\/a-pant.ee\/ru\/wp-json\/wp\/v2\/media\/32568"}],"wp:attachment":[{"href":"https:\/\/a-pant.ee\/ru\/wp-json\/wp\/v2\/media?parent=32567"}],"wp:term":[{"taxonomy":"product_brand","embeddable":true,"href":"https:\/\/a-pant.ee\/ru\/wp-json\/wp\/v2\/product_brand?post=32567"},{"taxonomy":"product_cat","embeddable":true,"href":"https:\/\/a-pant.ee\/ru\/wp-json\/wp\/v2\/product_cat?post=32567"},{"taxonomy":"product_tag","embeddable":true,"href":"https:\/\/a-pant.ee\/ru\/wp-json\/wp\/v2\/product_tag?post=32567"}],"curies":[{"name":"wp","href":"https:\/\/api.w.org\/{rel}","templated":true}]}}