{"id":32561,"date":"2026-02-04T14:24:49","date_gmt":"2026-02-04T11:24:49","guid":{"rendered":"https:\/\/a-pant.ee\/product\/moika-vysokogo-davleniya-karcher-k3\/"},"modified":"2026-02-22T12:16:59","modified_gmt":"2026-02-22T09:16:59","slug":"mojka-vysokogo-davleniya-karcher-k3-polnoe-upravlenie-nasadki","status":"publish","type":"product","link":"https:\/\/a-pant.ee\/ru\/product\/mojka-vysokogo-davleniya-karcher-k3-polnoe-upravlenie-nasadki\/","title":{"rendered":"\u041c\u043e\u0439\u043a\u0430 \u0432\u044b\u0441\u043e\u043a\u043e\u0433\u043e \u0434\u0430\u0432\u043b\u0435\u043d\u0438\u044f K\u00e4rcher K3 \u041f\u043e\u043b\u043d\u043e\u0435 \u0443\u043f\u0440\u0430\u0432\u043b\u0435\u043d\u0438\u0435 + \u043d\u0430\u0441\u0430\u0434\u043a\u0438"},"content":{"rendered":"\n<p> Survepesur K\u00e4rcher K3 Full control + otsikud\u00a0, heas seisu- ja t\u00f6\u00f6korras! <\/p><p> KIRJELDUS <\/p><p> Toitepinge (V\/Hz): 220 &#8212; 240 \/ 50 &#8212; 60 <br \/> \u2022\u00a0R\u00f5hk (bar\/MPa): 20 &#8212; max. 120 \/ 2 &#8212; max. 12 <br \/> \u2022\u00a0Veevoolu hulk (l\/h): 380 <br \/> \u2022\u00a0Puhastatav pind (m\u00b2\/h): 25 <br \/> \u2022\u00a0sisendtemperatuur (\u00b0C): max. 40 <br \/> \u2022\u00a0V\u00f5imsusklass (kW): 1,6 <br \/> \u2022\u00a0Toitejuhe (m): 5 <br \/> \u2022\u00a0V\u00e4rvus: Kollane <br \/> \u2022\u00a0Kaal ilma lisatarvikuteta (kg): 4,2 <br \/> \u2022\u00a0M\u00f5\u00f5dud (pikkus x laius x k\u00f5rgus) (mm): 264 x 256 x 450 <\/p>\n","protected":false},"excerpt":{"rendered":"<p>Survepesur K\u00e4rcher K3 Full control + otsikud\u00a0, heas seisu- ja t\u00f6\u00f6korras! KIRJELDUS Toitepinge (V\/Hz): 220 &#8212; 240 \/ 50 &#8212; 60 \u2022\u00a0R\u00f5hk (bar\/MPa): 20 &#8212; max. 120 \/ 2 &#8212; max. 12 \u2022\u00a0Veevoolu hulk (l\/h): 380 \u2022\u00a0Puhastatav pind (m\u00b2\/h): 25 \u2022\u00a0sisendtemperatuur (\u00b0C): max. 40 \u2022\u00a0V\u00f5imsusklass (kW): 1,6 \u2022\u00a0Toitejuhe (m): 5 \u2022\u00a0V\u00e4rvus: Kollane \u2022\u00a0Kaal ilma lisatarvikuteta [&hellip;]<\/p>\n","protected":false},"featured_media":32562,"comment_status":"closed","ping_status":"open","template":"","meta":{"inline_featured_image":false},"product_brand":[],"product_cat":[220],"product_tag":[],"class_list":{"0":"post-32561","1":"product","2":"type-product","3":"status-publish","4":"has-post-thumbnail","6":"product_cat-sadovye-instrumenty","7":"pa_asukoht-lasnamae","8":"pa_seisukord-ispolzovano","10":"first","11":"outofstock","12":"taxable","13":"shipping-taxable","14":"purchasable","15":"product-type-simple"},"_links":{"self":[{"href":"https:\/\/a-pant.ee\/ru\/wp-json\/wp\/v2\/product\/32561","targetHints":{"allow":["GET"]}}],"collection":[{"href":"https:\/\/a-pant.ee\/ru\/wp-json\/wp\/v2\/product"}],"about":[{"href":"https:\/\/a-pant.ee\/ru\/wp-json\/wp\/v2\/types\/product"}],"replies":[{"embeddable":true,"href":"https:\/\/a-pant.ee\/ru\/wp-json\/wp\/v2\/comments?post=32561"}],"wp:featuredmedia":[{"embeddable":true,"href":"https:\/\/a-pant.ee\/ru\/wp-json\/wp\/v2\/media\/32562"}],"wp:attachment":[{"href":"https:\/\/a-pant.ee\/ru\/wp-json\/wp\/v2\/media?parent=32561"}],"wp:term":[{"taxonomy":"product_brand","embeddable":true,"href":"https:\/\/a-pant.ee\/ru\/wp-json\/wp\/v2\/product_brand?post=32561"},{"taxonomy":"product_cat","embeddable":true,"href":"https:\/\/a-pant.ee\/ru\/wp-json\/wp\/v2\/product_cat?post=32561"},{"taxonomy":"product_tag","embeddable":true,"href":"https:\/\/a-pant.ee\/ru\/wp-json\/wp\/v2\/product_tag?post=32561"}],"curies":[{"name":"wp","href":"https:\/\/api.w.org\/{rel}","templated":true}]}}