{"id":32555,"date":"2026-02-04T14:24:49","date_gmt":"2026-02-04T11:24:49","guid":{"rendered":"https:\/\/a-pant.ee\/product\/perforator-hilti-te-4-a22\/"},"modified":"2026-02-22T12:16:59","modified_gmt":"2026-02-22T09:16:59","slug":"perforator-hilti-te-4-a22-ak-52ach","status":"publish","type":"product","link":"https:\/\/a-pant.ee\/ru\/product\/perforator-hilti-te-4-a22-ak-52ach\/","title":{"rendered":"\u041f\u0435\u0440\u0444\u043e\u0440\u0430\u0442\u043e\u0440 Hilti TE 4-A22 + a\u043a 5,2A\u0447"},"content":{"rendered":"\n<p> Puurvasar Hilti TE 4-A22 + aku 5,2Ah\u00a0, heas seisu- ja t\u00f6\u00f6korras! <\/p><p> KIRJELDUS <\/p><p> Kompaktne SDS Plusi akupuurvasar meie parima j\u00f5udluse ja kaalu suhtega pea kohal puurimiseks (Nuroni akuplatvorm) <\/p><ul><li> Kaal vastavalt EPTA-protseduurile 01\/2003 ilma akuta: 2.45 kg <\/li><li> Optimaalne l\u00f6\u00f6giga puurimise vahemik: 4 &#8212; 14 mm <\/li><li> \u00dchekordne l\u00f6\u00f6gienergia: 2.3 J <\/li><\/ul>\n","protected":false},"excerpt":{"rendered":"<p>Puurvasar Hilti TE 4-A22 + aku 5,2Ah\u00a0, heas seisu- ja t\u00f6\u00f6korras! KIRJELDUS Kompaktne SDS Plusi akupuurvasar meie parima j\u00f5udluse ja kaalu suhtega pea kohal puurimiseks (Nuroni akuplatvorm) Kaal vastavalt EPTA-protseduurile 01\/2003 ilma akuta: 2.45 kg Optimaalne l\u00f6\u00f6giga puurimise vahemik: 4 &#8212; 14 mm \u00dchekordne l\u00f6\u00f6gienergia: 2.3 J<\/p>\n","protected":false},"featured_media":32556,"comment_status":"closed","ping_status":"open","template":"","meta":{"inline_featured_image":false},"product_brand":[],"product_cat":[239],"product_tag":[],"class_list":{"0":"post-32555","1":"product","2":"type-product","3":"status-publish","4":"has-post-thumbnail","6":"product_cat-perforatory-i-dreli","7":"pa_asukoht-lasnamae","8":"pa_seisukord-ispolzovano","10":"first","11":"instock","12":"taxable","13":"shipping-taxable","14":"purchasable","15":"product-type-simple"},"_links":{"self":[{"href":"https:\/\/a-pant.ee\/ru\/wp-json\/wp\/v2\/product\/32555","targetHints":{"allow":["GET"]}}],"collection":[{"href":"https:\/\/a-pant.ee\/ru\/wp-json\/wp\/v2\/product"}],"about":[{"href":"https:\/\/a-pant.ee\/ru\/wp-json\/wp\/v2\/types\/product"}],"replies":[{"embeddable":true,"href":"https:\/\/a-pant.ee\/ru\/wp-json\/wp\/v2\/comments?post=32555"}],"wp:featuredmedia":[{"embeddable":true,"href":"https:\/\/a-pant.ee\/ru\/wp-json\/wp\/v2\/media\/32556"}],"wp:attachment":[{"href":"https:\/\/a-pant.ee\/ru\/wp-json\/wp\/v2\/media?parent=32555"}],"wp:term":[{"taxonomy":"product_brand","embeddable":true,"href":"https:\/\/a-pant.ee\/ru\/wp-json\/wp\/v2\/product_brand?post=32555"},{"taxonomy":"product_cat","embeddable":true,"href":"https:\/\/a-pant.ee\/ru\/wp-json\/wp\/v2\/product_cat?post=32555"},{"taxonomy":"product_tag","embeddable":true,"href":"https:\/\/a-pant.ee\/ru\/wp-json\/wp\/v2\/product_tag?post=32555"}],"curies":[{"name":"wp","href":"https:\/\/api.w.org\/{rel}","templated":true}]}}