{"id":32549,"date":"2026-02-04T14:24:49","date_gmt":"2026-02-04T11:24:49","guid":{"rendered":"https:\/\/a-pant.ee\/product\/akkumulyator-makita-5-0ah\/"},"modified":"2026-02-22T12:16:58","modified_gmt":"2026-02-22T09:16:58","slug":"makita-akkumulyator-50ach","status":"publish","type":"product","link":"https:\/\/a-pant.ee\/ru\/product\/makita-akkumulyator-50ach\/","title":{"rendered":"Makita \u0410\u043a\u043a\u0443\u043c\u0443\u043b\u044f\u0442\u043e\u0440 5,0A\u0427"},"content":{"rendered":"\n<p> Makita Aku 5,0AH, heas seisu- ja t\u00f6\u00f6korras! <\/p><p> KIRJELDUS <\/p><p> Aku t\u00fc\u00fcp:\u00a0liitium-ioon (Li-ion) <br \/> Pinge:\u00a018 V <br \/> Mahutavus:\u00a05,0 Ah <br \/> Energia:\u00a090 Wh <br \/> \u00dchilduvus:\u00a0Makita LXT 18V s\u00fcsteem (sobib enamikule selle seeria t\u00f6\u00f6riistadele) <br \/> Omadused: <\/p><ul><li> kaitse \u00fclekoormuse, \u00fclekuumenemise ja t\u00fchjenemise eest <\/li><li> stabiilne v\u00f5imsuse v\u00e4ljastus koormuse all <\/li><li> pikk kasutusiga <br \/> Laadimisaeg:\u00a0s\u00f5ltub laadijast (umbes 40\u201350 min kiire laadijaga) <br \/> Kaal:\u00a0ligikaudu 600\u2013700 g <\/li><\/ul>\n","protected":false},"excerpt":{"rendered":"<p>Makita Aku 5,0AH, heas seisu- ja t\u00f6\u00f6korras! KIRJELDUS Aku t\u00fc\u00fcp:\u00a0liitium-ioon (Li-ion) Pinge:\u00a018 V Mahutavus:\u00a05,0 Ah Energia:\u00a090 Wh \u00dchilduvus:\u00a0Makita LXT 18V s\u00fcsteem (sobib enamikule selle seeria t\u00f6\u00f6riistadele) Omadused: kaitse \u00fclekoormuse, \u00fclekuumenemise ja t\u00fchjenemise eest stabiilne v\u00f5imsuse v\u00e4ljastus koormuse all pikk kasutusiga Laadimisaeg:\u00a0s\u00f5ltub laadijast (umbes 40\u201350 min kiire laadijaga) Kaal:\u00a0ligikaudu 600\u2013700 g<\/p>\n","protected":false},"featured_media":32550,"comment_status":"closed","ping_status":"closed","template":"","meta":{"inline_featured_image":false},"product_brand":[],"product_cat":[223],"product_tag":[],"class_list":{"0":"post-32549","1":"product","2":"type-product","3":"status-publish","4":"has-post-thumbnail","6":"product_cat-vsyo-dlya-instrumenta","7":"pa_asukoht-mustamae","8":"pa_seisukord-ispolzovano","10":"first","11":"outofstock","12":"taxable","13":"shipping-taxable","14":"purchasable","15":"product-type-simple"},"_links":{"self":[{"href":"https:\/\/a-pant.ee\/ru\/wp-json\/wp\/v2\/product\/32549","targetHints":{"allow":["GET"]}}],"collection":[{"href":"https:\/\/a-pant.ee\/ru\/wp-json\/wp\/v2\/product"}],"about":[{"href":"https:\/\/a-pant.ee\/ru\/wp-json\/wp\/v2\/types\/product"}],"replies":[{"embeddable":true,"href":"https:\/\/a-pant.ee\/ru\/wp-json\/wp\/v2\/comments?post=32549"}],"wp:featuredmedia":[{"embeddable":true,"href":"https:\/\/a-pant.ee\/ru\/wp-json\/wp\/v2\/media\/32550"}],"wp:attachment":[{"href":"https:\/\/a-pant.ee\/ru\/wp-json\/wp\/v2\/media?parent=32549"}],"wp:term":[{"taxonomy":"product_brand","embeddable":true,"href":"https:\/\/a-pant.ee\/ru\/wp-json\/wp\/v2\/product_brand?post=32549"},{"taxonomy":"product_cat","embeddable":true,"href":"https:\/\/a-pant.ee\/ru\/wp-json\/wp\/v2\/product_cat?post=32549"},{"taxonomy":"product_tag","embeddable":true,"href":"https:\/\/a-pant.ee\/ru\/wp-json\/wp\/v2\/product_tag?post=32549"}],"curies":[{"name":"wp","href":"https:\/\/api.w.org\/{rel}","templated":true}]}}