{"id":32534,"date":"2026-02-04T14:24:49","date_gmt":"2026-02-04T11:24:49","guid":{"rendered":"https:\/\/a-pant.ee\/product\/udarnaya-drel-shurupovert-makita-dtd-152-2\/"},"modified":"2026-02-22T12:16:58","modified_gmt":"2026-02-22T09:16:58","slug":"udarnaya-drel-shurupovert-makita-dtd-152-50ach","status":"publish","type":"product","link":"https:\/\/a-pant.ee\/ru\/product\/udarnaya-drel-shurupovert-makita-dtd-152-50ach\/","title":{"rendered":"\u0423\u0434\u0430\u0440\u043d\u0430\u044f \u0434\u0440\u0435\u043b\u044c &#8212; \u0448\u0443\u0440\u0443\u043f\u043e\u0432\u0435\u0440\u0442 Makita DTD 152 + 5,0\u0410\u0447"},"content":{"rendered":"\n<p><strong> Akul\u00f6kktrell Makita DTD 152 + 5,0Ah <\/strong> , \u00a0t\u00f6\u00f6korras! <\/p><p> KIRJELDUS <\/p><ul><li><strong> T\u00f6\u00f6riista t\u00fc\u00fcp <\/strong> : L\u00f6\u00f6kkruvikeeraja (mutterkeeraja). <\/li><li><strong> Mootor <\/strong> : Harjadega mootor. <\/li><li><strong> Maksimaalne p\u00f6\u00f6rdemoment <\/strong> : 165 Nm. <\/li><li><strong> P\u00f6\u00f6rlemiskiirus <\/strong> : 0\u20132900 p\/min. <\/li><li><strong> L\u00f6\u00f6kide sagedus <\/strong> : 0\u20133500 l\u00f6\u00f6ki\/min. <\/li><li><strong> Patroni t\u00fc\u00fcp <\/strong> : Kuuskant (HEX) 1\/4&#8243;. <\/li><li><strong> Toide <\/strong> : 18 V liitiumioonaku (Li-Ion). <\/li><li><strong> Funktsioonid <\/strong> : <ul><li> Kompaktne ja kerge disain. <\/li><li> T\u00f6\u00f6tsooni valgustus. <\/li><li> Kummist k\u00e4epide mugavaks t\u00f6\u00f6tamiseks. <\/li><\/ul><\/li><li><strong> Kaal <\/strong> : 1,5 kg (koos akuga). <\/li><li><strong> Kasutusvaldkonnad <\/strong> : Montaa\u017eit\u00f6\u00f6d, kruvide kinnitamine, kinnitusdetailide t\u00f6\u00f6tlemine. <\/li><\/ul><p> \u00a0 <\/p>\n","protected":false},"excerpt":{"rendered":"<p>Akul\u00f6kktrell Makita DTD 152 + 5,0Ah , \u00a0t\u00f6\u00f6korras! KIRJELDUS T\u00f6\u00f6riista t\u00fc\u00fcp : L\u00f6\u00f6kkruvikeeraja (mutterkeeraja). Mootor : Harjadega mootor. Maksimaalne p\u00f6\u00f6rdemoment : 165 Nm. P\u00f6\u00f6rlemiskiirus : 0\u20132900 p\/min. L\u00f6\u00f6kide sagedus : 0\u20133500 l\u00f6\u00f6ki\/min. Patroni t\u00fc\u00fcp : Kuuskant (HEX) 1\/4&#8243;. Toide : 18 V liitiumioonaku (Li-Ion). Funktsioonid : Kompaktne ja kerge disain. T\u00f6\u00f6tsooni valgustus. Kummist k\u00e4epide mugavaks [&hellip;]<\/p>\n","protected":false},"featured_media":32535,"comment_status":"closed","ping_status":"open","template":"","meta":{"inline_featured_image":false},"product_brand":[],"product_cat":[221],"product_tag":[],"class_list":{"0":"post-32534","1":"product","2":"type-product","3":"status-publish","4":"has-post-thumbnail","6":"product_cat-akkumulyatornye-dreli","7":"pa_asukoht-lasnamae","8":"pa_seisukord-ispolzovano","10":"first","11":"instock","12":"taxable","13":"shipping-taxable","14":"purchasable","15":"product-type-simple"},"_links":{"self":[{"href":"https:\/\/a-pant.ee\/ru\/wp-json\/wp\/v2\/product\/32534","targetHints":{"allow":["GET"]}}],"collection":[{"href":"https:\/\/a-pant.ee\/ru\/wp-json\/wp\/v2\/product"}],"about":[{"href":"https:\/\/a-pant.ee\/ru\/wp-json\/wp\/v2\/types\/product"}],"replies":[{"embeddable":true,"href":"https:\/\/a-pant.ee\/ru\/wp-json\/wp\/v2\/comments?post=32534"}],"wp:featuredmedia":[{"embeddable":true,"href":"https:\/\/a-pant.ee\/ru\/wp-json\/wp\/v2\/media\/32535"}],"wp:attachment":[{"href":"https:\/\/a-pant.ee\/ru\/wp-json\/wp\/v2\/media?parent=32534"}],"wp:term":[{"taxonomy":"product_brand","embeddable":true,"href":"https:\/\/a-pant.ee\/ru\/wp-json\/wp\/v2\/product_brand?post=32534"},{"taxonomy":"product_cat","embeddable":true,"href":"https:\/\/a-pant.ee\/ru\/wp-json\/wp\/v2\/product_cat?post=32534"},{"taxonomy":"product_tag","embeddable":true,"href":"https:\/\/a-pant.ee\/ru\/wp-json\/wp\/v2\/product_tag?post=32534"}],"curies":[{"name":"wp","href":"https:\/\/api.w.org\/{rel}","templated":true}]}}