{"id":32527,"date":"2026-02-04T14:24:49","date_gmt":"2026-02-04T11:24:49","guid":{"rendered":"https:\/\/a-pant.ee\/product\/perforator-hilti-te-2-chemodan\/"},"modified":"2026-02-22T12:16:58","modified_gmt":"2026-02-22T09:16:58","slug":"perforator-hilti-te-2-chemodan","status":"publish","type":"product","link":"https:\/\/a-pant.ee\/ru\/product\/perforator-hilti-te-2-chemodan\/","title":{"rendered":"\u041f\u0435\u0440\u0444\u043e\u0440\u0430\u0442\u043e\u0440 Hilti TE-2 + \u0427\u0435\u043c\u043e\u0434\u0430\u043d"},"content":{"rendered":"\n<p><strong> Puurvasar Hilti TE-2 + Kohver <\/strong> , \u00a0t\u00f6\u00f6korras! <\/p><p> KIRJELDUS <\/p><ul><li><strong> T\u00fc\u00fcp: <\/strong> SDS-Plus puurvasar <\/li><li><strong> Toide: <\/strong> 230 V v\u00f5rk <\/li><li><strong> V\u00f5imsus: <\/strong> umbes 650 W <\/li><li><strong> L\u00f6\u00f6gienergia: <\/strong> umbes 1.8 J <\/li><li><strong> L\u00f6\u00f6gisagedus: <\/strong> kuni 4600 l\u00f6\u00f6ki\/min <\/li><li><strong> P\u00f6\u00f6rlemiskiirus: <\/strong> kuni 1200 p\/min <\/li><li><strong> Puurimisdiameeter betoonis: <\/strong> 4\u201322 mm (optimaalne 4\u201312 mm) <\/li><li><strong> Kaal: <\/strong> umbes 2.7\u20132.9 kg <\/li><\/ul>\n","protected":false},"excerpt":{"rendered":"<p>Puurvasar Hilti TE-2 + Kohver , \u00a0t\u00f6\u00f6korras! KIRJELDUS T\u00fc\u00fcp: SDS-Plus puurvasar Toide: 230 V v\u00f5rk V\u00f5imsus: umbes 650 W L\u00f6\u00f6gienergia: umbes 1.8 J L\u00f6\u00f6gisagedus: kuni 4600 l\u00f6\u00f6ki\/min P\u00f6\u00f6rlemiskiirus: kuni 1200 p\/min Puurimisdiameeter betoonis: 4\u201322 mm (optimaalne 4\u201312 mm) Kaal: umbes 2.7\u20132.9 kg<\/p>\n","protected":false},"featured_media":32528,"comment_status":"closed","ping_status":"open","template":"","meta":{"inline_featured_image":false},"product_brand":[],"product_cat":[239],"product_tag":[],"class_list":{"0":"post-32527","1":"product","2":"type-product","3":"status-publish","4":"has-post-thumbnail","6":"product_cat-perforatory-i-dreli","7":"pa_asukoht-lasnamae","8":"pa_seisukord-ispolzovano","10":"first","11":"instock","12":"taxable","13":"shipping-taxable","14":"purchasable","15":"product-type-simple"},"_links":{"self":[{"href":"https:\/\/a-pant.ee\/ru\/wp-json\/wp\/v2\/product\/32527","targetHints":{"allow":["GET"]}}],"collection":[{"href":"https:\/\/a-pant.ee\/ru\/wp-json\/wp\/v2\/product"}],"about":[{"href":"https:\/\/a-pant.ee\/ru\/wp-json\/wp\/v2\/types\/product"}],"replies":[{"embeddable":true,"href":"https:\/\/a-pant.ee\/ru\/wp-json\/wp\/v2\/comments?post=32527"}],"wp:featuredmedia":[{"embeddable":true,"href":"https:\/\/a-pant.ee\/ru\/wp-json\/wp\/v2\/media\/32528"}],"wp:attachment":[{"href":"https:\/\/a-pant.ee\/ru\/wp-json\/wp\/v2\/media?parent=32527"}],"wp:term":[{"taxonomy":"product_brand","embeddable":true,"href":"https:\/\/a-pant.ee\/ru\/wp-json\/wp\/v2\/product_brand?post=32527"},{"taxonomy":"product_cat","embeddable":true,"href":"https:\/\/a-pant.ee\/ru\/wp-json\/wp\/v2\/product_cat?post=32527"},{"taxonomy":"product_tag","embeddable":true,"href":"https:\/\/a-pant.ee\/ru\/wp-json\/wp\/v2\/product_tag?post=32527"}],"curies":[{"name":"wp","href":"https:\/\/api.w.org\/{rel}","templated":true}]}}