{"id":32521,"date":"2026-02-04T14:24:49","date_gmt":"2026-02-04T11:24:49","guid":{"rendered":"https:\/\/a-pant.ee\/product\/gaikovert-bosch-gdx-18v-180\/"},"modified":"2026-02-22T12:16:58","modified_gmt":"2026-02-22T09:16:58","slug":"gajkovyort-bosch-gdx-18v-180","status":"publish","type":"product","link":"https:\/\/a-pant.ee\/ru\/product\/gajkovyort-bosch-gdx-18v-180\/","title":{"rendered":"\u0413\u0430\u0439\u043a\u043e\u0432\u0451\u0440\u0442 Bosch GDX 18V-180"},"content":{"rendered":"\n<p> L\u00f6\u00f6kmutrikeeraja Bosch GDX 18V-180, heas seisu- ja t\u00f6\u00f6korras! <\/p><p> KIRJENDUS <\/p><p> L\u00f6\u00f6kfunktsioon Jah <br \/> Aku t\u00fc\u00fcp Li-ion <br \/> Aku pinge, V 18 <br \/> Padrun, mm 13 <\/p>\n","protected":false},"excerpt":{"rendered":"<p>L\u00f6\u00f6kmutrikeeraja Bosch GDX 18V-180, heas seisu- ja t\u00f6\u00f6korras! KIRJENDUS L\u00f6\u00f6kfunktsioon Jah Aku t\u00fc\u00fcp Li-ion Aku pinge, V 18 Padrun, mm 13<\/p>\n","protected":false},"featured_media":32522,"comment_status":"closed","ping_status":"open","template":"","meta":{"inline_featured_image":false},"product_brand":[],"product_cat":[221],"product_tag":[],"class_list":{"0":"post-32521","1":"product","2":"type-product","3":"status-publish","4":"has-post-thumbnail","6":"product_cat-akkumulyatornye-dreli","7":"pa_asukoht-mustamae","8":"pa_seisukord-ispolzovano","10":"first","11":"instock","12":"taxable","13":"shipping-taxable","14":"purchasable","15":"product-type-simple"},"_links":{"self":[{"href":"https:\/\/a-pant.ee\/ru\/wp-json\/wp\/v2\/product\/32521","targetHints":{"allow":["GET"]}}],"collection":[{"href":"https:\/\/a-pant.ee\/ru\/wp-json\/wp\/v2\/product"}],"about":[{"href":"https:\/\/a-pant.ee\/ru\/wp-json\/wp\/v2\/types\/product"}],"replies":[{"embeddable":true,"href":"https:\/\/a-pant.ee\/ru\/wp-json\/wp\/v2\/comments?post=32521"}],"wp:featuredmedia":[{"embeddable":true,"href":"https:\/\/a-pant.ee\/ru\/wp-json\/wp\/v2\/media\/32522"}],"wp:attachment":[{"href":"https:\/\/a-pant.ee\/ru\/wp-json\/wp\/v2\/media?parent=32521"}],"wp:term":[{"taxonomy":"product_brand","embeddable":true,"href":"https:\/\/a-pant.ee\/ru\/wp-json\/wp\/v2\/product_brand?post=32521"},{"taxonomy":"product_cat","embeddable":true,"href":"https:\/\/a-pant.ee\/ru\/wp-json\/wp\/v2\/product_cat?post=32521"},{"taxonomy":"product_tag","embeddable":true,"href":"https:\/\/a-pant.ee\/ru\/wp-json\/wp\/v2\/product_tag?post=32521"}],"curies":[{"name":"wp","href":"https:\/\/api.w.org\/{rel}","templated":true}]}}