{"id":32513,"date":"2026-02-04T14:24:49","date_gmt":"2026-02-04T11:24:49","guid":{"rendered":"https:\/\/a-pant.ee\/product\/marker-m17-paintball-valken\/"},"modified":"2026-02-22T12:16:58","modified_gmt":"2026-02-22T09:16:58","slug":"marker-dlya-pejntbola-m17-mag-fed-paintball-marker-valken","status":"publish","type":"product","link":"https:\/\/a-pant.ee\/ru\/product\/marker-dlya-pejntbola-m17-mag-fed-paintball-marker-valken\/","title":{"rendered":"\u041c\u0430\u0440\u043a\u0435\u0440 \u0434\u043b\u044f \u043f\u0435\u0439\u043d\u0442\u0431\u043e\u043b\u0430 M17 Mag-fed Paintball Marker (Valken)"},"content":{"rendered":"\n<p><strong> Paintball M17 Mag-fed Paintball Marker (Valken) <\/strong> ,\u00a0 <\/p><p> KIRJELDUS <\/p><p> Kvaliteetsest tugevdatud pol\u00fcmeerist <\/p><ul><li> Pol\u00fcmeerist, vahetatav AR-15 t\u00fc\u00fcpi p\u00fcstolk\u00e4epide <\/li><li> Flip-up t\u00fc\u00fcpi sihikud <\/li><li> Sihiku ja lisaseadmete kinnitamise v\u00f5imalused (22mm RIS) <\/li><li> Kahepoolne salvevabastus <\/li><li> Vahetatav, keermestatud toru (A5) <\/li><li> Kaba 13ci ballooni jaoks <\/li><li> Relvarihma kinnitus <\/li><\/ul><p> Marker on mehaaniline, mis t\u00e4hendab et laskmiseks ei ole vaja \u00fchtegi akut \u2013 toimib suru\u00f5hu ballooni (HPA) toimel (balloon ei kuulu komplekti) <br \/> Komplekti kuulub 18rd salv <\/p>\n","protected":false},"excerpt":{"rendered":"<p>Paintball M17 Mag-fed Paintball Marker (Valken) ,\u00a0 KIRJELDUS Kvaliteetsest tugevdatud pol\u00fcmeerist Pol\u00fcmeerist, vahetatav AR-15 t\u00fc\u00fcpi p\u00fcstolk\u00e4epide Flip-up t\u00fc\u00fcpi sihikud Sihiku ja lisaseadmete kinnitamise v\u00f5imalused (22mm RIS) Kahepoolne salvevabastus Vahetatav, keermestatud toru (A5) Kaba 13ci ballooni jaoks Relvarihma kinnitus Marker on mehaaniline, mis t\u00e4hendab et laskmiseks ei ole vaja \u00fchtegi akut \u2013 toimib suru\u00f5hu ballooni (HPA) [&hellip;]<\/p>\n","protected":false},"featured_media":32514,"comment_status":"closed","ping_status":"open","template":"","meta":{"inline_featured_image":false},"product_brand":[],"product_cat":[214],"product_tag":[],"class_list":{"0":"post-32513","1":"product","2":"type-product","3":"status-publish","4":"has-post-thumbnail","6":"product_cat-aktivnyj-otdyh","7":"pa_asukoht-lasnamae","8":"pa_seisukord-ispolzovano","10":"first","11":"instock","12":"taxable","13":"shipping-taxable","14":"purchasable","15":"product-type-simple"},"_links":{"self":[{"href":"https:\/\/a-pant.ee\/ru\/wp-json\/wp\/v2\/product\/32513","targetHints":{"allow":["GET"]}}],"collection":[{"href":"https:\/\/a-pant.ee\/ru\/wp-json\/wp\/v2\/product"}],"about":[{"href":"https:\/\/a-pant.ee\/ru\/wp-json\/wp\/v2\/types\/product"}],"replies":[{"embeddable":true,"href":"https:\/\/a-pant.ee\/ru\/wp-json\/wp\/v2\/comments?post=32513"}],"wp:featuredmedia":[{"embeddable":true,"href":"https:\/\/a-pant.ee\/ru\/wp-json\/wp\/v2\/media\/32514"}],"wp:attachment":[{"href":"https:\/\/a-pant.ee\/ru\/wp-json\/wp\/v2\/media?parent=32513"}],"wp:term":[{"taxonomy":"product_brand","embeddable":true,"href":"https:\/\/a-pant.ee\/ru\/wp-json\/wp\/v2\/product_brand?post=32513"},{"taxonomy":"product_cat","embeddable":true,"href":"https:\/\/a-pant.ee\/ru\/wp-json\/wp\/v2\/product_cat?post=32513"},{"taxonomy":"product_tag","embeddable":true,"href":"https:\/\/a-pant.ee\/ru\/wp-json\/wp\/v2\/product_tag?post=32513"}],"curies":[{"name":"wp","href":"https:\/\/api.w.org\/{rel}","templated":true}]}}