{"id":32494,"date":"2026-02-04T14:24:49","date_gmt":"2026-02-04T11:24:49","guid":{"rendered":"https:\/\/a-pant.ee\/product\/akkumulyatornaya-dr-el-makita-bhp-456-3ah\/"},"modified":"2026-02-22T12:16:57","modified_gmt":"2026-02-22T09:16:57","slug":"akkumulyatornaya-udarnaya-drel-shurupovert-makita-bhp-456-3ah","status":"publish","type":"product","link":"https:\/\/a-pant.ee\/ru\/product\/akkumulyatornaya-udarnaya-drel-shurupovert-makita-bhp-456-3ah\/","title":{"rendered":"\u0410\u043a\u043a\u0443\u043c\u0443\u043b\u044f\u0442\u043e\u0440\u043d\u0430\u044f \u0443\u0434\u0430\u0440\u043d\u0430\u044f \u0434\u0440\u0435\u043b\u044c-\u0448\u0443\u0440\u0443\u043f\u043e\u0432\u0435\u0440\u0442 Makita BHP 456+ 3ah"},"content":{"rendered":"\n<p> Akutrell Makita BHP 456 + 3ah\u00a0, heas seisu- ja t\u00f6\u00f6korras! <\/p><p> KIRJELDUS <\/p><ul><li> Tootja:\u00a0Makita <\/li><li> P\u00f6\u00f6rdemoment (pehme):\u00a036 Nm <\/li><li> P\u00f6\u00f6rdemoment (k\u00f5va):\u00a050 Nm <\/li><li> Maks. puurimisl\u00e4bim\u00f5\u00f5t (metall):\u00a013 mm <\/li><li> Maks. puurimisl\u00e4bim\u00f5\u00f5t (puit):\u00a065 mm <\/li><li> P\u00f6\u00f6rded:\u00a00\u2013400 \/ 0\u20131500 p\/min <\/li><li> K\u00e4ike:\u00a02 <\/li><li> L\u00f6\u00f6gifunktsioon:\u00a0Jah <\/li><li> L\u00f6\u00f6gi t\u00fc\u00fcp:\u00a0Aksiaalne (l\u00f6\u00f6k-trell) <\/li><li> L\u00f6\u00f6kide arv:\u00a00\u20136000 \/ 0\u201325500 l\u00f6\u00f6k\/min <\/li><li> Aku pinge:\u00a018 V <\/li><li> Aku maht:\u00a03 Ah <\/li><li> Aku t\u00fc\u00fcp:\u00a0Makita BL18xx <\/li><\/ul>\n","protected":false},"excerpt":{"rendered":"<p>Akutrell Makita BHP 456 + 3ah\u00a0, heas seisu- ja t\u00f6\u00f6korras! KIRJELDUS Tootja:\u00a0Makita P\u00f6\u00f6rdemoment (pehme):\u00a036 Nm P\u00f6\u00f6rdemoment (k\u00f5va):\u00a050 Nm Maks. puurimisl\u00e4bim\u00f5\u00f5t (metall):\u00a013 mm Maks. puurimisl\u00e4bim\u00f5\u00f5t (puit):\u00a065 mm P\u00f6\u00f6rded:\u00a00\u2013400 \/ 0\u20131500 p\/min K\u00e4ike:\u00a02 L\u00f6\u00f6gifunktsioon:\u00a0Jah L\u00f6\u00f6gi t\u00fc\u00fcp:\u00a0Aksiaalne (l\u00f6\u00f6k-trell) L\u00f6\u00f6kide arv:\u00a00\u20136000 \/ 0\u201325500 l\u00f6\u00f6k\/min Aku pinge:\u00a018 V Aku maht:\u00a03 Ah Aku t\u00fc\u00fcp:\u00a0Makita BL18xx<\/p>\n","protected":false},"featured_media":32495,"comment_status":"closed","ping_status":"open","template":"","meta":{"inline_featured_image":false},"product_brand":[],"product_cat":[221],"product_tag":[],"class_list":{"0":"post-32494","1":"product","2":"type-product","3":"status-publish","4":"has-post-thumbnail","6":"product_cat-akkumulyatornye-dreli","7":"pa_asukoht-mustamae","8":"pa_seisukord-ispolzovano","10":"first","11":"instock","12":"taxable","13":"shipping-taxable","14":"purchasable","15":"product-type-simple"},"_links":{"self":[{"href":"https:\/\/a-pant.ee\/ru\/wp-json\/wp\/v2\/product\/32494","targetHints":{"allow":["GET"]}}],"collection":[{"href":"https:\/\/a-pant.ee\/ru\/wp-json\/wp\/v2\/product"}],"about":[{"href":"https:\/\/a-pant.ee\/ru\/wp-json\/wp\/v2\/types\/product"}],"replies":[{"embeddable":true,"href":"https:\/\/a-pant.ee\/ru\/wp-json\/wp\/v2\/comments?post=32494"}],"wp:featuredmedia":[{"embeddable":true,"href":"https:\/\/a-pant.ee\/ru\/wp-json\/wp\/v2\/media\/32495"}],"wp:attachment":[{"href":"https:\/\/a-pant.ee\/ru\/wp-json\/wp\/v2\/media?parent=32494"}],"wp:term":[{"taxonomy":"product_brand","embeddable":true,"href":"https:\/\/a-pant.ee\/ru\/wp-json\/wp\/v2\/product_brand?post=32494"},{"taxonomy":"product_cat","embeddable":true,"href":"https:\/\/a-pant.ee\/ru\/wp-json\/wp\/v2\/product_cat?post=32494"},{"taxonomy":"product_tag","embeddable":true,"href":"https:\/\/a-pant.ee\/ru\/wp-json\/wp\/v2\/product_tag?post=32494"}],"curies":[{"name":"wp","href":"https:\/\/api.w.org\/{rel}","templated":true}]}}