{"id":32488,"date":"2026-02-04T14:24:49","date_gmt":"2026-02-04T11:24:49","guid":{"rendered":"https:\/\/a-pant.ee\/product\/mobilnyj-telefon-huawei-y6-2017-mya-l41\/"},"modified":"2026-02-22T12:16:57","modified_gmt":"2026-02-22T09:16:57","slug":"mobilnyj-telefon-huawei-y6-2017-mya-l41","status":"publish","type":"product","link":"https:\/\/a-pant.ee\/ru\/product\/mobilnyj-telefon-huawei-y6-2017-mya-l41\/","title":{"rendered":"\u041c\u043e\u0431\u0438\u043b\u044c\u043d\u044b\u0439 \u0442\u0435\u043b\u0435\u0444\u043e\u043d Huawei Y6 (2017) MYA-L41"},"content":{"rendered":"\n<p> Mobiiltelefon Huawei Y6 (2017) MYA-L41\u00a0, heas seisu- ja t\u00f6\u00f6korras! <\/p><p> KIRJELDUS <\/p><p> Huawei Y6 2017 suur ekraan (6,09 tolli) sobib videode vaatamiseks sama h\u00e4sti kui p\u00e4ike P\u00e4rnu randa. Telefoni veab \u00f5htusse 3020 mAh mahutavusega aku ja sujuva kasutajakogemuse eest hoolitseb moodne Android 9. <\/p>\n","protected":false},"excerpt":{"rendered":"<p>Mobiiltelefon Huawei Y6 (2017) MYA-L41\u00a0, heas seisu- ja t\u00f6\u00f6korras! KIRJELDUS Huawei Y6 2017 suur ekraan (6,09 tolli) sobib videode vaatamiseks sama h\u00e4sti kui p\u00e4ike P\u00e4rnu randa. Telefoni veab \u00f5htusse 3020 mAh mahutavusega aku ja sujuva kasutajakogemuse eest hoolitseb moodne Android 9.<\/p>\n","protected":false},"featured_media":32489,"comment_status":"closed","ping_status":"open","template":"","meta":{"inline_featured_image":false},"product_brand":[],"product_cat":[171],"product_tag":[],"class_list":{"0":"post-32488","1":"product","2":"type-product","3":"status-publish","4":"has-post-thumbnail","6":"product_cat-mobilnye-telefony","7":"pa_asukoht-lasnamae","8":"pa_seisukord-ispolzovano","10":"first","11":"instock","12":"taxable","13":"shipping-taxable","14":"purchasable","15":"product-type-simple"},"_links":{"self":[{"href":"https:\/\/a-pant.ee\/ru\/wp-json\/wp\/v2\/product\/32488","targetHints":{"allow":["GET"]}}],"collection":[{"href":"https:\/\/a-pant.ee\/ru\/wp-json\/wp\/v2\/product"}],"about":[{"href":"https:\/\/a-pant.ee\/ru\/wp-json\/wp\/v2\/types\/product"}],"replies":[{"embeddable":true,"href":"https:\/\/a-pant.ee\/ru\/wp-json\/wp\/v2\/comments?post=32488"}],"wp:featuredmedia":[{"embeddable":true,"href":"https:\/\/a-pant.ee\/ru\/wp-json\/wp\/v2\/media\/32489"}],"wp:attachment":[{"href":"https:\/\/a-pant.ee\/ru\/wp-json\/wp\/v2\/media?parent=32488"}],"wp:term":[{"taxonomy":"product_brand","embeddable":true,"href":"https:\/\/a-pant.ee\/ru\/wp-json\/wp\/v2\/product_brand?post=32488"},{"taxonomy":"product_cat","embeddable":true,"href":"https:\/\/a-pant.ee\/ru\/wp-json\/wp\/v2\/product_cat?post=32488"},{"taxonomy":"product_tag","embeddable":true,"href":"https:\/\/a-pant.ee\/ru\/wp-json\/wp\/v2\/product_tag?post=32488"}],"curies":[{"name":"wp","href":"https:\/\/api.w.org\/{rel}","templated":true}]}}