{"id":32475,"date":"2026-02-04T14:20:59","date_gmt":"2026-02-04T11:20:59","guid":{"rendered":"https:\/\/a-pant.ee\/product\/noutbuk-hp-pavilion-g7-zaryadka\/"},"modified":"2026-02-22T12:17:03","modified_gmt":"2026-02-22T09:17:03","slug":"noutbuk-hp-pavilion-g7-zaryadka-ak-ne-rabotaet","status":"publish","type":"product","link":"https:\/\/a-pant.ee\/ru\/product\/noutbuk-hp-pavilion-g7-zaryadka-ak-ne-rabotaet\/","title":{"rendered":"\u041d\u043e\u0443\u0442\u0431\u0443\u043a HP Pavilion G7 + \u0437\u0430\u0440\u044f\u0434\u043a\u0430 (\u0430\u043a.\u043d\u0435 \u0440\u0430\u0431\u043e\u0442\u0430\u0435\u0442)"},"content":{"rendered":"\n<p> S\u00fclearvuti HP Pavilion G7 + laadija (aku ei t\u00f6\u00f6ta)\u00a0, heas seisu- ja t\u00f6\u00f6korras! <\/p><p> KIRJELDUS <\/p><p> Protsessor:\u00a0AMD E2-3000M APU with Radeon (TM) HD Graphics@ 1,80Ghz (2 CPUs) <\/p><p> Operatiiv m\u00e4lu:\u00a04,0GB (4096 MB) <\/p><p> Videokaart:\u00a0AMD Radeon HD 6380G (2035MB) <\/p><p> K\u00f5vakettas:\u00a0WDC WD6400BPVT-60HXZT3 600Gb <\/p><p> Windows: 10 Pro 64 bit <\/p>\n","protected":false},"excerpt":{"rendered":"<p>S\u00fclearvuti HP Pavilion G7 + laadija (aku ei t\u00f6\u00f6ta)\u00a0, heas seisu- ja t\u00f6\u00f6korras! KIRJELDUS Protsessor:\u00a0AMD E2-3000M APU with Radeon (TM) HD Graphics@ 1,80Ghz (2 CPUs) Operatiiv m\u00e4lu:\u00a04,0GB (4096 MB) Videokaart:\u00a0AMD Radeon HD 6380G (2035MB) K\u00f5vakettas:\u00a0WDC WD6400BPVT-60HXZT3 600Gb Windows: 10 Pro 64 bit<\/p>\n","protected":false},"featured_media":32476,"comment_status":"closed","ping_status":"open","template":"","meta":{"inline_featured_image":false},"product_brand":[],"product_cat":[179],"product_tag":[],"class_list":{"0":"post-32475","1":"product","2":"type-product","3":"status-publish","4":"has-post-thumbnail","6":"product_cat-noutbuki","7":"pa_asukoht-lasnamae","8":"pa_seisukord-ispolzovano","10":"first","11":"instock","12":"taxable","13":"shipping-taxable","14":"purchasable","15":"product-type-simple"},"_links":{"self":[{"href":"https:\/\/a-pant.ee\/ru\/wp-json\/wp\/v2\/product\/32475","targetHints":{"allow":["GET"]}}],"collection":[{"href":"https:\/\/a-pant.ee\/ru\/wp-json\/wp\/v2\/product"}],"about":[{"href":"https:\/\/a-pant.ee\/ru\/wp-json\/wp\/v2\/types\/product"}],"replies":[{"embeddable":true,"href":"https:\/\/a-pant.ee\/ru\/wp-json\/wp\/v2\/comments?post=32475"}],"wp:featuredmedia":[{"embeddable":true,"href":"https:\/\/a-pant.ee\/ru\/wp-json\/wp\/v2\/media\/32476"}],"wp:attachment":[{"href":"https:\/\/a-pant.ee\/ru\/wp-json\/wp\/v2\/media?parent=32475"}],"wp:term":[{"taxonomy":"product_brand","embeddable":true,"href":"https:\/\/a-pant.ee\/ru\/wp-json\/wp\/v2\/product_brand?post=32475"},{"taxonomy":"product_cat","embeddable":true,"href":"https:\/\/a-pant.ee\/ru\/wp-json\/wp\/v2\/product_cat?post=32475"},{"taxonomy":"product_tag","embeddable":true,"href":"https:\/\/a-pant.ee\/ru\/wp-json\/wp\/v2\/product_tag?post=32475"}],"curies":[{"name":"wp","href":"https:\/\/api.w.org\/{rel}","templated":true}]}}