{"id":32469,"date":"2026-02-04T14:20:59","date_gmt":"2026-02-04T11:20:59","guid":{"rendered":"https:\/\/a-pant.ee\/product\/naushniki-jbl-tune-beam\/"},"modified":"2026-02-22T12:17:03","modified_gmt":"2026-02-22T09:17:03","slug":"naushniki-jbl-tune-beam","status":"publish","type":"product","link":"https:\/\/a-pant.ee\/ru\/product\/naushniki-jbl-tune-beam\/","title":{"rendered":"\u041d\u0430\u0443\u0448\u043d\u0438\u043a\u0438 JBL Tune Beam"},"content":{"rendered":"\n<p> K\u00f5rvaklappid JBL Tune Beam, heas seisu- ja t\u00f6\u00f6korras! <\/p><p> KIRJELDUS <\/p><ul><li> Pinge: 18 V <\/li><li> Kinnitus: SDS\u2011PLUS <\/li><li> T\u00f6\u00f6moodid: puurimine, l\u00f6\u00f6gipuurimine, meislit\u00f6\u00f6 (3 re\u017eiimi) <\/li><li> Maksimaalsed puurimisl\u00e4bim\u00f5\u00f5dud: <ul><li> betoon\/kivi: kuni 20 mm <\/li><li> puit: kuni 26 mm <\/li><li> metall: kuni 13 mm <\/li><\/ul><\/li><li> L\u00f6\u00f6kide sagedus: kuni 4000 l\u00f6\u00f6ki\/min <\/li><li> P\u00f6\u00f6rlemiskiirus t\u00fchik\u00e4igul: 0\u20131100 p\/min <\/li><li> L\u00f6\u00f6gienergia: umbes 2,0 J <\/li><li> Kaal (akuga): umbes 3,2\u20134,0 kg <\/li><li> Omadused: re\u00acvers, elektrooniline pidur, t\u00f6\u00f6ala valgustus, ergonoomiline pehme k\u00e4epide, kiire tarvikute vahetus <\/li><\/ul>\n","protected":false},"excerpt":{"rendered":"<p>K\u00f5rvaklappid JBL Tune Beam, heas seisu- ja t\u00f6\u00f6korras! KIRJELDUS Pinge: 18 V Kinnitus: SDS\u2011PLUS T\u00f6\u00f6moodid: puurimine, l\u00f6\u00f6gipuurimine, meislit\u00f6\u00f6 (3 re\u017eiimi) Maksimaalsed puurimisl\u00e4bim\u00f5\u00f5dud: betoon\/kivi: kuni 20 mm puit: kuni 26 mm metall: kuni 13 mm L\u00f6\u00f6kide sagedus: kuni 4000 l\u00f6\u00f6ki\/min P\u00f6\u00f6rlemiskiirus t\u00fchik\u00e4igul: 0\u20131100 p\/min L\u00f6\u00f6gienergia: umbes 2,0 J Kaal (akuga): umbes 3,2\u20134,0 kg Omadused: re\u00acvers, elektrooniline [&hellip;]<\/p>\n","protected":false},"featured_media":32470,"comment_status":"closed","ping_status":"closed","template":"","meta":{"inline_featured_image":false},"product_brand":[],"product_cat":[168],"product_tag":[],"class_list":{"0":"post-32469","1":"product","2":"type-product","3":"status-publish","4":"has-post-thumbnail","6":"product_cat-naushniki","7":"pa_asukoht-mustamae","8":"pa_seisukord-ispolzovano","10":"first","11":"outofstock","12":"taxable","13":"shipping-taxable","14":"purchasable","15":"product-type-simple"},"_links":{"self":[{"href":"https:\/\/a-pant.ee\/ru\/wp-json\/wp\/v2\/product\/32469","targetHints":{"allow":["GET"]}}],"collection":[{"href":"https:\/\/a-pant.ee\/ru\/wp-json\/wp\/v2\/product"}],"about":[{"href":"https:\/\/a-pant.ee\/ru\/wp-json\/wp\/v2\/types\/product"}],"replies":[{"embeddable":true,"href":"https:\/\/a-pant.ee\/ru\/wp-json\/wp\/v2\/comments?post=32469"}],"wp:featuredmedia":[{"embeddable":true,"href":"https:\/\/a-pant.ee\/ru\/wp-json\/wp\/v2\/media\/32470"}],"wp:attachment":[{"href":"https:\/\/a-pant.ee\/ru\/wp-json\/wp\/v2\/media?parent=32469"}],"wp:term":[{"taxonomy":"product_brand","embeddable":true,"href":"https:\/\/a-pant.ee\/ru\/wp-json\/wp\/v2\/product_brand?post=32469"},{"taxonomy":"product_cat","embeddable":true,"href":"https:\/\/a-pant.ee\/ru\/wp-json\/wp\/v2\/product_cat?post=32469"},{"taxonomy":"product_tag","embeddable":true,"href":"https:\/\/a-pant.ee\/ru\/wp-json\/wp\/v2\/product_tag?post=32469"}],"curies":[{"name":"wp","href":"https:\/\/api.w.org\/{rel}","templated":true}]}}