{"id":32463,"date":"2026-02-04T14:20:59","date_gmt":"2026-02-04T11:20:59","guid":{"rendered":"https:\/\/a-pant.ee\/product\/mobilnyj-telefon-huawei-p8-ale-l21\/"},"modified":"2026-02-22T12:17:03","modified_gmt":"2026-02-22T09:17:03","slug":"mobilnyj-telefon-huawei-p8-ale-l21","status":"publish","type":"product","link":"https:\/\/a-pant.ee\/ru\/product\/mobilnyj-telefon-huawei-p8-ale-l21\/","title":{"rendered":"\u041c\u043e\u0431\u0438\u043b\u044c\u043d\u044b\u0439 \u0442\u0435\u043b\u0435\u0444\u043e\u043d Huawei P8 ALE-L21"},"content":{"rendered":"\n<p> Mobiiltelefon Huawei P8 ALE-L21\u00a0, heas seisu- ja t\u00f6\u00f6korras! <\/p><p> KIRJELDUS <\/p><p> 5-tollise IPS ekraaniga Huawei P8 Lite Dual SIM mobiiltelefon, millel on 720p ekraan, kaheksatuumaline protsessor, 16 GB sisemist m\u00e4lu, 2 GB p\u00f5him\u00e4lu, kiire 4G LTE mobiilne andmeside, GPS ja WiFi. 13 Mpix tagumise ja 5 Mpix esimese kaameraga pildistad k\u00f5ik meeldej\u00e4\u00e4vad hetked v\u00f5i j\u00e4\u00e4dvustad Full HD kvaliteediga videoid. <\/p>\n","protected":false},"excerpt":{"rendered":"<p>Mobiiltelefon Huawei P8 ALE-L21\u00a0, heas seisu- ja t\u00f6\u00f6korras! KIRJELDUS 5-tollise IPS ekraaniga Huawei P8 Lite Dual SIM mobiiltelefon, millel on 720p ekraan, kaheksatuumaline protsessor, 16 GB sisemist m\u00e4lu, 2 GB p\u00f5him\u00e4lu, kiire 4G LTE mobiilne andmeside, GPS ja WiFi. 13 Mpix tagumise ja 5 Mpix esimese kaameraga pildistad k\u00f5ik meeldej\u00e4\u00e4vad hetked v\u00f5i j\u00e4\u00e4dvustad Full HD [&hellip;]<\/p>\n","protected":false},"featured_media":32464,"comment_status":"closed","ping_status":"open","template":"","meta":{"inline_featured_image":false},"product_brand":[],"product_cat":[171],"product_tag":[],"class_list":{"0":"post-32463","1":"product","2":"type-product","3":"status-publish","4":"has-post-thumbnail","6":"product_cat-mobilnye-telefony","7":"pa_asukoht-lasnamae","8":"pa_seisukord-ispolzovano","10":"first","11":"outofstock","12":"taxable","13":"shipping-taxable","14":"purchasable","15":"product-type-simple"},"_links":{"self":[{"href":"https:\/\/a-pant.ee\/ru\/wp-json\/wp\/v2\/product\/32463","targetHints":{"allow":["GET"]}}],"collection":[{"href":"https:\/\/a-pant.ee\/ru\/wp-json\/wp\/v2\/product"}],"about":[{"href":"https:\/\/a-pant.ee\/ru\/wp-json\/wp\/v2\/types\/product"}],"replies":[{"embeddable":true,"href":"https:\/\/a-pant.ee\/ru\/wp-json\/wp\/v2\/comments?post=32463"}],"wp:featuredmedia":[{"embeddable":true,"href":"https:\/\/a-pant.ee\/ru\/wp-json\/wp\/v2\/media\/32464"}],"wp:attachment":[{"href":"https:\/\/a-pant.ee\/ru\/wp-json\/wp\/v2\/media?parent=32463"}],"wp:term":[{"taxonomy":"product_brand","embeddable":true,"href":"https:\/\/a-pant.ee\/ru\/wp-json\/wp\/v2\/product_brand?post=32463"},{"taxonomy":"product_cat","embeddable":true,"href":"https:\/\/a-pant.ee\/ru\/wp-json\/wp\/v2\/product_cat?post=32463"},{"taxonomy":"product_tag","embeddable":true,"href":"https:\/\/a-pant.ee\/ru\/wp-json\/wp\/v2\/product_tag?post=32463"}],"curies":[{"name":"wp","href":"https:\/\/api.w.org\/{rel}","templated":true}]}}