{"id":32457,"date":"2026-02-04T14:20:59","date_gmt":"2026-02-04T11:20:59","guid":{"rendered":"https:\/\/a-pant.ee\/product\/perforator-bosch-pbh-2100\/"},"modified":"2026-02-22T12:17:02","modified_gmt":"2026-02-22T09:17:02","slug":"perforator-bosch-pbh-2100","status":"publish","type":"product","link":"https:\/\/a-pant.ee\/ru\/product\/perforator-bosch-pbh-2100\/","title":{"rendered":"\u041f\u0435\u0440\u0444\u043e\u0440\u0430\u0442\u043e\u0440 Bosch PBH 2100"},"content":{"rendered":"\n<p> Puurvasar Bosch PBH 2100\u00a0, heas seisu- ja t\u00f6\u00f6korras! <\/p><p> KIRJELDUS <\/p><ul><li> Toide: v\u00f5rgu \u2013 230 V <\/li><li> V\u00f5imsus: 550 W <\/li><li> L\u00f6\u00f6gienergia: 1.7 J <\/li><li> L\u00f6\u00f6kide sagedus: kuni 5800 l\u00f6\u00f6ki\/min <\/li><li> P\u00f6\u00f6rlemiskiirus t\u00fchik\u00e4igul: kuni 2400 p\/min <\/li><li> Maksimaalsed puurimisdia\u2011meetrid: <ul><li> betoon: kuni 20 mm <\/li><li> puit: kuni 30 mm <\/li><li> metall: kuni 13 mm <\/li><\/ul><\/li><li> Padrunit\u00fc\u00fcp: SDS\u2011Plus (burdele kiire ja v\u00f5ti\u00advaba vahetamine) <\/li><li> T\u00f6\u00f6moodid: puurimine, l\u00f6\u00f6gipuurimine, kobestamine (meislit\u00f6\u00f6) <\/li><li> Meislifunktsioon koos nurga reguleerimise v\u00f5imalusega \u2014 mugav t\u00f6\u00f6kalle eri \u00fclesannete jaoks <\/li><li> Revers (edasi \/ tagasi): olemas <\/li><li> Kaal: ca 2,2 kg \u2014 piisavalt kerge sagedaseks k\u00e4sit\u00f6\u00f6ks v\u00f5i t\u00f6\u00f6ks \u00fcle pea <\/li><\/ul>\n","protected":false},"excerpt":{"rendered":"<p>Puurvasar Bosch PBH 2100\u00a0, heas seisu- ja t\u00f6\u00f6korras! KIRJELDUS Toide: v\u00f5rgu \u2013 230 V V\u00f5imsus: 550 W L\u00f6\u00f6gienergia: 1.7 J L\u00f6\u00f6kide sagedus: kuni 5800 l\u00f6\u00f6ki\/min P\u00f6\u00f6rlemiskiirus t\u00fchik\u00e4igul: kuni 2400 p\/min Maksimaalsed puurimisdia\u2011meetrid: betoon: kuni 20 mm puit: kuni 30 mm metall: kuni 13 mm Padrunit\u00fc\u00fcp: SDS\u2011Plus (burdele kiire ja v\u00f5ti\u00advaba vahetamine) T\u00f6\u00f6moodid: puurimine, l\u00f6\u00f6gipuurimine, kobestamine [&hellip;]<\/p>\n","protected":false},"featured_media":32458,"comment_status":"closed","ping_status":"open","template":"","meta":{"inline_featured_image":false},"product_brand":[],"product_cat":[239],"product_tag":[],"class_list":{"0":"post-32457","1":"product","2":"type-product","3":"status-publish","4":"has-post-thumbnail","6":"product_cat-perforatory-i-dreli","7":"pa_asukoht-mustamae","8":"pa_seisukord-ispolzovano","10":"first","11":"instock","12":"taxable","13":"shipping-taxable","14":"purchasable","15":"product-type-simple"},"_links":{"self":[{"href":"https:\/\/a-pant.ee\/ru\/wp-json\/wp\/v2\/product\/32457","targetHints":{"allow":["GET"]}}],"collection":[{"href":"https:\/\/a-pant.ee\/ru\/wp-json\/wp\/v2\/product"}],"about":[{"href":"https:\/\/a-pant.ee\/ru\/wp-json\/wp\/v2\/types\/product"}],"replies":[{"embeddable":true,"href":"https:\/\/a-pant.ee\/ru\/wp-json\/wp\/v2\/comments?post=32457"}],"wp:featuredmedia":[{"embeddable":true,"href":"https:\/\/a-pant.ee\/ru\/wp-json\/wp\/v2\/media\/32458"}],"wp:attachment":[{"href":"https:\/\/a-pant.ee\/ru\/wp-json\/wp\/v2\/media?parent=32457"}],"wp:term":[{"taxonomy":"product_brand","embeddable":true,"href":"https:\/\/a-pant.ee\/ru\/wp-json\/wp\/v2\/product_brand?post=32457"},{"taxonomy":"product_cat","embeddable":true,"href":"https:\/\/a-pant.ee\/ru\/wp-json\/wp\/v2\/product_cat?post=32457"},{"taxonomy":"product_tag","embeddable":true,"href":"https:\/\/a-pant.ee\/ru\/wp-json\/wp\/v2\/product_tag?post=32457"}],"curies":[{"name":"wp","href":"https:\/\/api.w.org\/{rel}","templated":true}]}}