{"id":32451,"date":"2026-02-04T14:20:59","date_gmt":"2026-02-04T11:20:59","guid":{"rendered":"https:\/\/a-pant.ee\/product\/akkumulyator-makita-bl1860b\/"},"modified":"2026-02-22T12:17:02","modified_gmt":"2026-02-22T09:17:02","slug":"akkumulyator-makita-bl1860b","status":"publish","type":"product","link":"https:\/\/a-pant.ee\/ru\/product\/akkumulyator-makita-bl1860b\/","title":{"rendered":"\u0410\u043a\u043a\u0443\u043c\u0443\u043b\u044f\u0442\u043e\u0440 Makita BL1860B"},"content":{"rendered":"\n<p> Aku Makita BL1860B, heas seisu- ja t\u00f6\u00f6korras! <\/p><p> KIRJELDUS <\/p><ul><li> Aku t\u00fc\u00fcp: Li\u2011Ion <\/li><li> Pinge: 18 V <\/li><li> Mahutavus: 6,0 Ah <\/li><li> Energiakogus: umbes 108 Wh <\/li><li> Laadimisn\u00e4idik: LED\u2011laadimistase olemas <\/li><li> T\u00e4islaadimise aeg kiirlaadijaga: umbes 55 minutit <\/li><li> Kaitses\u00fcsteemid: \u00fclekuumenemise, \u00fclepinge \/ liiga tugeva koormuse, s\u00fcgava t\u00fchjenemise eest kaitse; vastupidav korpus ja vibratsiooni\u2011 ning l\u00f6\u00f6gikindlus <\/li><li> Sobivus: 18 V LXT t\u00f6\u00f6riistadega (slaid\u2011kinnitus) <\/li><li> Kaal: umbes 0,66\u20130,70 kg <\/li><\/ul>\n","protected":false},"excerpt":{"rendered":"<p>Aku Makita BL1860B, heas seisu- ja t\u00f6\u00f6korras! KIRJELDUS Aku t\u00fc\u00fcp: Li\u2011Ion Pinge: 18 V Mahutavus: 6,0 Ah Energiakogus: umbes 108 Wh Laadimisn\u00e4idik: LED\u2011laadimistase olemas T\u00e4islaadimise aeg kiirlaadijaga: umbes 55 minutit Kaitses\u00fcsteemid: \u00fclekuumenemise, \u00fclepinge \/ liiga tugeva koormuse, s\u00fcgava t\u00fchjenemise eest kaitse; vastupidav korpus ja vibratsiooni\u2011 ning l\u00f6\u00f6gikindlus Sobivus: 18 V LXT t\u00f6\u00f6riistadega (slaid\u2011kinnitus) Kaal: umbes [&hellip;]<\/p>\n","protected":false},"featured_media":32452,"comment_status":"closed","ping_status":"closed","template":"","meta":{"inline_featured_image":false},"product_brand":[],"product_cat":[223],"product_tag":[],"class_list":{"0":"post-32451","1":"product","2":"type-product","3":"status-publish","4":"has-post-thumbnail","6":"product_cat-vsyo-dlya-instrumenta","7":"pa_asukoht-mustamae","8":"pa_seisukord-ispolzovano","10":"first","11":"outofstock","12":"taxable","13":"shipping-taxable","14":"purchasable","15":"product-type-simple"},"_links":{"self":[{"href":"https:\/\/a-pant.ee\/ru\/wp-json\/wp\/v2\/product\/32451","targetHints":{"allow":["GET"]}}],"collection":[{"href":"https:\/\/a-pant.ee\/ru\/wp-json\/wp\/v2\/product"}],"about":[{"href":"https:\/\/a-pant.ee\/ru\/wp-json\/wp\/v2\/types\/product"}],"replies":[{"embeddable":true,"href":"https:\/\/a-pant.ee\/ru\/wp-json\/wp\/v2\/comments?post=32451"}],"wp:featuredmedia":[{"embeddable":true,"href":"https:\/\/a-pant.ee\/ru\/wp-json\/wp\/v2\/media\/32452"}],"wp:attachment":[{"href":"https:\/\/a-pant.ee\/ru\/wp-json\/wp\/v2\/media?parent=32451"}],"wp:term":[{"taxonomy":"product_brand","embeddable":true,"href":"https:\/\/a-pant.ee\/ru\/wp-json\/wp\/v2\/product_brand?post=32451"},{"taxonomy":"product_cat","embeddable":true,"href":"https:\/\/a-pant.ee\/ru\/wp-json\/wp\/v2\/product_cat?post=32451"},{"taxonomy":"product_tag","embeddable":true,"href":"https:\/\/a-pant.ee\/ru\/wp-json\/wp\/v2\/product_tag?post=32451"}],"curies":[{"name":"wp","href":"https:\/\/api.w.org\/{rel}","templated":true}]}}