{"id":32445,"date":"2026-02-04T14:20:59","date_gmt":"2026-02-04T11:20:59","guid":{"rendered":"https:\/\/a-pant.ee\/product\/chasy-diesel-dz-1761\/"},"modified":"2026-02-22T12:17:02","modified_gmt":"2026-02-22T09:17:02","slug":"chasy-diesel-dz-1761","status":"publish","type":"product","link":"https:\/\/a-pant.ee\/ru\/product\/chasy-diesel-dz-1761\/","title":{"rendered":"\u0427\u0430\u0441\u044b Diesel DZ-1761"},"content":{"rendered":"\n<p> K\u00e4ekell Diesel DZ-1761, heas seisu- ja t\u00f6\u00f6korras! <\/p><p> KIRJELDUS <\/p><ul><li> Mehhanism: kvarts <\/li><li> N\u00e4idik: analoog (seieritega) <\/li><li> Korpuse materjal: roostevaba teras <\/li><li> Klaas: mineraalklaas <\/li><li> Veekindlus: 5 ATM (sobib igap\u00e4evaseks kasutamiseks, pritsmete ja vihma vastu) <\/li><li> Korpuse l\u00e4bim\u00f5\u00f5t: 46 mm <\/li><li> Korpuse paksus: umbes 10 mm <\/li><li> Kinnitus: klapplukk <\/li><li> Stiil: igap\u00e4evane, massiivne disain <\/li><\/ul>\n","protected":false},"excerpt":{"rendered":"<p>K\u00e4ekell Diesel DZ-1761, heas seisu- ja t\u00f6\u00f6korras! KIRJELDUS Mehhanism: kvarts N\u00e4idik: analoog (seieritega) Korpuse materjal: roostevaba teras Klaas: mineraalklaas Veekindlus: 5 ATM (sobib igap\u00e4evaseks kasutamiseks, pritsmete ja vihma vastu) Korpuse l\u00e4bim\u00f5\u00f5t: 46 mm Korpuse paksus: umbes 10 mm Kinnitus: klapplukk Stiil: igap\u00e4evane, massiivne disain<\/p>\n","protected":false},"featured_media":32446,"comment_status":"closed","ping_status":"open","template":"","meta":{"inline_featured_image":false},"product_brand":[],"product_cat":[211],"product_tag":[],"class_list":{"0":"post-32445","1":"product","2":"type-product","3":"status-publish","4":"has-post-thumbnail","6":"product_cat-muzhskie-chasy","7":"pa_asukoht-mustamae","8":"pa_seisukord-ispolzovano","10":"first","11":"instock","12":"taxable","13":"shipping-taxable","14":"purchasable","15":"product-type-simple"},"_links":{"self":[{"href":"https:\/\/a-pant.ee\/ru\/wp-json\/wp\/v2\/product\/32445","targetHints":{"allow":["GET"]}}],"collection":[{"href":"https:\/\/a-pant.ee\/ru\/wp-json\/wp\/v2\/product"}],"about":[{"href":"https:\/\/a-pant.ee\/ru\/wp-json\/wp\/v2\/types\/product"}],"replies":[{"embeddable":true,"href":"https:\/\/a-pant.ee\/ru\/wp-json\/wp\/v2\/comments?post=32445"}],"wp:featuredmedia":[{"embeddable":true,"href":"https:\/\/a-pant.ee\/ru\/wp-json\/wp\/v2\/media\/32446"}],"wp:attachment":[{"href":"https:\/\/a-pant.ee\/ru\/wp-json\/wp\/v2\/media?parent=32445"}],"wp:term":[{"taxonomy":"product_brand","embeddable":true,"href":"https:\/\/a-pant.ee\/ru\/wp-json\/wp\/v2\/product_brand?post=32445"},{"taxonomy":"product_cat","embeddable":true,"href":"https:\/\/a-pant.ee\/ru\/wp-json\/wp\/v2\/product_cat?post=32445"},{"taxonomy":"product_tag","embeddable":true,"href":"https:\/\/a-pant.ee\/ru\/wp-json\/wp\/v2\/product_tag?post=32445"}],"curies":[{"name":"wp","href":"https:\/\/api.w.org\/{rel}","templated":true}]}}