{"id":32434,"date":"2026-02-04T14:20:59","date_gmt":"2026-02-04T11:20:59","guid":{"rendered":"https:\/\/a-pant.ee\/product\/gazonomosilka-okko-t6-146cc\/"},"modified":"2026-02-22T12:17:01","modified_gmt":"2026-02-22T09:17:01","slug":"gazonokosilka-okko-t6-146cc","status":"publish","type":"product","link":"https:\/\/a-pant.ee\/ru\/product\/gazonokosilka-okko-t6-146cc\/","title":{"rendered":"\u0413\u0430\u0437\u043e\u043d\u043e\u043a\u043e\u0441\u0438\u043b\u043a\u0430 Okko T6 146CC"},"content":{"rendered":"\n<p> Muruniiduk Okko T6 146CC, heas seisu- ja t\u00f6\u00f6korras! <\/p><p> KIRJELDUS <\/p><p> T\u00fc\u00fcp: bensiinimootoriga muruniiduk <\/p><p> Mootori t\u00f6\u00f6maht: 146 cm\u00b3 <\/p><p> Niidulaius: umbes 42 cm <\/p><p> Niitmisk\u00f5rgus: 25\u201370 mm <\/p><p> K\u00f5rguse reguleerimine: keskne \u00fche hoovaga <\/p><p> Tagumine v\u00e4ljalase ja muru kogumine <\/p><p> Liikumine: t\u00f5ukemudel (ilma iseliikuvuseta) <\/p><p> Tera materjal: teras <\/p>\n","protected":false},"excerpt":{"rendered":"<p>Muruniiduk Okko T6 146CC, heas seisu- ja t\u00f6\u00f6korras! KIRJELDUS T\u00fc\u00fcp: bensiinimootoriga muruniiduk Mootori t\u00f6\u00f6maht: 146 cm\u00b3 Niidulaius: umbes 42 cm Niitmisk\u00f5rgus: 25\u201370 mm K\u00f5rguse reguleerimine: keskne \u00fche hoovaga Tagumine v\u00e4ljalase ja muru kogumine Liikumine: t\u00f5ukemudel (ilma iseliikuvuseta) Tera materjal: teras<\/p>\n","protected":false},"featured_media":32435,"comment_status":"closed","ping_status":"closed","template":"","meta":{"inline_featured_image":false},"product_brand":[],"product_cat":[220],"product_tag":[],"class_list":{"0":"post-32434","1":"product","2":"type-product","3":"status-publish","4":"has-post-thumbnail","6":"product_cat-sadovye-instrumenty","7":"pa_asukoht-mustamae","8":"pa_seisukord-ispolzovano","10":"first","11":"outofstock","12":"taxable","13":"shipping-taxable","14":"purchasable","15":"product-type-simple"},"_links":{"self":[{"href":"https:\/\/a-pant.ee\/ru\/wp-json\/wp\/v2\/product\/32434","targetHints":{"allow":["GET"]}}],"collection":[{"href":"https:\/\/a-pant.ee\/ru\/wp-json\/wp\/v2\/product"}],"about":[{"href":"https:\/\/a-pant.ee\/ru\/wp-json\/wp\/v2\/types\/product"}],"replies":[{"embeddable":true,"href":"https:\/\/a-pant.ee\/ru\/wp-json\/wp\/v2\/comments?post=32434"}],"wp:featuredmedia":[{"embeddable":true,"href":"https:\/\/a-pant.ee\/ru\/wp-json\/wp\/v2\/media\/32435"}],"wp:attachment":[{"href":"https:\/\/a-pant.ee\/ru\/wp-json\/wp\/v2\/media?parent=32434"}],"wp:term":[{"taxonomy":"product_brand","embeddable":true,"href":"https:\/\/a-pant.ee\/ru\/wp-json\/wp\/v2\/product_brand?post=32434"},{"taxonomy":"product_cat","embeddable":true,"href":"https:\/\/a-pant.ee\/ru\/wp-json\/wp\/v2\/product_cat?post=32434"},{"taxonomy":"product_tag","embeddable":true,"href":"https:\/\/a-pant.ee\/ru\/wp-json\/wp\/v2\/product_tag?post=32434"}],"curies":[{"name":"wp","href":"https:\/\/api.w.org\/{rel}","templated":true}]}}