{"id":32428,"date":"2026-02-04T14:20:59","date_gmt":"2026-02-04T11:20:59","guid":{"rendered":"https:\/\/a-pant.ee\/product\/telefon-samsung-xcover-4s\/"},"modified":"2026-02-22T12:17:01","modified_gmt":"2026-02-22T09:17:01","slug":"telefon-samsung-xcover-4s","status":"publish","type":"product","link":"https:\/\/a-pant.ee\/ru\/product\/telefon-samsung-xcover-4s\/","title":{"rendered":"\u0422\u0435\u043b\u0435\u0444\u043e\u043d Samsung Xcover 4s"},"content":{"rendered":"\n<p> M\u00fc\u00fcakse\u00a0Telefon Samsung Xcover 4s\u00a0, heas seisu- ja t\u00f6\u00f6korras! <\/p><p><strong> Vasanuppud puuduvad ! <\/strong><\/p><p> KIRJELDUS <\/p><ul><li> Ekraan: 5.0&#8243;, PLS-TFT, resolutsioon 1280\u00d7720 (HD) <\/li><li> Protsessor: kaheksa tuumaga Exynos 7885 <\/li><li> RAM: 3 GB <\/li><li> Sisem\u00e4lu: 32 GB, microSD tugi <\/li><li> Tagakaamera: 16 MP, autofookus, 1080p video <\/li><li> Esikaamera: 5 MP <\/li><li> Aku: 2800 mAh, eemaldatav <\/li><li> Operatsioonis\u00fcsteem: Android <\/li><li> Kaitse: IP68, p\u00f5rutus- ja kukkumiskindel (MIL-STD-810) <\/li><li> \u00dchenduvus: LTE, 3G, 2G, Wi-Fi, Bluetooth, NFC <\/li><li> Pordid: USB-C, 3.5 mm heli <\/li><li> Navigatsioon: GPS, GLONASS, BeiDou <\/li><li> M\u00f5\u00f5dud: 146.2 \u00d7 73.3 \u00d7 9.7 mm <\/li><li> Kaal: umbes 172 g <\/li><\/ul>\n","protected":false},"excerpt":{"rendered":"<p>M\u00fc\u00fcakse\u00a0Telefon Samsung Xcover 4s\u00a0, heas seisu- ja t\u00f6\u00f6korras! Vasanuppud puuduvad ! KIRJELDUS Ekraan: 5.0&#8243;, PLS-TFT, resolutsioon 1280\u00d7720 (HD) Protsessor: kaheksa tuumaga Exynos 7885 RAM: 3 GB Sisem\u00e4lu: 32 GB, microSD tugi Tagakaamera: 16 MP, autofookus, 1080p video Esikaamera: 5 MP Aku: 2800 mAh, eemaldatav Operatsioonis\u00fcsteem: Android Kaitse: IP68, p\u00f5rutus- ja kukkumiskindel (MIL-STD-810) \u00dchenduvus: LTE, 3G, [&hellip;]<\/p>\n","protected":false},"featured_media":32429,"comment_status":"closed","ping_status":"closed","template":"","meta":{"inline_featured_image":false},"product_brand":[],"product_cat":[171],"product_tag":[],"class_list":{"0":"post-32428","1":"product","2":"type-product","3":"status-publish","4":"has-post-thumbnail","6":"product_cat-mobilnye-telefony","7":"pa_asukoht-mustamae","8":"pa_seisukord-ispolzovano","10":"first","11":"outofstock","12":"taxable","13":"shipping-taxable","14":"purchasable","15":"product-type-simple"},"_links":{"self":[{"href":"https:\/\/a-pant.ee\/ru\/wp-json\/wp\/v2\/product\/32428","targetHints":{"allow":["GET"]}}],"collection":[{"href":"https:\/\/a-pant.ee\/ru\/wp-json\/wp\/v2\/product"}],"about":[{"href":"https:\/\/a-pant.ee\/ru\/wp-json\/wp\/v2\/types\/product"}],"replies":[{"embeddable":true,"href":"https:\/\/a-pant.ee\/ru\/wp-json\/wp\/v2\/comments?post=32428"}],"wp:featuredmedia":[{"embeddable":true,"href":"https:\/\/a-pant.ee\/ru\/wp-json\/wp\/v2\/media\/32429"}],"wp:attachment":[{"href":"https:\/\/a-pant.ee\/ru\/wp-json\/wp\/v2\/media?parent=32428"}],"wp:term":[{"taxonomy":"product_brand","embeddable":true,"href":"https:\/\/a-pant.ee\/ru\/wp-json\/wp\/v2\/product_brand?post=32428"},{"taxonomy":"product_cat","embeddable":true,"href":"https:\/\/a-pant.ee\/ru\/wp-json\/wp\/v2\/product_cat?post=32428"},{"taxonomy":"product_tag","embeddable":true,"href":"https:\/\/a-pant.ee\/ru\/wp-json\/wp\/v2\/product_tag?post=32428"}],"curies":[{"name":"wp","href":"https:\/\/api.w.org\/{rel}","templated":true}]}}