{"id":32400,"date":"2026-02-04T14:20:59","date_gmt":"2026-02-04T11:20:59","guid":{"rendered":"https:\/\/a-pant.ee\/product\/cepnoy-rychag-haklift-vts500\/"},"modified":"2026-02-22T12:17:00","modified_gmt":"2026-02-22T09:17:00","slug":"czepnoj-rychag-haklift-vts500","status":"publish","type":"product","link":"https:\/\/a-pant.ee\/ru\/product\/czepnoj-rychag-haklift-vts500\/","title":{"rendered":"\u0426\u0435\u043f\u043d\u043e\u0439 \u0440\u044b\u0447\u0430\u0433 Haklift VTS500"},"content":{"rendered":"\n<p> Ketjuviputalja Haklift VTS500, heas seisu- ja t\u00f6\u00f6korras! <\/p><p> KIRJELDUS <\/p><p> T\u00fc\u00fcp: k\u00e4sitsi t\u00f6\u00f6tav hoovitalt <\/p><p> Kandev\u00f5ime: 500 kg <\/p><p> T\u00f5stek\u00f5rgus: 3 m <\/p><p> Keti l\u00e4bim\u00f5\u00f5t: 4.3 mm <\/p><p> Mehhanism: hoovamehhanism koos hammasluku s\u00fcsteemiga <\/p><p> Konksud: p\u00f6\u00f6rlevad, turvalukkudega <\/p><p> Korpuse materjal: tugevdatud, sobib pidevaks koormuseks <\/p><p> Kasutamine: k\u00e4sitsi t\u00f5stmine, pingutamine ja koormate liigutamine <\/p>\n","protected":false},"excerpt":{"rendered":"<p>Ketjuviputalja Haklift VTS500, heas seisu- ja t\u00f6\u00f6korras! KIRJELDUS T\u00fc\u00fcp: k\u00e4sitsi t\u00f6\u00f6tav hoovitalt Kandev\u00f5ime: 500 kg T\u00f5stek\u00f5rgus: 3 m Keti l\u00e4bim\u00f5\u00f5t: 4.3 mm Mehhanism: hoovamehhanism koos hammasluku s\u00fcsteemiga Konksud: p\u00f6\u00f6rlevad, turvalukkudega Korpuse materjal: tugevdatud, sobib pidevaks koormuseks Kasutamine: k\u00e4sitsi t\u00f5stmine, pingutamine ja koormate liigutamine<\/p>\n","protected":false},"featured_media":32401,"comment_status":"closed","ping_status":"open","template":"","meta":{"inline_featured_image":false},"product_brand":[],"product_cat":[246],"product_tag":[],"class_list":{"0":"post-32400","1":"product","2":"type-product","3":"status-publish","4":"has-post-thumbnail","6":"product_cat-instrumenty-drugoe","7":"pa_asukoht-mustamae","8":"pa_seisukord-ispolzovano","10":"first","11":"instock","12":"taxable","13":"shipping-taxable","14":"purchasable","15":"product-type-simple"},"_links":{"self":[{"href":"https:\/\/a-pant.ee\/ru\/wp-json\/wp\/v2\/product\/32400","targetHints":{"allow":["GET"]}}],"collection":[{"href":"https:\/\/a-pant.ee\/ru\/wp-json\/wp\/v2\/product"}],"about":[{"href":"https:\/\/a-pant.ee\/ru\/wp-json\/wp\/v2\/types\/product"}],"replies":[{"embeddable":true,"href":"https:\/\/a-pant.ee\/ru\/wp-json\/wp\/v2\/comments?post=32400"}],"wp:featuredmedia":[{"embeddable":true,"href":"https:\/\/a-pant.ee\/ru\/wp-json\/wp\/v2\/media\/32401"}],"wp:attachment":[{"href":"https:\/\/a-pant.ee\/ru\/wp-json\/wp\/v2\/media?parent=32400"}],"wp:term":[{"taxonomy":"product_brand","embeddable":true,"href":"https:\/\/a-pant.ee\/ru\/wp-json\/wp\/v2\/product_brand?post=32400"},{"taxonomy":"product_cat","embeddable":true,"href":"https:\/\/a-pant.ee\/ru\/wp-json\/wp\/v2\/product_cat?post=32400"},{"taxonomy":"product_tag","embeddable":true,"href":"https:\/\/a-pant.ee\/ru\/wp-json\/wp\/v2\/product_tag?post=32400"}],"curies":[{"name":"wp","href":"https:\/\/api.w.org\/{rel}","templated":true}]}}