{"id":32394,"date":"2026-02-04T14:20:59","date_gmt":"2026-02-04T11:20:59","guid":{"rendered":"https:\/\/a-pant.ee\/product\/naruchnye-chasy-diesel-dz-1513-korobka\/"},"modified":"2026-02-22T12:17:00","modified_gmt":"2026-02-22T09:17:00","slug":"naruchnye-chasy-diesel-dz-1513-korobka","status":"publish","type":"product","link":"https:\/\/a-pant.ee\/ru\/product\/naruchnye-chasy-diesel-dz-1513-korobka\/","title":{"rendered":"\u041d\u0430\u0440\u0443\u0447\u043d\u044b\u0435 \u0447\u0430\u0441\u044b Diesel DZ-1513 + \u043a\u043e\u0440\u043e\u0431\u043a\u0430"},"content":{"rendered":"\n<p> K\u00e4ekell Diesel DZ-1513 + karp, heas seisu- ja t\u00f6\u00f6korras! <\/p><p> KIRJELDUS <\/p><p> T\u00fc\u00fcp: meeste k\u00e4ekell <\/p><p> Liikumine: kvarts-mehhanism <\/p><p> Korpus: roostevaba teras <\/p><p> Klaas: mineraalklaas <\/p><p> Veekindlus: kuni 100 m \/ 10 ATM (sobib ujumiseks, du\u0161\u0161iks) <\/p><p> Korpuse m\u00f5\u00f5tmed: l\u00e4bim\u00f5\u00f5t ~46 mm, paksus umbes 11 mm <\/p><p> Numbrilaud: analoogne, kolme n\u00e4itajaga (tunnid, minutid, sekundid) <\/p><p> T\u00e4navalgus: helendavad (luminofooriga) osutid ja indeksid <\/p>\n","protected":false},"excerpt":{"rendered":"<p>K\u00e4ekell Diesel DZ-1513 + karp, heas seisu- ja t\u00f6\u00f6korras! KIRJELDUS T\u00fc\u00fcp: meeste k\u00e4ekell Liikumine: kvarts-mehhanism Korpus: roostevaba teras Klaas: mineraalklaas Veekindlus: kuni 100 m \/ 10 ATM (sobib ujumiseks, du\u0161\u0161iks) Korpuse m\u00f5\u00f5tmed: l\u00e4bim\u00f5\u00f5t ~46 mm, paksus umbes 11 mm Numbrilaud: analoogne, kolme n\u00e4itajaga (tunnid, minutid, sekundid) T\u00e4navalgus: helendavad (luminofooriga) osutid ja indeksid<\/p>\n","protected":false},"featured_media":32395,"comment_status":"closed","ping_status":"closed","template":"","meta":{"inline_featured_image":false},"product_brand":[],"product_cat":[211],"product_tag":[],"class_list":{"0":"post-32394","1":"product","2":"type-product","3":"status-publish","4":"has-post-thumbnail","6":"product_cat-muzhskie-chasy","7":"pa_asukoht-mustamae","8":"pa_seisukord-ispolzovano","10":"first","11":"outofstock","12":"taxable","13":"shipping-taxable","14":"purchasable","15":"product-type-simple"},"_links":{"self":[{"href":"https:\/\/a-pant.ee\/ru\/wp-json\/wp\/v2\/product\/32394","targetHints":{"allow":["GET"]}}],"collection":[{"href":"https:\/\/a-pant.ee\/ru\/wp-json\/wp\/v2\/product"}],"about":[{"href":"https:\/\/a-pant.ee\/ru\/wp-json\/wp\/v2\/types\/product"}],"replies":[{"embeddable":true,"href":"https:\/\/a-pant.ee\/ru\/wp-json\/wp\/v2\/comments?post=32394"}],"wp:featuredmedia":[{"embeddable":true,"href":"https:\/\/a-pant.ee\/ru\/wp-json\/wp\/v2\/media\/32395"}],"wp:attachment":[{"href":"https:\/\/a-pant.ee\/ru\/wp-json\/wp\/v2\/media?parent=32394"}],"wp:term":[{"taxonomy":"product_brand","embeddable":true,"href":"https:\/\/a-pant.ee\/ru\/wp-json\/wp\/v2\/product_brand?post=32394"},{"taxonomy":"product_cat","embeddable":true,"href":"https:\/\/a-pant.ee\/ru\/wp-json\/wp\/v2\/product_cat?post=32394"},{"taxonomy":"product_tag","embeddable":true,"href":"https:\/\/a-pant.ee\/ru\/wp-json\/wp\/v2\/product_tag?post=32394"}],"curies":[{"name":"wp","href":"https:\/\/api.w.org\/{rel}","templated":true}]}}