{"id":32382,"date":"2026-02-04T14:15:45","date_gmt":"2026-02-04T11:15:45","guid":{"rendered":"https:\/\/a-pant.ee\/product\/trimmer-bosch-easygrasscut-18-230\/"},"modified":"2026-02-22T12:19:33","modified_gmt":"2026-02-22T09:19:33","slug":"trimmer-bosch-easygrasscut-18-230-akku-zaryadka","status":"publish","type":"product","link":"https:\/\/a-pant.ee\/ru\/product\/trimmer-bosch-easygrasscut-18-230-akku-zaryadka\/","title":{"rendered":"\u0422\u0440\u0438\u043c\u043c\u0435\u0440 Bosch EasyGrassCut 18-230 + \u0430\u043a\u043a\u0443 + \u0437\u0430\u0440\u044f\u0434\u043a\u0430"},"content":{"rendered":"\n<p> Akutrimmer Bosch EasyGrassCut 18-230 + aku + laadija, heas seisu- ja t\u00f6\u00f6korras! <\/p><p> KIRJELDUS <\/p><p> Aku mahtuvus: 2 Ah <br \/> Aku pinge: 18 V <br \/> Aku laadimisaeg: 124 min <br \/> L\u00f5ikediameeter: 23 cm <br \/> Pool: 1,6 mm x 4 m <br \/> L\u00f5ikes\u00fcsteem: Poolautomaatne l\u00f5ikeniidi tagasit\u00f5mme <br \/> Kaal: 2,2 kg <\/p>\n","protected":false},"excerpt":{"rendered":"<p>Akutrimmer Bosch EasyGrassCut 18-230 + aku + laadija, heas seisu- ja t\u00f6\u00f6korras! KIRJELDUS Aku mahtuvus: 2 Ah Aku pinge: 18 V Aku laadimisaeg: 124 min L\u00f5ikediameeter: 23 cm Pool: 1,6 mm x 4 m L\u00f5ikes\u00fcsteem: Poolautomaatne l\u00f5ikeniidi tagasit\u00f5mme Kaal: 2,2 kg<\/p>\n","protected":false},"featured_media":32383,"comment_status":"closed","ping_status":"closed","template":"","meta":{"inline_featured_image":false},"product_brand":[],"product_cat":[220],"product_tag":[],"class_list":{"0":"post-32382","1":"product","2":"type-product","3":"status-publish","4":"has-post-thumbnail","6":"product_cat-sadovye-instrumenty","7":"product_shipping_class-oversize","8":"pa_asukoht-mustamae","9":"pa_seisukord-ispolzovano","11":"first","12":"instock","13":"taxable","14":"shipping-taxable","15":"purchasable","16":"product-type-simple"},"_links":{"self":[{"href":"https:\/\/a-pant.ee\/ru\/wp-json\/wp\/v2\/product\/32382","targetHints":{"allow":["GET"]}}],"collection":[{"href":"https:\/\/a-pant.ee\/ru\/wp-json\/wp\/v2\/product"}],"about":[{"href":"https:\/\/a-pant.ee\/ru\/wp-json\/wp\/v2\/types\/product"}],"replies":[{"embeddable":true,"href":"https:\/\/a-pant.ee\/ru\/wp-json\/wp\/v2\/comments?post=32382"}],"wp:featuredmedia":[{"embeddable":true,"href":"https:\/\/a-pant.ee\/ru\/wp-json\/wp\/v2\/media\/32383"}],"wp:attachment":[{"href":"https:\/\/a-pant.ee\/ru\/wp-json\/wp\/v2\/media?parent=32382"}],"wp:term":[{"taxonomy":"product_brand","embeddable":true,"href":"https:\/\/a-pant.ee\/ru\/wp-json\/wp\/v2\/product_brand?post=32382"},{"taxonomy":"product_cat","embeddable":true,"href":"https:\/\/a-pant.ee\/ru\/wp-json\/wp\/v2\/product_cat?post=32382"},{"taxonomy":"product_tag","embeddable":true,"href":"https:\/\/a-pant.ee\/ru\/wp-json\/wp\/v2\/product_tag?post=32382"}],"curies":[{"name":"wp","href":"https:\/\/api.w.org\/{rel}","templated":true}]}}