{"id":32376,"date":"2026-02-04T14:15:45","date_gmt":"2026-02-04T11:15:45","guid":{"rendered":"https:\/\/a-pant.ee\/product\/bluetooth-naushniki-philips-tah6509\/"},"modified":"2026-02-22T12:19:33","modified_gmt":"2026-02-22T09:19:33","slug":"bluetooth-naushniki-philips-tah6509","status":"publish","type":"product","link":"https:\/\/a-pant.ee\/ru\/product\/bluetooth-naushniki-philips-tah6509\/","title":{"rendered":"Bluetooth \u043d\u0430\u0443\u0448\u043d\u0438\u043a\u0438 Philips TAH6509"},"content":{"rendered":"\n<p><strong> Bluetooth K\u00f5rvaklapid Philips TAH6509 <\/strong> , heas seisu- ja t\u00f6\u00f6korras! <\/p><p> KIRJELDUS <\/p><p><strong> T\u00fc\u00fcp: <\/strong> \u00fcle-k\u00f5rva, suletud konstruktsioon <br \/><strong> Draiverid: <\/strong> 40 mm d\u00fcnaamilised k\u00f5larid <br \/><strong> Sagedusvahemik: <\/strong> 20\u201340 000 Hz <br \/><strong> Takistus: <\/strong> 32 \u03a9 <br \/><strong> Tundlikkus: <\/strong> umbes 98 dB <br \/><strong> \u00dchenduvus: <\/strong> Bluetooth 5.3, mitmepunktiline \u00fchendus (kuni 2 seadmega) <br \/><strong> Kodek: <\/strong> SBC <br \/><strong> Aktiivne m\u00fcrasummutus: <\/strong> h\u00fcbriidne ANC + \u00fcmbritseva heli re\u017eiim <br \/><strong> Aku kestvus: <\/strong> kuni ~70 h ilma ANC-ta, kuni ~45 h ANC-ga <br \/><strong> Kiirlaadimine: <\/strong> 5 minutit \u2192 umbes 3 tundi kasutamist <br \/><strong> Mikrofonid: <\/strong> sisseehitatud, toetavad h\u00e4\u00e4lassistente <br \/><strong> Konstruktsioon: <\/strong> kokkuklapitavad, kunstnahast padjad <\/p><p> \u00a0 <\/p>\n","protected":false},"excerpt":{"rendered":"<p>Bluetooth K\u00f5rvaklapid Philips TAH6509 , heas seisu- ja t\u00f6\u00f6korras! KIRJELDUS T\u00fc\u00fcp: \u00fcle-k\u00f5rva, suletud konstruktsioon Draiverid: 40 mm d\u00fcnaamilised k\u00f5larid Sagedusvahemik: 20\u201340 000 Hz Takistus: 32 \u03a9 Tundlikkus: umbes 98 dB \u00dchenduvus: Bluetooth 5.3, mitmepunktiline \u00fchendus (kuni 2 seadmega) Kodek: SBC Aktiivne m\u00fcrasummutus: h\u00fcbriidne ANC + \u00fcmbritseva heli re\u017eiim Aku kestvus: kuni ~70 h ilma ANC-ta, [&hellip;]<\/p>\n","protected":false},"featured_media":32377,"comment_status":"closed","ping_status":"open","template":"","meta":{"inline_featured_image":false},"product_brand":[],"product_cat":[168],"product_tag":[],"class_list":{"0":"post-32376","1":"product","2":"type-product","3":"status-publish","4":"has-post-thumbnail","6":"product_cat-naushniki","7":"pa_asukoht-lasnamae","8":"pa_seisukord-ispolzovano","10":"first","11":"outofstock","12":"taxable","13":"shipping-taxable","14":"purchasable","15":"product-type-simple"},"_links":{"self":[{"href":"https:\/\/a-pant.ee\/ru\/wp-json\/wp\/v2\/product\/32376","targetHints":{"allow":["GET"]}}],"collection":[{"href":"https:\/\/a-pant.ee\/ru\/wp-json\/wp\/v2\/product"}],"about":[{"href":"https:\/\/a-pant.ee\/ru\/wp-json\/wp\/v2\/types\/product"}],"replies":[{"embeddable":true,"href":"https:\/\/a-pant.ee\/ru\/wp-json\/wp\/v2\/comments?post=32376"}],"wp:featuredmedia":[{"embeddable":true,"href":"https:\/\/a-pant.ee\/ru\/wp-json\/wp\/v2\/media\/32377"}],"wp:attachment":[{"href":"https:\/\/a-pant.ee\/ru\/wp-json\/wp\/v2\/media?parent=32376"}],"wp:term":[{"taxonomy":"product_brand","embeddable":true,"href":"https:\/\/a-pant.ee\/ru\/wp-json\/wp\/v2\/product_brand?post=32376"},{"taxonomy":"product_cat","embeddable":true,"href":"https:\/\/a-pant.ee\/ru\/wp-json\/wp\/v2\/product_cat?post=32376"},{"taxonomy":"product_tag","embeddable":true,"href":"https:\/\/a-pant.ee\/ru\/wp-json\/wp\/v2\/product_tag?post=32376"}],"curies":[{"name":"wp","href":"https:\/\/api.w.org\/{rel}","templated":true}]}}