{"id":32368,"date":"2026-02-04T14:15:45","date_gmt":"2026-02-04T11:15:45","guid":{"rendered":"https:\/\/a-pant.ee\/product\/lazernyj-nivelir-lasermark-lm80\/"},"modified":"2026-02-22T12:19:33","modified_gmt":"2026-02-22T09:19:33","slug":"lazernyj-nivelir-lasermark-lm80-pult-zaryadka-chemodan","status":"publish","type":"product","link":"https:\/\/a-pant.ee\/ru\/product\/lazernyj-nivelir-lasermark-lm80-pult-zaryadka-chemodan\/","title":{"rendered":"\u041b\u0430\u0437\u0435\u0440\u043d\u044b\u0439 \u043d\u0438\u0432\u0435\u043b\u0438\u0440  Lasermark LM80 + \u043f\u0443\u043b\u044c\u0442 + \u0437\u0430\u0440\u044f\u0434\u043a\u0430 + \u0447\u0435\u043c\u043e\u0434\u0430\u043d"},"content":{"rendered":"\n<p><strong> Nivelir Lasermark LM800 + pult + laadija + kohver <\/strong> , t\u00f6\u00f6korras! <\/p><p> KIRJELDUS <\/p><ul><li><strong> T\u00fc\u00fcp: <\/strong> p\u00f6\u00f6rdlaser, automaatne horisontaalne ja vertikaalne tasandus. <\/li><li><strong> T\u00f6\u00f6ulatus: <\/strong> kuni umbes 850 m diameetris koos vastuv\u00f5tjaga. <\/li><li><strong> T\u00e4psus: <\/strong> ligikaudu \u00b11,5 mm 30 m kohta. <\/li><li><strong> Kalle: <\/strong> k\u00e4sitsi seadistatav kalle kuni \u00b110%. <\/li><li><strong> Isetasanduse vahemik: <\/strong> umbes \u00b15\u00b0. <\/li><li><strong> Re\u017eiimid: <\/strong> horisontaalne kiir, vertikaalne kiir, lood, p\u00f6\u00f6rlev re\u017eiim muudetava kiirusega. <\/li><li><strong> Funktsioonid: <\/strong> nihke kontrolls\u00fcsteem (Anti-Drift), hoiatus kalde \u00fcletamisel. <\/li><li><strong> Kaitse: <\/strong> l\u00f6\u00f6gikindel, tolmu- ja niiskuskindel korpus. <\/li><li><strong> Toide: <\/strong> akutoide. <\/li><\/ul><p> \u00a0 <\/p>\n","protected":false},"excerpt":{"rendered":"<p>Nivelir Lasermark LM800 + pult + laadija + kohver , t\u00f6\u00f6korras! KIRJELDUS T\u00fc\u00fcp: p\u00f6\u00f6rdlaser, automaatne horisontaalne ja vertikaalne tasandus. T\u00f6\u00f6ulatus: kuni umbes 850 m diameetris koos vastuv\u00f5tjaga. T\u00e4psus: ligikaudu \u00b11,5 mm 30 m kohta. Kalle: k\u00e4sitsi seadistatav kalle kuni \u00b110%. Isetasanduse vahemik: umbes \u00b15\u00b0. Re\u017eiimid: horisontaalne kiir, vertikaalne kiir, lood, p\u00f6\u00f6rlev re\u017eiim muudetava kiirusega. Funktsioonid: [&hellip;]<\/p>\n","protected":false},"featured_media":32369,"comment_status":"closed","ping_status":"open","template":"","meta":{"inline_featured_image":false},"product_brand":[],"product_cat":[232],"product_tag":[],"class_list":{"0":"post-32368","1":"product","2":"type-product","3":"status-publish","4":"has-post-thumbnail","6":"product_cat-lazernye-niveliry","7":"pa_asukoht-lasnamae","8":"pa_seisukord-ispolzovano","10":"first","11":"instock","12":"taxable","13":"shipping-taxable","14":"purchasable","15":"product-type-simple"},"_links":{"self":[{"href":"https:\/\/a-pant.ee\/ru\/wp-json\/wp\/v2\/product\/32368","targetHints":{"allow":["GET"]}}],"collection":[{"href":"https:\/\/a-pant.ee\/ru\/wp-json\/wp\/v2\/product"}],"about":[{"href":"https:\/\/a-pant.ee\/ru\/wp-json\/wp\/v2\/types\/product"}],"replies":[{"embeddable":true,"href":"https:\/\/a-pant.ee\/ru\/wp-json\/wp\/v2\/comments?post=32368"}],"wp:featuredmedia":[{"embeddable":true,"href":"https:\/\/a-pant.ee\/ru\/wp-json\/wp\/v2\/media\/32369"}],"wp:attachment":[{"href":"https:\/\/a-pant.ee\/ru\/wp-json\/wp\/v2\/media?parent=32368"}],"wp:term":[{"taxonomy":"product_brand","embeddable":true,"href":"https:\/\/a-pant.ee\/ru\/wp-json\/wp\/v2\/product_brand?post=32368"},{"taxonomy":"product_cat","embeddable":true,"href":"https:\/\/a-pant.ee\/ru\/wp-json\/wp\/v2\/product_cat?post=32368"},{"taxonomy":"product_tag","embeddable":true,"href":"https:\/\/a-pant.ee\/ru\/wp-json\/wp\/v2\/product_tag?post=32368"}],"curies":[{"name":"wp","href":"https:\/\/api.w.org\/{rel}","templated":true}]}}