{"id":32350,"date":"2026-02-04T14:15:45","date_gmt":"2026-02-04T11:15:45","guid":{"rendered":"https:\/\/a-pant.ee\/product\/bolgarka-makita-ga6040\/"},"modified":"2026-02-22T12:19:32","modified_gmt":"2026-02-22T09:19:32","slug":"bolgarka-makita-ga6040","status":"publish","type":"product","link":"https:\/\/a-pant.ee\/ru\/product\/bolgarka-makita-ga6040\/","title":{"rendered":"\u0411\u043e\u043b\u0433\u0430\u0440\u043a\u0430 Makita GA6040"},"content":{"rendered":"\n<p> Relakas Makita GA6040, heas seisu- ja t\u00f6\u00f6korras! <\/p><p> KIRJELDUS <\/p><p> V\u00f5imsus <br \/> 1400 W <br \/> P\u00f6\u00f6retearv <br \/> 4000 &#8212; 9000 min\u207b\u00b9 <br \/> Ketta l\u00e4bim\u00f5\u00f5t <br \/> 150 mm <br \/> Taask\u00e4ivitumist takistav funktsioon (NVR l\u00fcliti) <br \/> Toitejuhe <br \/> 2,5 m <br \/> Heliv\u00f5imsuse tase (LWA) <br \/> 98 dB(A) <br \/><br \/> Helir\u00f5hu tase (LpA) <br \/> 90 dB(A) <br \/><br \/> M\u00e4\u00e4ramatu m\u00fcra (K faktor) <br \/> 3 dB(A) <br \/><br \/> Toote kaal ilma kaablita <br \/> 2,6 kg <br \/><br \/> Toote m\u00f5\u00f5dud (P x L x K) <br \/> 303 x 171 x 116 mm <br \/> Maksimaalne v\u00f5imsus <br \/> 2100 W <br \/> Maks. l\u00f5ikes\u00fcgavus <br \/> 30 mm <br \/> Vibratsioonitase, lihvkettaga lihvides <br \/> 2,5 m\/sec\u00b2 <br \/><br \/> M\u00e4\u00e4ramatu m\u00fcra (K faktor), lihvkettaga livides <br \/> 1,5 m\/sec\u00b2 <br \/><br \/> Vibratsioonitase, pinna lihvimisel <br \/> 6,5 m\/sec\u00b2 <br \/><br \/> M\u00e4\u00e4ramatu m\u00fcra (K faktor), pinna lihvimisel <br \/> 1,5 m\/sec\u00b2 <\/p>\n","protected":false},"excerpt":{"rendered":"<p>Relakas Makita GA6040, heas seisu- ja t\u00f6\u00f6korras! KIRJELDUS V\u00f5imsus 1400 W P\u00f6\u00f6retearv 4000 &#8212; 9000 min\u207b\u00b9 Ketta l\u00e4bim\u00f5\u00f5t 150 mm Taask\u00e4ivitumist takistav funktsioon (NVR l\u00fcliti) Toitejuhe 2,5 m Heliv\u00f5imsuse tase (LWA) 98 dB(A) Helir\u00f5hu tase (LpA) 90 dB(A) M\u00e4\u00e4ramatu m\u00fcra (K faktor) 3 dB(A) Toote kaal ilma kaablita 2,6 kg Toote m\u00f5\u00f5dud (P x L [&hellip;]<\/p>\n","protected":false},"featured_media":32351,"comment_status":"closed","ping_status":"open","template":"","meta":{"inline_featured_image":false},"product_brand":[],"product_cat":[235],"product_tag":[],"class_list":{"0":"post-32350","1":"product","2":"type-product","3":"status-publish","4":"has-post-thumbnail","6":"product_cat-bolgarki","7":"pa_asukoht-mustamae","8":"pa_seisukord-ispolzovano","10":"first","11":"instock","12":"taxable","13":"shipping-taxable","14":"purchasable","15":"product-type-simple"},"_links":{"self":[{"href":"https:\/\/a-pant.ee\/ru\/wp-json\/wp\/v2\/product\/32350","targetHints":{"allow":["GET"]}}],"collection":[{"href":"https:\/\/a-pant.ee\/ru\/wp-json\/wp\/v2\/product"}],"about":[{"href":"https:\/\/a-pant.ee\/ru\/wp-json\/wp\/v2\/types\/product"}],"replies":[{"embeddable":true,"href":"https:\/\/a-pant.ee\/ru\/wp-json\/wp\/v2\/comments?post=32350"}],"wp:featuredmedia":[{"embeddable":true,"href":"https:\/\/a-pant.ee\/ru\/wp-json\/wp\/v2\/media\/32351"}],"wp:attachment":[{"href":"https:\/\/a-pant.ee\/ru\/wp-json\/wp\/v2\/media?parent=32350"}],"wp:term":[{"taxonomy":"product_brand","embeddable":true,"href":"https:\/\/a-pant.ee\/ru\/wp-json\/wp\/v2\/product_brand?post=32350"},{"taxonomy":"product_cat","embeddable":true,"href":"https:\/\/a-pant.ee\/ru\/wp-json\/wp\/v2\/product_cat?post=32350"},{"taxonomy":"product_tag","embeddable":true,"href":"https:\/\/a-pant.ee\/ru\/wp-json\/wp\/v2\/product_tag?post=32350"}],"curies":[{"name":"wp","href":"https:\/\/api.w.org\/{rel}","templated":true}]}}