{"id":32344,"date":"2026-02-04T14:15:45","date_gmt":"2026-02-04T11:15:45","guid":{"rendered":"https:\/\/a-pant.ee\/product\/telefon-poco-x3-pro\/"},"modified":"2026-02-22T12:19:32","modified_gmt":"2026-02-22T09:19:32","slug":"telefon-poco-x3-pro","status":"publish","type":"product","link":"https:\/\/a-pant.ee\/ru\/product\/telefon-poco-x3-pro\/","title":{"rendered":"\u0422\u0435\u043b\u0435\u0444\u043e\u043d Poco X3 Pro"},"content":{"rendered":"\n<p> Telefon Poco X3 Pro, heas seisu- ja t\u00f6\u00f6korras! <\/p><p> KIRJELDUS <\/p><ul><li> Ekraan: 6.67\u2033 IPS LCD, resolutsioon 2400\u00d71080, 120 Hz <\/li><li> Protsessor: Qualcomm Snapdragon 860, 8-tuumaline <\/li><li> RAM: 6 GB v\u00f5i 8 GB <\/li><li> Sisem\u00e4lu: 128 GB v\u00f5i 256 GB + microSD tugi <\/li><li> Tagakaamera: 48 MP + 8 MP + 2 MP + 2 MP <\/li><li> Esikaamera: 20 MP <\/li><li> Video: kuni 4K \/ 1080p (s\u00f5ltuvalt seadetest) <\/li><li> Aku: 5160 mAh <\/li><li> Kiirlaadimine: 33 W <\/li><li> Pordid: USB\u2011C, 3.5 mm helipesa <\/li><li> \u00dchenduvus: 4G, Wi\u2011Fi, Bluetooth, GPS \/ positsioneerimine <\/li><li> Turvalisus: k\u00fclgmine s\u00f5rmej\u00e4ljelugeja + n\u00e4otuvastus <\/li><li> Lisad: stereo k\u00f5larid, NFC, microSD tugi, vastupidav korpus <\/li><\/ul>\n","protected":false},"excerpt":{"rendered":"<p>Telefon Poco X3 Pro, heas seisu- ja t\u00f6\u00f6korras! KIRJELDUS Ekraan: 6.67\u2033 IPS LCD, resolutsioon 2400\u00d71080, 120 Hz Protsessor: Qualcomm Snapdragon 860, 8-tuumaline RAM: 6 GB v\u00f5i 8 GB Sisem\u00e4lu: 128 GB v\u00f5i 256 GB + microSD tugi Tagakaamera: 48 MP + 8 MP + 2 MP + 2 MP Esikaamera: 20 MP Video: kuni 4K [&hellip;]<\/p>\n","protected":false},"featured_media":32345,"comment_status":"closed","ping_status":"open","template":"","meta":{"inline_featured_image":false},"product_brand":[],"product_cat":[171],"product_tag":[],"class_list":{"0":"post-32344","1":"product","2":"type-product","3":"status-publish","4":"has-post-thumbnail","6":"product_cat-mobilnye-telefony","7":"pa_asukoht-mustamae","8":"pa_seisukord-ispolzovano","10":"first","11":"instock","12":"taxable","13":"shipping-taxable","14":"purchasable","15":"product-type-simple"},"_links":{"self":[{"href":"https:\/\/a-pant.ee\/ru\/wp-json\/wp\/v2\/product\/32344","targetHints":{"allow":["GET"]}}],"collection":[{"href":"https:\/\/a-pant.ee\/ru\/wp-json\/wp\/v2\/product"}],"about":[{"href":"https:\/\/a-pant.ee\/ru\/wp-json\/wp\/v2\/types\/product"}],"replies":[{"embeddable":true,"href":"https:\/\/a-pant.ee\/ru\/wp-json\/wp\/v2\/comments?post=32344"}],"wp:featuredmedia":[{"embeddable":true,"href":"https:\/\/a-pant.ee\/ru\/wp-json\/wp\/v2\/media\/32345"}],"wp:attachment":[{"href":"https:\/\/a-pant.ee\/ru\/wp-json\/wp\/v2\/media?parent=32344"}],"wp:term":[{"taxonomy":"product_brand","embeddable":true,"href":"https:\/\/a-pant.ee\/ru\/wp-json\/wp\/v2\/product_brand?post=32344"},{"taxonomy":"product_cat","embeddable":true,"href":"https:\/\/a-pant.ee\/ru\/wp-json\/wp\/v2\/product_cat?post=32344"},{"taxonomy":"product_tag","embeddable":true,"href":"https:\/\/a-pant.ee\/ru\/wp-json\/wp\/v2\/product_tag?post=32344"}],"curies":[{"name":"wp","href":"https:\/\/api.w.org\/{rel}","templated":true}]}}