{"id":32329,"date":"2026-02-04T14:15:45","date_gmt":"2026-02-04T11:15:45","guid":{"rendered":"https:\/\/a-pant.ee\/product\/elektricheskij-polirovshhik-parkside-ppm-1200a1\/"},"modified":"2026-02-22T12:19:32","modified_gmt":"2026-02-22T09:19:32","slug":"elektricheskij-polirovshhik-parkside-ppm-1200a1-korobka","status":"publish","type":"product","link":"https:\/\/a-pant.ee\/ru\/product\/elektricheskij-polirovshhik-parkside-ppm-1200a1-korobka\/","title":{"rendered":"\u042d\u043b\u0435\u043a\u0442\u0440\u0438\u0447\u0435\u0441\u043a\u0438\u0439 \u043f\u043e\u043b\u0438\u0440\u043e\u0432\u0449\u0438\u043a Parkside PPM 1200A1 + \u043a\u043e\u0440\u043e\u0431\u043a\u0430"},"content":{"rendered":"\n<p> Elektriline poleerija Parkside PPM 1200A1 + karp\u00a0, heas seisu- ja t\u00f6\u00f6korras! <\/p><p> KIRJELDUS <\/p><p> Tootja Parkside <\/p><p> P\u00e4ritoluriik Saksamaa <\/p><p> Seisukord Uus <\/p><p> Kaal 2,32 kg <\/p><p> Ketta maksimaalne l\u00e4bim\u00f5\u00f5t 180 mm <\/p><p> Toide V\u00f5rk 220V <\/p><p> Maksimaalne p\u00f6\u00f6rete arv 4600 p\/min <\/p><p> Energiatarve 1200 W <\/p><p> Veski t\u00fc\u00fcp poleerimine <\/p>\n","protected":false},"excerpt":{"rendered":"<p>Elektriline poleerija Parkside PPM 1200A1 + karp\u00a0, heas seisu- ja t\u00f6\u00f6korras! KIRJELDUS Tootja Parkside P\u00e4ritoluriik Saksamaa Seisukord Uus Kaal 2,32 kg Ketta maksimaalne l\u00e4bim\u00f5\u00f5t 180 mm Toide V\u00f5rk 220V Maksimaalne p\u00f6\u00f6rete arv 4600 p\/min Energiatarve 1200 W Veski t\u00fc\u00fcp poleerimine<\/p>\n","protected":false},"featured_media":32330,"comment_status":"closed","ping_status":"open","template":"","meta":{"inline_featured_image":false},"product_brand":[],"product_cat":[237],"product_tag":[],"class_list":{"0":"post-32329","1":"product","2":"type-product","3":"status-publish","4":"has-post-thumbnail","6":"product_cat-polirovalnyj-instrument","7":"pa_asukoht-lasnamae","8":"pa_seisukord-ispolzovano","10":"first","11":"instock","12":"taxable","13":"shipping-taxable","14":"purchasable","15":"product-type-simple"},"_links":{"self":[{"href":"https:\/\/a-pant.ee\/ru\/wp-json\/wp\/v2\/product\/32329","targetHints":{"allow":["GET"]}}],"collection":[{"href":"https:\/\/a-pant.ee\/ru\/wp-json\/wp\/v2\/product"}],"about":[{"href":"https:\/\/a-pant.ee\/ru\/wp-json\/wp\/v2\/types\/product"}],"replies":[{"embeddable":true,"href":"https:\/\/a-pant.ee\/ru\/wp-json\/wp\/v2\/comments?post=32329"}],"wp:featuredmedia":[{"embeddable":true,"href":"https:\/\/a-pant.ee\/ru\/wp-json\/wp\/v2\/media\/32330"}],"wp:attachment":[{"href":"https:\/\/a-pant.ee\/ru\/wp-json\/wp\/v2\/media?parent=32329"}],"wp:term":[{"taxonomy":"product_brand","embeddable":true,"href":"https:\/\/a-pant.ee\/ru\/wp-json\/wp\/v2\/product_brand?post=32329"},{"taxonomy":"product_cat","embeddable":true,"href":"https:\/\/a-pant.ee\/ru\/wp-json\/wp\/v2\/product_cat?post=32329"},{"taxonomy":"product_tag","embeddable":true,"href":"https:\/\/a-pant.ee\/ru\/wp-json\/wp\/v2\/product_tag?post=32329"}],"curies":[{"name":"wp","href":"https:\/\/api.w.org\/{rel}","templated":true}]}}