{"id":32322,"date":"2026-02-04T14:15:45","date_gmt":"2026-02-04T11:15:45","guid":{"rendered":"https:\/\/a-pant.ee\/product\/gvosdezbivnoy-pistolet-hilti-bx-3\/"},"modified":"2026-02-22T12:19:31","modified_gmt":"2026-02-22T09:19:31","slug":"gvozdezabivnoj-pistolet-hilti-bx-3-ak-30ach-zaryadka","status":"publish","type":"product","link":"https:\/\/a-pant.ee\/ru\/product\/gvozdezabivnoj-pistolet-hilti-bx-3-ak-30ach-zaryadka\/","title":{"rendered":"\u0413\u0432\u043e\u0437\u0434\u0435\u0437\u0430\u0431\u0438\u0432\u043d\u043e\u0439 \u043f\u0438\u0441\u0442\u043e\u043b\u0435\u0442 Hilti BX 3 + \u0430\u043a.3,0\u0410\u0447 + \u0437\u0430\u0440\u044f\u0434\u043a\u0430"},"content":{"rendered":"\n<p> Naelap\u00fcss Hilti BX 3 + aku 3,0Ah + laadija + kohver\u00a0, heas seisu- ja t\u00f6\u00f6korras! <\/p><p> KIRJELDUS <\/p><p> Lindis naelad juhtmevaba naelap\u00fcssiga BX 3 terase k\u00fclge kinnitamiseks <\/p><ul><li> Alusmaterjalid: Teras <\/li><li> Alusmaterjali (teras) v\u00e4him paksus: 4 mm <\/li><li> Korrosioonikaitse: Tsingitud &lt; 20 \u00b5m <\/li><\/ul>\n","protected":false},"excerpt":{"rendered":"<p>Naelap\u00fcss Hilti BX 3 + aku 3,0Ah + laadija + kohver\u00a0, heas seisu- ja t\u00f6\u00f6korras! KIRJELDUS Lindis naelad juhtmevaba naelap\u00fcssiga BX 3 terase k\u00fclge kinnitamiseks Alusmaterjalid: Teras Alusmaterjali (teras) v\u00e4him paksus: 4 mm Korrosioonikaitse: Tsingitud &lt; 20 \u00b5m<\/p>\n","protected":false},"featured_media":32323,"comment_status":"closed","ping_status":"open","template":"","meta":{"inline_featured_image":false},"product_brand":[],"product_cat":[224],"product_tag":[],"class_list":{"0":"post-32322","1":"product","2":"type-product","3":"status-publish","4":"has-post-thumbnail","6":"product_cat-gazovye-pistolety","7":"pa_asukoht-lasnamae","8":"pa_seisukord-ispolzovano","10":"first","11":"instock","12":"taxable","13":"shipping-taxable","14":"purchasable","15":"product-type-simple"},"_links":{"self":[{"href":"https:\/\/a-pant.ee\/ru\/wp-json\/wp\/v2\/product\/32322","targetHints":{"allow":["GET"]}}],"collection":[{"href":"https:\/\/a-pant.ee\/ru\/wp-json\/wp\/v2\/product"}],"about":[{"href":"https:\/\/a-pant.ee\/ru\/wp-json\/wp\/v2\/types\/product"}],"replies":[{"embeddable":true,"href":"https:\/\/a-pant.ee\/ru\/wp-json\/wp\/v2\/comments?post=32322"}],"wp:featuredmedia":[{"embeddable":true,"href":"https:\/\/a-pant.ee\/ru\/wp-json\/wp\/v2\/media\/32323"}],"wp:attachment":[{"href":"https:\/\/a-pant.ee\/ru\/wp-json\/wp\/v2\/media?parent=32322"}],"wp:term":[{"taxonomy":"product_brand","embeddable":true,"href":"https:\/\/a-pant.ee\/ru\/wp-json\/wp\/v2\/product_brand?post=32322"},{"taxonomy":"product_cat","embeddable":true,"href":"https:\/\/a-pant.ee\/ru\/wp-json\/wp\/v2\/product_cat?post=32322"},{"taxonomy":"product_tag","embeddable":true,"href":"https:\/\/a-pant.ee\/ru\/wp-json\/wp\/v2\/product_tag?post=32322"}],"curies":[{"name":"wp","href":"https:\/\/api.w.org\/{rel}","templated":true}]}}