{"id":32310,"date":"2026-02-04T14:15:45","date_gmt":"2026-02-04T11:15:45","guid":{"rendered":"https:\/\/a-pant.ee\/product\/elektrotrimmer-makita-dur193\/"},"modified":"2026-02-22T12:17:06","modified_gmt":"2026-02-22T09:17:06","slug":"elektrotrimmer-makita-dur193-aku-40ach","status":"publish","type":"product","link":"https:\/\/a-pant.ee\/ru\/product\/elektrotrimmer-makita-dur193-aku-40ach\/","title":{"rendered":"\u042d\u043b\u0435\u043a\u0442\u0440\u043e\u0442\u0440\u0438\u043c\u043c\u0435\u0440 Makita DUR193 + \u0410\u041a\u0423 4,0\u0410\u0427"},"content":{"rendered":"\n<p> Murutrimmer Makita DUR193 + AKU 4,0AH, heas seisu- ja t\u00f6\u00f6korras! <\/p><p> KIRJELDUS <\/p><ul><li> T\u00fc\u00fcp: akutoitega niiduk \/ trimmer <\/li><li> Pinge: 18 V (LXT s\u00fcsteem) <\/li><li> Niidulaius: 260 mm <\/li><li> T\u00fchik\u00e4igukiirus: 7 800 p\/min <\/li><li> Niidul\u00f5nga l\u00e4bim\u00f5\u00f5t: 1,65 mm (nelikontu l\u00f5ng) <\/li><li> Reguleeritav teleskoopvarras \u2014 pikkus umbes 1248\u20131436 mm <\/li><li> Kaal ilma akuta: umbes 1,9\u20132,0 kg; aku koos kaalub umbes 2,3\u20132,6 kg <\/li><li> M\u00fcra: helir\u00f5hk umbes 73,2 dB, heliv\u00f5imsus umbes 83,1 dB <\/li><li> Vibratsioon: \u2264 2,5 m\/s\u00b2 <\/li><li> L\u00f5ikepea: automaatse niidul\u00f5ngaga (bump &amp; feed) <\/li><li> Pea ja k\u00e4epideme asendi reguleerimine \u2014 mugav niitmiseks ja \u00e4\u00e4rete niitmiseks <\/li><\/ul>\n","protected":false},"excerpt":{"rendered":"<p>Murutrimmer Makita DUR193 + AKU 4,0AH, heas seisu- ja t\u00f6\u00f6korras! KIRJELDUS T\u00fc\u00fcp: akutoitega niiduk \/ trimmer Pinge: 18 V (LXT s\u00fcsteem) Niidulaius: 260 mm T\u00fchik\u00e4igukiirus: 7 800 p\/min Niidul\u00f5nga l\u00e4bim\u00f5\u00f5t: 1,65 mm (nelikontu l\u00f5ng) Reguleeritav teleskoopvarras \u2014 pikkus umbes 1248\u20131436 mm Kaal ilma akuta: umbes 1,9\u20132,0 kg; aku koos kaalub umbes 2,3\u20132,6 kg M\u00fcra: helir\u00f5hk [&hellip;]<\/p>\n","protected":false},"featured_media":32311,"comment_status":"closed","ping_status":"closed","template":"","meta":{"inline_featured_image":false},"product_brand":[],"product_cat":[220],"product_tag":[],"class_list":{"0":"post-32310","1":"product","2":"type-product","3":"status-publish","4":"has-post-thumbnail","6":"product_cat-sadovye-instrumenty","7":"product_shipping_class-oversize","8":"pa_asukoht-mustamae","9":"pa_seisukord-ispolzovano","11":"first","12":"instock","13":"taxable","14":"shipping-taxable","15":"purchasable","16":"product-type-simple"},"_links":{"self":[{"href":"https:\/\/a-pant.ee\/ru\/wp-json\/wp\/v2\/product\/32310","targetHints":{"allow":["GET"]}}],"collection":[{"href":"https:\/\/a-pant.ee\/ru\/wp-json\/wp\/v2\/product"}],"about":[{"href":"https:\/\/a-pant.ee\/ru\/wp-json\/wp\/v2\/types\/product"}],"replies":[{"embeddable":true,"href":"https:\/\/a-pant.ee\/ru\/wp-json\/wp\/v2\/comments?post=32310"}],"wp:featuredmedia":[{"embeddable":true,"href":"https:\/\/a-pant.ee\/ru\/wp-json\/wp\/v2\/media\/32311"}],"wp:attachment":[{"href":"https:\/\/a-pant.ee\/ru\/wp-json\/wp\/v2\/media?parent=32310"}],"wp:term":[{"taxonomy":"product_brand","embeddable":true,"href":"https:\/\/a-pant.ee\/ru\/wp-json\/wp\/v2\/product_brand?post=32310"},{"taxonomy":"product_cat","embeddable":true,"href":"https:\/\/a-pant.ee\/ru\/wp-json\/wp\/v2\/product_cat?post=32310"},{"taxonomy":"product_tag","embeddable":true,"href":"https:\/\/a-pant.ee\/ru\/wp-json\/wp\/v2\/product_tag?post=32310"}],"curies":[{"name":"wp","href":"https:\/\/api.w.org\/{rel}","templated":true}]}}