{"id":32304,"date":"2026-02-04T14:15:45","date_gmt":"2026-02-04T11:15:45","guid":{"rendered":"https:\/\/a-pant.ee\/product\/akkumulyatornyy-bank-syjshuangxi-syj-f37f-20000mach\/"},"modified":"2026-02-22T12:17:05","modified_gmt":"2026-02-22T09:17:05","slug":"akkumulyatornyj-bank-syjshuangxi-syj-f37f-20000mach","status":"publish","type":"product","link":"https:\/\/a-pant.ee\/ru\/product\/akkumulyatornyj-bank-syjshuangxi-syj-f37f-20000mach\/","title":{"rendered":"\u0410\u043a\u043a\u0443\u043c\u0443\u043b\u044f\u0442\u043e\u0440\u043d\u044b\u0439 \u0431\u0430\u043d\u043a SYJSHUANGXI SYJ-F37F 20000ma\u0427"},"content":{"rendered":"\n<p> Akupank SYJSHUANGXI SYJ-F37F 20000maH\u00a0, heas seisu- ja t\u00f6\u00f6korras! <\/p><p> KIRJELDUS <\/p><p> See mudel uhkeldab suure mahutavusega, mis v\u00f5imaldab teil telefoni, tahvelarvutit ja muid mobiilseadmeid mitu korda \u00fche laadimisega laadida. USB-C-port pakub kiiret ja mugavat laadimist nii seadmele endale kui ka k\u00f5igile \u00fchendatud seadmetele. Lisaks v\u00f5imaldab USB-A-port \u00fchendada erinevat t\u00fc\u00fcpi seadmeid. Selle kompaktne ja kerge disain v\u00f5imaldab teil seda endaga k\u00f5ikjale kaasa v\u00f5tta, olgu see siis t\u00f6\u00f6le, reisile v\u00f5i igap\u00e4evaseks kasutamiseks. See on usaldusv\u00e4\u00e4rne lahendus neile, kes vajavad reisil v\u00f5i h\u00e4daolukorras t\u00e4iendavat toiteallikat. <\/p>\n","protected":false},"excerpt":{"rendered":"<p>Akupank SYJSHUANGXI SYJ-F37F 20000maH\u00a0, heas seisu- ja t\u00f6\u00f6korras! KIRJELDUS See mudel uhkeldab suure mahutavusega, mis v\u00f5imaldab teil telefoni, tahvelarvutit ja muid mobiilseadmeid mitu korda \u00fche laadimisega laadida. USB-C-port pakub kiiret ja mugavat laadimist nii seadmele endale kui ka k\u00f5igile \u00fchendatud seadmetele. Lisaks v\u00f5imaldab USB-A-port \u00fchendada erinevat t\u00fc\u00fcpi seadmeid. Selle kompaktne ja kerge disain v\u00f5imaldab teil [&hellip;]<\/p>\n","protected":false},"featured_media":32305,"comment_status":"closed","ping_status":"open","template":"","meta":{"inline_featured_image":false},"product_brand":[],"product_cat":[162],"product_tag":[],"class_list":{"0":"post-32304","1":"product","2":"type-product","3":"status-publish","4":"has-post-thumbnail","6":"product_cat-elektronika-drugoe","7":"pa_asukoht-lasnamae","8":"pa_seisukord-ispolzovano","10":"first","11":"instock","12":"taxable","13":"shipping-taxable","14":"purchasable","15":"product-type-simple"},"_links":{"self":[{"href":"https:\/\/a-pant.ee\/ru\/wp-json\/wp\/v2\/product\/32304","targetHints":{"allow":["GET"]}}],"collection":[{"href":"https:\/\/a-pant.ee\/ru\/wp-json\/wp\/v2\/product"}],"about":[{"href":"https:\/\/a-pant.ee\/ru\/wp-json\/wp\/v2\/types\/product"}],"replies":[{"embeddable":true,"href":"https:\/\/a-pant.ee\/ru\/wp-json\/wp\/v2\/comments?post=32304"}],"wp:featuredmedia":[{"embeddable":true,"href":"https:\/\/a-pant.ee\/ru\/wp-json\/wp\/v2\/media\/32305"}],"wp:attachment":[{"href":"https:\/\/a-pant.ee\/ru\/wp-json\/wp\/v2\/media?parent=32304"}],"wp:term":[{"taxonomy":"product_brand","embeddable":true,"href":"https:\/\/a-pant.ee\/ru\/wp-json\/wp\/v2\/product_brand?post=32304"},{"taxonomy":"product_cat","embeddable":true,"href":"https:\/\/a-pant.ee\/ru\/wp-json\/wp\/v2\/product_cat?post=32304"},{"taxonomy":"product_tag","embeddable":true,"href":"https:\/\/a-pant.ee\/ru\/wp-json\/wp\/v2\/product_tag?post=32304"}],"curies":[{"name":"wp","href":"https:\/\/api.w.org\/{rel}","templated":true}]}}