{"id":32298,"date":"2026-02-04T14:15:45","date_gmt":"2026-02-04T11:15:45","guid":{"rendered":"https:\/\/a-pant.ee\/product\/bolgarka-metabo-wev-15-125-quick\/"},"modified":"2026-02-22T12:17:05","modified_gmt":"2026-02-22T09:17:05","slug":"bolgarka-metabo-wev-15-125-quick","status":"publish","type":"product","link":"https:\/\/a-pant.ee\/ru\/product\/bolgarka-metabo-wev-15-125-quick\/","title":{"rendered":"\u0411\u043e\u043b\u0433\u0430\u0440\u043a\u0430 Metabo WEV 15-125 Quick"},"content":{"rendered":"\n<p> Elektriline nurklihvija Metabo WEV 15-125 Quick\u00a0t\u00f6\u00f6korras! <\/p><p> KIRJELDUS <br \/><br \/> T\u00fc\u00fcp: elektriline t\u00f6\u00f6riist <\/p><ul><li> Kasutatav v\u00f5imsus: 1550 W <\/li><li> P\u00f6\u00f6rded: 11 000 \/ min <\/li><li> Kaal: 2,5 kg <\/li><li> Max ketta l\u00e4bim\u00f5\u00f5t: 125 mm <\/li><li> V\u00f5lli keere: M14 <\/li><li> Kaabel: 4 m <\/li><li> K\u00fclgk\u00e4epide: jah <\/li><li> Kaitsekate: jah <\/li><li> \u00dclekoormuskaitse: jah <\/li><li> M\u00fcra: LWA 104 dB(A), LpA 93 dB(A) <\/li><li> Vibratsioon: 3,6\u20136,0 m\/s\u00b2 <\/li><\/ul>\n","protected":false},"excerpt":{"rendered":"<p>Elektriline nurklihvija Metabo WEV 15-125 Quick\u00a0t\u00f6\u00f6korras! KIRJELDUS T\u00fc\u00fcp: elektriline t\u00f6\u00f6riist Kasutatav v\u00f5imsus: 1550 W P\u00f6\u00f6rded: 11 000 \/ min Kaal: 2,5 kg Max ketta l\u00e4bim\u00f5\u00f5t: 125 mm V\u00f5lli keere: M14 Kaabel: 4 m K\u00fclgk\u00e4epide: jah Kaitsekate: jah \u00dclekoormuskaitse: jah M\u00fcra: LWA 104 dB(A), LpA 93 dB(A) Vibratsioon: 3,6\u20136,0 m\/s\u00b2<\/p>\n","protected":false},"featured_media":32299,"comment_status":"closed","ping_status":"open","template":"","meta":{"inline_featured_image":false},"product_brand":[],"product_cat":[235],"product_tag":[],"class_list":{"0":"post-32298","1":"product","2":"type-product","3":"status-publish","4":"has-post-thumbnail","6":"product_cat-bolgarki","7":"pa_asukoht-lasnamae","8":"pa_seisukord-ispolzovano","10":"first","11":"instock","12":"taxable","13":"shipping-taxable","14":"purchasable","15":"product-type-simple"},"_links":{"self":[{"href":"https:\/\/a-pant.ee\/ru\/wp-json\/wp\/v2\/product\/32298","targetHints":{"allow":["GET"]}}],"collection":[{"href":"https:\/\/a-pant.ee\/ru\/wp-json\/wp\/v2\/product"}],"about":[{"href":"https:\/\/a-pant.ee\/ru\/wp-json\/wp\/v2\/types\/product"}],"replies":[{"embeddable":true,"href":"https:\/\/a-pant.ee\/ru\/wp-json\/wp\/v2\/comments?post=32298"}],"wp:featuredmedia":[{"embeddable":true,"href":"https:\/\/a-pant.ee\/ru\/wp-json\/wp\/v2\/media\/32299"}],"wp:attachment":[{"href":"https:\/\/a-pant.ee\/ru\/wp-json\/wp\/v2\/media?parent=32298"}],"wp:term":[{"taxonomy":"product_brand","embeddable":true,"href":"https:\/\/a-pant.ee\/ru\/wp-json\/wp\/v2\/product_brand?post=32298"},{"taxonomy":"product_cat","embeddable":true,"href":"https:\/\/a-pant.ee\/ru\/wp-json\/wp\/v2\/product_cat?post=32298"},{"taxonomy":"product_tag","embeddable":true,"href":"https:\/\/a-pant.ee\/ru\/wp-json\/wp\/v2\/product_tag?post=32298"}],"curies":[{"name":"wp","href":"https:\/\/api.w.org\/{rel}","templated":true}]}}