{"id":32291,"date":"2026-02-04T14:15:45","date_gmt":"2026-02-04T11:15:45","guid":{"rendered":"https:\/\/a-pant.ee\/product\/planshet-apple-ipad-10-2-9-gen-64gb-wifi-silver\/"},"modified":"2026-02-22T12:17:05","modified_gmt":"2026-02-22T09:17:05","slug":"planshet-apple-ipad-10-2-9-gen-64gb-wifi-silver","status":"publish","type":"product","link":"https:\/\/a-pant.ee\/ru\/product\/planshet-apple-ipad-10-2-9-gen-64gb-wifi-silver\/","title":{"rendered":"\u041f\u043b\u0430\u043d\u0448\u0435\u0442 Apple iPad 10.2 9.Gen 64GB WiFi Silver"},"content":{"rendered":"\n<p> Tahvelarvuti Apple iPad 10.2 9.Gen 64GB WiFi Silver + karp\u00a0heas seisu- ja t\u00f6\u00f6korras! <\/p><p> KIRJELDUS <\/p><ul><li> Ekraan: 10,2&#8243; Retina (2160\u00d71620) <\/li><li> Protsessor: Apple A13 Bionic <\/li><li> RAM: 3 GB <\/li><li> M\u00e4lu: 64 GB <\/li><li> Operatsioonis\u00fcsteem: iPadOS 15 <\/li><li> Kaamerad: 8 MP taga, 12 MP Ultra Wide ees <\/li><li> \u00dchendused: Wi-Fi, Bluetooth, Lightning <\/li><li> Sensorid: Touch ID, gyro, baromeeter, valgusandur <\/li><li><p> Aku: kuni 10 tundi, 32.4 Wh <\/p><\/li><\/ul>\n","protected":false},"excerpt":{"rendered":"<p>Tahvelarvuti Apple iPad 10.2 9.Gen 64GB WiFi Silver + karp\u00a0heas seisu- ja t\u00f6\u00f6korras! KIRJELDUS Ekraan: 10,2&#8243; Retina (2160\u00d71620) Protsessor: Apple A13 Bionic RAM: 3 GB M\u00e4lu: 64 GB Operatsioonis\u00fcsteem: iPadOS 15 Kaamerad: 8 MP taga, 12 MP Ultra Wide ees \u00dchendused: Wi-Fi, Bluetooth, Lightning Sensorid: Touch ID, gyro, baromeeter, valgusandur Aku: kuni 10 tundi, 32.4 [&hellip;]<\/p>\n","protected":false},"featured_media":32292,"comment_status":"closed","ping_status":"open","template":"","meta":{"inline_featured_image":false},"product_brand":[],"product_cat":[180],"product_tag":[],"class_list":{"0":"post-32291","1":"product","2":"type-product","3":"status-publish","4":"has-post-thumbnail","6":"product_cat-planshety","7":"pa_asukoht-lasnamae","8":"pa_seisukord-ispolzovano","10":"first","11":"outofstock","12":"taxable","13":"shipping-taxable","14":"purchasable","15":"product-type-simple"},"_links":{"self":[{"href":"https:\/\/a-pant.ee\/ru\/wp-json\/wp\/v2\/product\/32291","targetHints":{"allow":["GET"]}}],"collection":[{"href":"https:\/\/a-pant.ee\/ru\/wp-json\/wp\/v2\/product"}],"about":[{"href":"https:\/\/a-pant.ee\/ru\/wp-json\/wp\/v2\/types\/product"}],"replies":[{"embeddable":true,"href":"https:\/\/a-pant.ee\/ru\/wp-json\/wp\/v2\/comments?post=32291"}],"wp:featuredmedia":[{"embeddable":true,"href":"https:\/\/a-pant.ee\/ru\/wp-json\/wp\/v2\/media\/32292"}],"wp:attachment":[{"href":"https:\/\/a-pant.ee\/ru\/wp-json\/wp\/v2\/media?parent=32291"}],"wp:term":[{"taxonomy":"product_brand","embeddable":true,"href":"https:\/\/a-pant.ee\/ru\/wp-json\/wp\/v2\/product_brand?post=32291"},{"taxonomy":"product_cat","embeddable":true,"href":"https:\/\/a-pant.ee\/ru\/wp-json\/wp\/v2\/product_cat?post=32291"},{"taxonomy":"product_tag","embeddable":true,"href":"https:\/\/a-pant.ee\/ru\/wp-json\/wp\/v2\/product_tag?post=32291"}],"curies":[{"name":"wp","href":"https:\/\/api.w.org\/{rel}","templated":true}]}}