{"id":32285,"date":"2026-02-04T14:15:45","date_gmt":"2026-02-04T11:15:45","guid":{"rendered":"https:\/\/a-pant.ee\/product\/mobilnyy-telefon-poco-f5-256-gb\/"},"modified":"2026-02-22T12:17:05","modified_gmt":"2026-02-22T09:17:05","slug":"mobilnyj-telefon-poco-f5-256-gb","status":"publish","type":"product","link":"https:\/\/a-pant.ee\/ru\/product\/mobilnyj-telefon-poco-f5-256-gb\/","title":{"rendered":"\u041c\u043e\u0431\u0438\u043b\u044c\u043d\u044b\u0439 \u0442\u0435\u043b\u0435\u0444\u043e\u043d Poco F5, 256 GB"},"content":{"rendered":"\n<p> Mobiiltelefon Poco F5, 256 GB\u00a0heas seisu- ja t\u00f6\u00f6korras! <\/p><p> KIRJELDUS <\/p><ul><li> Ekraan: 6,67&#8243; Flow AMOLED, FHD+ (2400\u00d71080), 120 Hz, Dolby Vision, HDR10+ <\/li><li> Kiibistik: Snapdragon 7+ Gen 2, Adreno 725 <\/li><li> M\u00e4lu: 8\/12 GB RAM, 256 GB UFS 3.1 (microSD puudub) <\/li><li> Kaamerad: 64 MP OIS + 8 MP ultra-wide + 2 MP makro; video 4K 30 fps <\/li><li> Esikaamera: 16 MP <\/li><li> Aku: 5000 mAh, 67 W kiirlaadimine <\/li><li> \u00dchenduvus: 5G, Wi-Fi 6, BT 5.3, NFC, USB-C <\/li><li> Muu: s\u00f5rmej\u00e4ljelugeja ekraanis, stereoheli, Gorilla Glass 5, kaal ~181 g <\/li><\/ul>\n","protected":false},"excerpt":{"rendered":"<p>Mobiiltelefon Poco F5, 256 GB\u00a0heas seisu- ja t\u00f6\u00f6korras! KIRJELDUS Ekraan: 6,67&#8243; Flow AMOLED, FHD+ (2400\u00d71080), 120 Hz, Dolby Vision, HDR10+ Kiibistik: Snapdragon 7+ Gen 2, Adreno 725 M\u00e4lu: 8\/12 GB RAM, 256 GB UFS 3.1 (microSD puudub) Kaamerad: 64 MP OIS + 8 MP ultra-wide + 2 MP makro; video 4K 30 fps Esikaamera: 16 [&hellip;]<\/p>\n","protected":false},"featured_media":32286,"comment_status":"closed","ping_status":"open","template":"","meta":{"inline_featured_image":false},"product_brand":[],"product_cat":[171],"product_tag":[],"class_list":{"0":"post-32285","1":"product","2":"type-product","3":"status-publish","4":"has-post-thumbnail","6":"product_cat-mobilnye-telefony","7":"pa_asukoht-lasnamae","8":"pa_seisukord-ispolzovano","10":"first","11":"outofstock","12":"taxable","13":"shipping-taxable","14":"purchasable","15":"product-type-simple"},"_links":{"self":[{"href":"https:\/\/a-pant.ee\/ru\/wp-json\/wp\/v2\/product\/32285","targetHints":{"allow":["GET"]}}],"collection":[{"href":"https:\/\/a-pant.ee\/ru\/wp-json\/wp\/v2\/product"}],"about":[{"href":"https:\/\/a-pant.ee\/ru\/wp-json\/wp\/v2\/types\/product"}],"replies":[{"embeddable":true,"href":"https:\/\/a-pant.ee\/ru\/wp-json\/wp\/v2\/comments?post=32285"}],"wp:featuredmedia":[{"embeddable":true,"href":"https:\/\/a-pant.ee\/ru\/wp-json\/wp\/v2\/media\/32286"}],"wp:attachment":[{"href":"https:\/\/a-pant.ee\/ru\/wp-json\/wp\/v2\/media?parent=32285"}],"wp:term":[{"taxonomy":"product_brand","embeddable":true,"href":"https:\/\/a-pant.ee\/ru\/wp-json\/wp\/v2\/product_brand?post=32285"},{"taxonomy":"product_cat","embeddable":true,"href":"https:\/\/a-pant.ee\/ru\/wp-json\/wp\/v2\/product_cat?post=32285"},{"taxonomy":"product_tag","embeddable":true,"href":"https:\/\/a-pant.ee\/ru\/wp-json\/wp\/v2\/product_tag?post=32285"}],"curies":[{"name":"wp","href":"https:\/\/api.w.org\/{rel}","templated":true}]}}