{"id":32279,"date":"2026-02-04T14:15:45","date_gmt":"2026-02-04T11:15:45","guid":{"rendered":"https:\/\/a-pant.ee\/product\/bezprovodnye-naushniki-samsung-galaxy-buds-fe\/"},"modified":"2026-02-22T12:17:05","modified_gmt":"2026-02-22T09:17:05","slug":"besprovodnye-naushniki-samsung-galaxy-buds-fe","status":"publish","type":"product","link":"https:\/\/a-pant.ee\/ru\/product\/besprovodnye-naushniki-samsung-galaxy-buds-fe\/","title":{"rendered":"\u0411\u0435\u0441\u043f\u0440\u043e\u0432\u043e\u0434\u043d\u044b\u0435 \u041d\u0430\u0443\u0448\u043d\u0438\u043a\u0438 Samsung Galaxy Buds FE"},"content":{"rendered":"\n<p> Juhtmeta K\u00f5rvaklapid Samsung Galaxy Buds FE, heas seisu- ja t\u00f6\u00f6korras! <\/p><p> KIRJELDUS <\/p><p><strong> Toote t\u00fc\u00fcp: <\/strong> Juhtmeta k\u00f5rvaklapid <\/p><p><strong> Kaubam\u00e4rk: <\/strong> Samsung <\/p><p><strong> Kollektsioon: <\/strong> Galaxy Buds FE <\/p><p><strong> V\u00e4rv: <\/strong> Valge <\/p><ul><li><strong> Bluetoothi versioon: <\/strong> 5.2 <\/li><li><strong> Sisseehitatud mikrofon: <\/strong> Jah <\/li><li><strong> Mikrofoni t\u00fc\u00fcp: <\/strong> Sisseehitatud <\/li><li><strong> Heli regulaator: <\/strong> Jah <\/li><li><strong> Juhtmeta: <\/strong> Jah <\/li><li><strong> \u00dchenduse t\u00fc\u00fcbid: <\/strong> Bluetooth, USB Type C <\/li><li><strong> K\u00f5lari l\u00e4bim\u00f5\u00f5t: <\/strong> 6.5 mm <\/li><li><strong> Sageduse diapasoon: <\/strong> 20 &#8212; 20000 Hz <\/li><li><strong> V\u00e4lise m\u00fcra summutamine: <\/strong> Aktiivne <\/li><li><strong> Kaal: <\/strong> 40 g <\/li><\/ul>\n","protected":false},"excerpt":{"rendered":"<p>Juhtmeta K\u00f5rvaklapid Samsung Galaxy Buds FE, heas seisu- ja t\u00f6\u00f6korras! KIRJELDUS Toote t\u00fc\u00fcp: Juhtmeta k\u00f5rvaklapid Kaubam\u00e4rk: Samsung Kollektsioon: Galaxy Buds FE V\u00e4rv: Valge Bluetoothi versioon: 5.2 Sisseehitatud mikrofon: Jah Mikrofoni t\u00fc\u00fcp: Sisseehitatud Heli regulaator: Jah Juhtmeta: Jah \u00dchenduse t\u00fc\u00fcbid: Bluetooth, USB Type C K\u00f5lari l\u00e4bim\u00f5\u00f5t: 6.5 mm Sageduse diapasoon: 20 &#8212; 20000 Hz V\u00e4lise m\u00fcra [&hellip;]<\/p>\n","protected":false},"featured_media":32280,"comment_status":"closed","ping_status":"closed","template":"","meta":{"inline_featured_image":false},"product_brand":[],"product_cat":[168],"product_tag":[],"class_list":{"0":"post-32279","1":"product","2":"type-product","3":"status-publish","4":"has-post-thumbnail","6":"product_cat-naushniki","7":"pa_asukoht-mustamae","8":"pa_seisukord-ispolzovano","10":"first","11":"outofstock","12":"taxable","13":"shipping-taxable","14":"purchasable","15":"product-type-simple"},"_links":{"self":[{"href":"https:\/\/a-pant.ee\/ru\/wp-json\/wp\/v2\/product\/32279","targetHints":{"allow":["GET"]}}],"collection":[{"href":"https:\/\/a-pant.ee\/ru\/wp-json\/wp\/v2\/product"}],"about":[{"href":"https:\/\/a-pant.ee\/ru\/wp-json\/wp\/v2\/types\/product"}],"replies":[{"embeddable":true,"href":"https:\/\/a-pant.ee\/ru\/wp-json\/wp\/v2\/comments?post=32279"}],"wp:featuredmedia":[{"embeddable":true,"href":"https:\/\/a-pant.ee\/ru\/wp-json\/wp\/v2\/media\/32280"}],"wp:attachment":[{"href":"https:\/\/a-pant.ee\/ru\/wp-json\/wp\/v2\/media?parent=32279"}],"wp:term":[{"taxonomy":"product_brand","embeddable":true,"href":"https:\/\/a-pant.ee\/ru\/wp-json\/wp\/v2\/product_brand?post=32279"},{"taxonomy":"product_cat","embeddable":true,"href":"https:\/\/a-pant.ee\/ru\/wp-json\/wp\/v2\/product_cat?post=32279"},{"taxonomy":"product_tag","embeddable":true,"href":"https:\/\/a-pant.ee\/ru\/wp-json\/wp\/v2\/product_tag?post=32279"}],"curies":[{"name":"wp","href":"https:\/\/api.w.org\/{rel}","templated":true}]}}