{"id":32274,"date":"2026-02-04T14:15:45","date_gmt":"2026-02-04T11:15:45","guid":{"rendered":"https:\/\/a-pant.ee\/product\/udarnaya-akudrel-meec-tools-18v-012588\/"},"modified":"2026-02-22T12:17:04","modified_gmt":"2026-02-22T09:17:04","slug":"udarnaya-akudrel-meec-tools-18v-012588-20ach","status":"publish","type":"product","link":"https:\/\/a-pant.ee\/ru\/product\/udarnaya-akudrel-meec-tools-18v-012588-20ach\/","title":{"rendered":"\u0423\u0434\u0430\u0440\u043d\u0430\u044f \u0410\u043a\u0443\u0434\u0440\u0435\u043b\u044c Meec Tools 18V 012588 + 2,0\u0410\u0447"},"content":{"rendered":"\n<p><strong> Akul\u00f6\u00f6ktrell Meec Tools 18V 012588 + 2,0Ah <\/strong> , heas seisu- ja t\u00f6\u00f6korras! <\/p><p> KIRJELDUS <\/p><ul><li> T\u00fc\u00fcp: l\u00f6\u00f6k-kruvikeeraja (impakt-trell) <\/li><li> Pinge: 18 V <\/li><li> Maksimaalne p\u00f6\u00f6rdemoment: 150 Nm <\/li><li> P\u00f6\u00f6rlemiskiirus: 0\u20132200 p\/min <\/li><li> L\u00f6\u00f6kide sagedus: kuni 3300 l\u00f6\u00f6ki\/min <\/li><li> Kinnitus: 1\/4&#8243; kuuskant (otsakuhoidik) <\/li><li> M\u00fcratase: umbes 106\u2013117 dB <\/li><li> Vibratsioon: ligikaudu 12,8 m\/s\u00b2 <\/li><li> Kaal: umbes 1,2 kg <\/li><li> \u00dchilduvus: Meec Tools Multiseries 18V s\u00fcsteem <\/li><\/ul><p><br \/> \u00a0 <\/p>\n","protected":false},"excerpt":{"rendered":"<p>Akul\u00f6\u00f6ktrell Meec Tools 18V 012588 + 2,0Ah , heas seisu- ja t\u00f6\u00f6korras! KIRJELDUS T\u00fc\u00fcp: l\u00f6\u00f6k-kruvikeeraja (impakt-trell) Pinge: 18 V Maksimaalne p\u00f6\u00f6rdemoment: 150 Nm P\u00f6\u00f6rlemiskiirus: 0\u20132200 p\/min L\u00f6\u00f6kide sagedus: kuni 3300 l\u00f6\u00f6ki\/min Kinnitus: 1\/4&#8243; kuuskant (otsakuhoidik) M\u00fcratase: umbes 106\u2013117 dB Vibratsioon: ligikaudu 12,8 m\/s\u00b2 Kaal: umbes 1,2 kg \u00dchilduvus: Meec Tools Multiseries 18V s\u00fcsteem \u00a0<\/p>\n","protected":false},"featured_media":32275,"comment_status":"closed","ping_status":"open","template":"","meta":{"inline_featured_image":false},"product_brand":[],"product_cat":[221],"product_tag":[],"class_list":{"0":"post-32274","1":"product","2":"type-product","3":"status-publish","4":"has-post-thumbnail","6":"product_cat-akkumulyatornye-dreli","7":"pa_asukoht-lasnamae","8":"pa_seisukord-ispolzovano","10":"first","11":"instock","12":"taxable","13":"shipping-taxable","14":"purchasable","15":"product-type-simple"},"_links":{"self":[{"href":"https:\/\/a-pant.ee\/ru\/wp-json\/wp\/v2\/product\/32274","targetHints":{"allow":["GET"]}}],"collection":[{"href":"https:\/\/a-pant.ee\/ru\/wp-json\/wp\/v2\/product"}],"about":[{"href":"https:\/\/a-pant.ee\/ru\/wp-json\/wp\/v2\/types\/product"}],"replies":[{"embeddable":true,"href":"https:\/\/a-pant.ee\/ru\/wp-json\/wp\/v2\/comments?post=32274"}],"wp:featuredmedia":[{"embeddable":true,"href":"https:\/\/a-pant.ee\/ru\/wp-json\/wp\/v2\/media\/32275"}],"wp:attachment":[{"href":"https:\/\/a-pant.ee\/ru\/wp-json\/wp\/v2\/media?parent=32274"}],"wp:term":[{"taxonomy":"product_brand","embeddable":true,"href":"https:\/\/a-pant.ee\/ru\/wp-json\/wp\/v2\/product_brand?post=32274"},{"taxonomy":"product_cat","embeddable":true,"href":"https:\/\/a-pant.ee\/ru\/wp-json\/wp\/v2\/product_cat?post=32274"},{"taxonomy":"product_tag","embeddable":true,"href":"https:\/\/a-pant.ee\/ru\/wp-json\/wp\/v2\/product_tag?post=32274"}],"curies":[{"name":"wp","href":"https:\/\/api.w.org\/{rel}","templated":true}]}}