{"id":32268,"date":"2026-02-04T14:15:45","date_gmt":"2026-02-04T11:15:45","guid":{"rendered":"https:\/\/a-pant.ee\/product\/nabor-klyuchey-makita-e-06616\/"},"modified":"2026-02-22T12:17:04","modified_gmt":"2026-02-22T09:17:04","slug":"nabor-klyuchej-makita-e-06616-chemodan-ne-polnyj-nabor","status":"publish","type":"product","link":"https:\/\/a-pant.ee\/ru\/product\/nabor-klyuchej-makita-e-06616-chemodan-ne-polnyj-nabor\/","title":{"rendered":"\u041d\u0430\u0431\u043e\u0440 \u043a\u043b\u044e\u0447\u0435\u0439 Makita  E-06616 + \u0427\u0435\u043c\u043e\u0434\u0430\u043d \u041d\u0435 \u043f\u043e\u043b\u043d\u044b\u0439 \u043d\u0430\u0431\u043e\u0440"},"content":{"rendered":"\n<p><strong> T\u00f6\u00f6ristad Makita \u00a0E-06616 + Kohver mitte t\u00e4ielik komplekt <\/strong> , <\/p><p> KIRJELDUS <\/p><ul><li> Padrun 1\/4\u201d\u00a013 tk;\u00a0 4, 4.5, 5, 5.5, 6, 7, 8, 9, 10, 11, 12, 13, 14 mm <\/li><li> Padrun 3\/8\u201d\u00a014 tk; 8, 9, 10, 11, 12, 13, 14, 15, 16, 17, 18, 19, 20, 21 mm <\/li><li> Padrun &#171;E&#187; 1\/4&#8243;\u00a05 tk; 4, 5, 6, 7, 8 mm <\/li><li> Padrun 3\/8&#8243;\u00a06 tk; 10, 11, 12, 14, 16, 18 mm <\/li><li> Socket Adapter\u00a02 tk; 1\/4\u201d &amp; 1\/2\u201d <\/li><li> Universaalne liigend\u00a02 tk; 1\/4\u201d &amp; 3\/8\u201d <\/li><li> P\u00f6\u00f6rdpeade pikenduspesa 3\/8\u201d\u00a02 tk;\u00a03\/8\u201d x 50 mm, 3\/8\u201d x 150 mm <\/li><li> P\u00f6\u00f6rdpeade pikenduspesa 1\/4\u201d\u00a02 tk;\u00a01\/4\u201d x 50 mm, 1\/4\u201d x 150 mm <\/li><li> Kombineeritud mutriv\u00f5ti\u00a07 tk;\u00a08, 10, 11, 12, 13, 14, 15 mm <\/li><li> Kuusnurkv\u00f5ti 1,5, 2, 2,5, 3, 4, 5, 6, 8 mm <\/li><li> Kruvikeeraja otsik 25 mm\u00a050 tk;\u00a02 x PH0, 2 x PH1, 3 x PH2, 3 x PH3, 2 x PZ0, 2 x PZ1, 3 x PZ2, 3 x PZ3, T8, T9, T10, 2 x T15, T20, T25, T27, T30, T40, T8H, T9H, T10H, 2 x T15H, T20H, T25H, T27H, T30H, T40H, H3H, H4H, H5H, H6H, SL0.5&#215;3.0, SL0.8&#215;4.0, SL0.8&#215;5.0, 2 x SL1.0x5.5, SL1.0x6.0 <\/li><li> Narre 3\/8&#8243; <\/li><li> Otsikuhoidik-kruvikeeraja 1\/4&#8243; <\/li><li> Kruvikeeraja otsiku \u00fchendus &#171;DR&#187; 1\/4&#8243; <\/li><li> S\u00fc\u00fctek\u00fc\u00fcnalde p\u00f6\u00f6ratav pea \u201cDR\u201d 1\/2\u201d (16mm &amp; 21mm) <\/li><li> Adapter 1\/4&#8243; x 50mm <\/li><li> Adapter 3\/8&#8243; x <\/li><li> 50mm, magnetotsa hoidik 1\/4 \u201dx 60mm <\/li><li> Kruvihoidik juhikuga 1\/4 \u201dx 80mm <\/li><\/ul>\n","protected":false},"excerpt":{"rendered":"<p>T\u00f6\u00f6ristad Makita \u00a0E-06616 + Kohver mitte t\u00e4ielik komplekt , KIRJELDUS Padrun 1\/4\u201d\u00a013 tk;\u00a0 4, 4.5, 5, 5.5, 6, 7, 8, 9, 10, 11, 12, 13, 14 mm Padrun 3\/8\u201d\u00a014 tk; 8, 9, 10, 11, 12, 13, 14, 15, 16, 17, 18, 19, 20, 21 mm Padrun &#171;E&#187; 1\/4&#8243;\u00a05 tk; 4, 5, 6, 7, 8 mm [&hellip;]<\/p>\n","protected":false},"featured_media":32269,"comment_status":"closed","ping_status":"open","template":"","meta":{"inline_featured_image":false},"product_brand":[],"product_cat":[246],"product_tag":[],"class_list":{"0":"post-32268","1":"product","2":"type-product","3":"status-publish","4":"has-post-thumbnail","6":"product_cat-instrumenty-drugoe","7":"pa_asukoht-lasnamae","8":"pa_seisukord-ispolzovano","10":"first","11":"instock","12":"taxable","13":"shipping-taxable","14":"purchasable","15":"product-type-simple"},"_links":{"self":[{"href":"https:\/\/a-pant.ee\/ru\/wp-json\/wp\/v2\/product\/32268","targetHints":{"allow":["GET"]}}],"collection":[{"href":"https:\/\/a-pant.ee\/ru\/wp-json\/wp\/v2\/product"}],"about":[{"href":"https:\/\/a-pant.ee\/ru\/wp-json\/wp\/v2\/types\/product"}],"replies":[{"embeddable":true,"href":"https:\/\/a-pant.ee\/ru\/wp-json\/wp\/v2\/comments?post=32268"}],"wp:featuredmedia":[{"embeddable":true,"href":"https:\/\/a-pant.ee\/ru\/wp-json\/wp\/v2\/media\/32269"}],"wp:attachment":[{"href":"https:\/\/a-pant.ee\/ru\/wp-json\/wp\/v2\/media?parent=32268"}],"wp:term":[{"taxonomy":"product_brand","embeddable":true,"href":"https:\/\/a-pant.ee\/ru\/wp-json\/wp\/v2\/product_brand?post=32268"},{"taxonomy":"product_cat","embeddable":true,"href":"https:\/\/a-pant.ee\/ru\/wp-json\/wp\/v2\/product_cat?post=32268"},{"taxonomy":"product_tag","embeddable":true,"href":"https:\/\/a-pant.ee\/ru\/wp-json\/wp\/v2\/product_tag?post=32268"}],"curies":[{"name":"wp","href":"https:\/\/api.w.org\/{rel}","templated":true}]}}