{"id":32261,"date":"2026-02-04T14:12:41","date_gmt":"2026-02-04T11:12:41","guid":{"rendered":"https:\/\/a-pant.ee\/product\/shlifmashina-bosch-pss-200-ac-chemodan\/"},"modified":"2026-02-22T12:19:36","modified_gmt":"2026-02-22T09:19:36","slug":"shlifmashina-bosch-pss-200-ac-chemodan","status":"publish","type":"product","link":"https:\/\/a-pant.ee\/ru\/product\/shlifmashina-bosch-pss-200-ac-chemodan\/","title":{"rendered":"\u0428\u043b\u0438\u0444\u043c\u0430\u0448\u0438\u043d\u0430 Bosch PSS 200 AC + \u0427\u0435\u043c\u043e\u0434\u0430\u043d"},"content":{"rendered":"\n<p><strong> Taldlihvmasin Bosch PSS 200 AC + Kohver, <\/strong> t\u00f6\u00f6korras! <\/p><p> KIRJELDUS <\/p><p> Toite t\u00fc\u00fcp <br \/> V\u00f5rgust <br \/> Energiatarve <br \/> 200 W <br \/> Max platvormi vibratsiooni sagedus <br \/> 24000 kol\/min <br \/> Platvormi l\u00f6\u00f6gi suurus <br \/> 2 mm <br \/> Lehe pikkus <br \/> 230 mm <br \/> Lehe laius <br \/> 93 mm <br \/> V\u00f5rgukaabli pikkus <br \/> 2,5 m <\/p><p> \u00a0 <\/p>\n","protected":false},"excerpt":{"rendered":"<p>Taldlihvmasin Bosch PSS 200 AC + Kohver, t\u00f6\u00f6korras! KIRJELDUS Toite t\u00fc\u00fcp V\u00f5rgust Energiatarve 200 W Max platvormi vibratsiooni sagedus 24000 kol\/min Platvormi l\u00f6\u00f6gi suurus 2 mm Lehe pikkus 230 mm Lehe laius 93 mm V\u00f5rgukaabli pikkus 2,5 m \u00a0<\/p>\n","protected":false},"featured_media":32262,"comment_status":"closed","ping_status":"open","template":"","meta":{"inline_featured_image":false},"product_brand":[],"product_cat":[233],"product_tag":[],"class_list":{"0":"post-32261","1":"product","2":"type-product","3":"status-publish","4":"has-post-thumbnail","6":"product_cat-shlifovalnyj-instrument","7":"pa_asukoht-lasnamae","8":"pa_seisukord-ispolzovano","10":"first","11":"instock","12":"taxable","13":"shipping-taxable","14":"purchasable","15":"product-type-simple"},"_links":{"self":[{"href":"https:\/\/a-pant.ee\/ru\/wp-json\/wp\/v2\/product\/32261","targetHints":{"allow":["GET"]}}],"collection":[{"href":"https:\/\/a-pant.ee\/ru\/wp-json\/wp\/v2\/product"}],"about":[{"href":"https:\/\/a-pant.ee\/ru\/wp-json\/wp\/v2\/types\/product"}],"replies":[{"embeddable":true,"href":"https:\/\/a-pant.ee\/ru\/wp-json\/wp\/v2\/comments?post=32261"}],"wp:featuredmedia":[{"embeddable":true,"href":"https:\/\/a-pant.ee\/ru\/wp-json\/wp\/v2\/media\/32262"}],"wp:attachment":[{"href":"https:\/\/a-pant.ee\/ru\/wp-json\/wp\/v2\/media?parent=32261"}],"wp:term":[{"taxonomy":"product_brand","embeddable":true,"href":"https:\/\/a-pant.ee\/ru\/wp-json\/wp\/v2\/product_brand?post=32261"},{"taxonomy":"product_cat","embeddable":true,"href":"https:\/\/a-pant.ee\/ru\/wp-json\/wp\/v2\/product_cat?post=32261"},{"taxonomy":"product_tag","embeddable":true,"href":"https:\/\/a-pant.ee\/ru\/wp-json\/wp\/v2\/product_tag?post=32261"}],"curies":[{"name":"wp","href":"https:\/\/api.w.org\/{rel}","templated":true}]}}