{"id":32255,"date":"2026-02-04T14:12:41","date_gmt":"2026-02-04T11:12:41","guid":{"rendered":"https:\/\/a-pant.ee\/product\/cirkulyarnaya-pila-bosch-pks-66\/"},"modified":"2026-02-22T12:19:36","modified_gmt":"2026-02-22T09:19:36","slug":"czirkulyarnaya-pila-bosch-pks-66","status":"publish","type":"product","link":"https:\/\/a-pant.ee\/ru\/product\/czirkulyarnaya-pila-bosch-pks-66\/","title":{"rendered":"\u0426\u0438\u0440\u043a\u0443\u043b\u044f\u0440\u043d\u0430\u044f \u043f\u0438\u043b\u0430 Bosch PKS 66"},"content":{"rendered":"\n<p><strong> Ketassaag Bosch PKS 66 <\/strong> , heas seisu- ja t\u00f6\u00f6korras! <\/p><p> KIRJELDUS <\/p><ul><li> V\u00f5imsus: umbes 1600 W <\/li><li> Ketta l\u00e4bim\u00f5\u00f5t: 190 mm <\/li><li> Kinnituse l\u00e4bim\u00f5\u00f5t: 30 mm <\/li><li> T\u00fchik\u00e4igukiirus: umbes 5000 p\/min <\/li><li> L\u00f5ikes\u00fcgavus 90\u00b0 juures: kuni 66 mm <\/li><li> L\u00f5ikes\u00fcgavus 45\u00b0 juures: kuni 48 mm <\/li><li> Kaal: umbes 5,4 kg <\/li><\/ul><p> \u00a0 <\/p>\n","protected":false},"excerpt":{"rendered":"<p>Ketassaag Bosch PKS 66 , heas seisu- ja t\u00f6\u00f6korras! KIRJELDUS V\u00f5imsus: umbes 1600 W Ketta l\u00e4bim\u00f5\u00f5t: 190 mm Kinnituse l\u00e4bim\u00f5\u00f5t: 30 mm T\u00fchik\u00e4igukiirus: umbes 5000 p\/min L\u00f5ikes\u00fcgavus 90\u00b0 juures: kuni 66 mm L\u00f5ikes\u00fcgavus 45\u00b0 juures: kuni 48 mm Kaal: umbes 5,4 kg \u00a0<\/p>\n","protected":false},"featured_media":32256,"comment_status":"closed","ping_status":"open","template":"","meta":{"inline_featured_image":false},"product_brand":[],"product_cat":[230],"product_tag":[],"class_list":{"0":"post-32255","1":"product","2":"type-product","3":"status-publish","4":"has-post-thumbnail","6":"product_cat-czirkulyarnye-pily","7":"pa_asukoht-lasnamae","8":"pa_seisukord-ispolzovano","10":"first","11":"instock","12":"taxable","13":"shipping-taxable","14":"purchasable","15":"product-type-simple"},"_links":{"self":[{"href":"https:\/\/a-pant.ee\/ru\/wp-json\/wp\/v2\/product\/32255","targetHints":{"allow":["GET"]}}],"collection":[{"href":"https:\/\/a-pant.ee\/ru\/wp-json\/wp\/v2\/product"}],"about":[{"href":"https:\/\/a-pant.ee\/ru\/wp-json\/wp\/v2\/types\/product"}],"replies":[{"embeddable":true,"href":"https:\/\/a-pant.ee\/ru\/wp-json\/wp\/v2\/comments?post=32255"}],"wp:featuredmedia":[{"embeddable":true,"href":"https:\/\/a-pant.ee\/ru\/wp-json\/wp\/v2\/media\/32256"}],"wp:attachment":[{"href":"https:\/\/a-pant.ee\/ru\/wp-json\/wp\/v2\/media?parent=32255"}],"wp:term":[{"taxonomy":"product_brand","embeddable":true,"href":"https:\/\/a-pant.ee\/ru\/wp-json\/wp\/v2\/product_brand?post=32255"},{"taxonomy":"product_cat","embeddable":true,"href":"https:\/\/a-pant.ee\/ru\/wp-json\/wp\/v2\/product_cat?post=32255"},{"taxonomy":"product_tag","embeddable":true,"href":"https:\/\/a-pant.ee\/ru\/wp-json\/wp\/v2\/product_tag?post=32255"}],"curies":[{"name":"wp","href":"https:\/\/api.w.org\/{rel}","templated":true}]}}