{"id":32249,"date":"2026-02-04T14:12:41","date_gmt":"2026-02-04T11:12:41","guid":{"rendered":"https:\/\/a-pant.ee\/product\/akubolgarka-hilti-ag-125-5-2ach\/"},"modified":"2026-02-22T12:19:36","modified_gmt":"2026-02-22T09:19:36","slug":"akubolgarka-hilti-ag-125-52ach","status":"publish","type":"product","link":"https:\/\/a-pant.ee\/ru\/product\/akubolgarka-hilti-ag-125-52ach\/","title":{"rendered":"\u0410\u043a\u0443\u0431\u043e\u043b\u0433\u0430\u0440\u043a\u0430 Hilti AG-125 + 5,2\u0410\u0447"},"content":{"rendered":"\n<p><strong> Akurelakas Hilti AG-125 + 5,2Ah <\/strong> , t\u00f6\u00f6korras! <\/p><p> KIRJELDUS <\/p><ul><li><strong> T\u00fc\u00fcp <\/strong> : Akutoitega nurklihvija <\/li><li><strong> Pinge <\/strong> : 22 V <\/li><li><strong> Ketaste l\u00e4bim\u00f5\u00f5t <\/strong> : 125 mm <\/li><li><strong> P\u00f6\u00f6rlemiskiirus <\/strong> : 9 500 p\/min <\/li><li><strong> Spindli t\u00fc\u00fcp <\/strong> : M14 <\/li><li><strong> Maksimaalne l\u00f5ikes\u00fcgavus <\/strong> : kuni 34 mm <\/li><li><strong> Kaitses\u00fcsteemid <\/strong> : <ul><li> Elektrooniline \u00fclekoormuskaitse <\/li><li> Mootoripidur ketta kiireks peatamiseks <\/li><li> Pehme k\u00e4ivitusfunktsioon <\/li><\/ul><\/li><li><strong> Kaal <\/strong> : umbes 2.7 kg (ilma akuta) <\/li><\/ul>\n","protected":false},"excerpt":{"rendered":"<p>Akurelakas Hilti AG-125 + 5,2Ah , t\u00f6\u00f6korras! KIRJELDUS T\u00fc\u00fcp : Akutoitega nurklihvija Pinge : 22 V Ketaste l\u00e4bim\u00f5\u00f5t : 125 mm P\u00f6\u00f6rlemiskiirus : 9 500 p\/min Spindli t\u00fc\u00fcp : M14 Maksimaalne l\u00f5ikes\u00fcgavus : kuni 34 mm Kaitses\u00fcsteemid : Elektrooniline \u00fclekoormuskaitse Mootoripidur ketta kiireks peatamiseks Pehme k\u00e4ivitusfunktsioon Kaal : umbes 2.7 kg (ilma akuta)<\/p>\n","protected":false},"featured_media":32250,"comment_status":"closed","ping_status":"open","template":"","meta":{"inline_featured_image":false},"product_brand":[],"product_cat":[235],"product_tag":[],"class_list":{"0":"post-32249","1":"product","2":"type-product","3":"status-publish","4":"has-post-thumbnail","6":"product_cat-bolgarki","7":"pa_asukoht-lasnamae","8":"pa_seisukord-ispolzovano","10":"first","11":"instock","12":"taxable","13":"shipping-taxable","14":"purchasable","15":"product-type-simple"},"_links":{"self":[{"href":"https:\/\/a-pant.ee\/ru\/wp-json\/wp\/v2\/product\/32249","targetHints":{"allow":["GET"]}}],"collection":[{"href":"https:\/\/a-pant.ee\/ru\/wp-json\/wp\/v2\/product"}],"about":[{"href":"https:\/\/a-pant.ee\/ru\/wp-json\/wp\/v2\/types\/product"}],"replies":[{"embeddable":true,"href":"https:\/\/a-pant.ee\/ru\/wp-json\/wp\/v2\/comments?post=32249"}],"wp:featuredmedia":[{"embeddable":true,"href":"https:\/\/a-pant.ee\/ru\/wp-json\/wp\/v2\/media\/32250"}],"wp:attachment":[{"href":"https:\/\/a-pant.ee\/ru\/wp-json\/wp\/v2\/media?parent=32249"}],"wp:term":[{"taxonomy":"product_brand","embeddable":true,"href":"https:\/\/a-pant.ee\/ru\/wp-json\/wp\/v2\/product_brand?post=32249"},{"taxonomy":"product_cat","embeddable":true,"href":"https:\/\/a-pant.ee\/ru\/wp-json\/wp\/v2\/product_cat?post=32249"},{"taxonomy":"product_tag","embeddable":true,"href":"https:\/\/a-pant.ee\/ru\/wp-json\/wp\/v2\/product_tag?post=32249"}],"curies":[{"name":"wp","href":"https:\/\/api.w.org\/{rel}","templated":true}]}}