{"id":32235,"date":"2026-02-04T14:12:41","date_gmt":"2026-02-04T11:12:41","guid":{"rendered":"https:\/\/a-pant.ee\/product\/shlifovalnaya-mashina-einhell-tc-dw-225\/"},"modified":"2026-02-22T12:19:35","modified_gmt":"2026-02-22T09:19:35","slug":"shlifovalnaya-mashina-einhell-tc-dw-225-yashhik","status":"publish","type":"product","link":"https:\/\/a-pant.ee\/ru\/product\/shlifovalnaya-mashina-einhell-tc-dw-225-yashhik\/","title":{"rendered":"\u0428\u043b\u0438\u0444\u043e\u0432\u0430\u043b\u044c\u043d\u0430\u044f \u043c\u0430\u0448\u0438\u043d\u0430 Einhell TC-DW 225 + \u044f\u0449\u0438\u043a"},"content":{"rendered":"\n<p> Lihvimismasin Einhell TC-DW 225 + kohver, heas seisu- ja t\u00f6\u00f6korras! <\/p><p> KIRJELDUS <\/p><p> Toide: 230-240 V | 50 Hz <br \/> V\u00f5imsus: 600 W <br \/> Kiirus t\u00fchik\u00e4igul: 600-1500 p\/min <br \/> Lihvtalla l\u00e4bim\u00f5\u00f5t: 225 mm <br \/> Reguleeritav pikkus: 1,1-1,65 m <br \/> Toitekaabli pikkus: 4 m <\/p>\n","protected":false},"excerpt":{"rendered":"<p>Lihvimismasin Einhell TC-DW 225 + kohver, heas seisu- ja t\u00f6\u00f6korras! KIRJELDUS Toide: 230-240 V | 50 Hz V\u00f5imsus: 600 W Kiirus t\u00fchik\u00e4igul: 600-1500 p\/min Lihvtalla l\u00e4bim\u00f5\u00f5t: 225 mm Reguleeritav pikkus: 1,1-1,65 m Toitekaabli pikkus: 4 m<\/p>\n","protected":false},"featured_media":32236,"comment_status":"closed","ping_status":"open","template":"","meta":{"inline_featured_image":false},"product_brand":[],"product_cat":[233],"product_tag":[],"class_list":{"0":"post-32235","1":"product","2":"type-product","3":"status-publish","4":"has-post-thumbnail","6":"product_cat-shlifovalnyj-instrument","7":"pa_asukoht-mustamae","8":"pa_seisukord-ispolzovano","10":"first","11":"instock","12":"taxable","13":"shipping-taxable","14":"purchasable","15":"product-type-simple"},"_links":{"self":[{"href":"https:\/\/a-pant.ee\/ru\/wp-json\/wp\/v2\/product\/32235","targetHints":{"allow":["GET"]}}],"collection":[{"href":"https:\/\/a-pant.ee\/ru\/wp-json\/wp\/v2\/product"}],"about":[{"href":"https:\/\/a-pant.ee\/ru\/wp-json\/wp\/v2\/types\/product"}],"replies":[{"embeddable":true,"href":"https:\/\/a-pant.ee\/ru\/wp-json\/wp\/v2\/comments?post=32235"}],"wp:featuredmedia":[{"embeddable":true,"href":"https:\/\/a-pant.ee\/ru\/wp-json\/wp\/v2\/media\/32236"}],"wp:attachment":[{"href":"https:\/\/a-pant.ee\/ru\/wp-json\/wp\/v2\/media?parent=32235"}],"wp:term":[{"taxonomy":"product_brand","embeddable":true,"href":"https:\/\/a-pant.ee\/ru\/wp-json\/wp\/v2\/product_brand?post=32235"},{"taxonomy":"product_cat","embeddable":true,"href":"https:\/\/a-pant.ee\/ru\/wp-json\/wp\/v2\/product_cat?post=32235"},{"taxonomy":"product_tag","embeddable":true,"href":"https:\/\/a-pant.ee\/ru\/wp-json\/wp\/v2\/product_tag?post=32235"}],"curies":[{"name":"wp","href":"https:\/\/api.w.org\/{rel}","templated":true}]}}