{"id":32229,"date":"2026-02-04T14:12:41","date_gmt":"2026-02-04T11:12:41","guid":{"rendered":"https:\/\/a-pant.ee\/product\/pnevmogvozdizabivatel-mecafer-9045626\/"},"modified":"2026-02-22T12:19:35","modified_gmt":"2026-02-22T09:19:35","slug":"pnevmogvozdezabivatel-mecafer-model-9045626","status":"publish","type":"product","link":"https:\/\/a-pant.ee\/ru\/product\/pnevmogvozdezabivatel-mecafer-model-9045626\/","title":{"rendered":"\u041f\u043d\u0435\u0432\u043c\u043e\u0433\u0432\u043e\u0437\u0434\u0435\u0437\u0430\u0431\u0438\u0432\u0430\u0442\u0435\u043b\u044c Mecafer (\u043c\u043e\u0434\u0435\u043b\u044c 9045626)"},"content":{"rendered":"\n<p> Mecafer pneumonaelap\u00fcstol (mudel 9045626)\u00a0heas seisu- ja t\u00f6\u00f6korras!\u00a0, <\/p><p> KIRJELDUS <\/p><p> Mecafer pneumonaelap\u00fcstol (mudel 9045626). <br \/> T\u00f6\u00f6tab suru\u00f5huga, naelad 50\u201390 mm. <br \/> Kaal \u2014 1 kg, v\u00e4rv punane. <\/p>\n","protected":false},"excerpt":{"rendered":"<p>Mecafer pneumonaelap\u00fcstol (mudel 9045626)\u00a0heas seisu- ja t\u00f6\u00f6korras!\u00a0, KIRJELDUS Mecafer pneumonaelap\u00fcstol (mudel 9045626). T\u00f6\u00f6tab suru\u00f5huga, naelad 50\u201390 mm. Kaal \u2014 1 kg, v\u00e4rv punane.<\/p>\n","protected":false},"featured_media":32230,"comment_status":"closed","ping_status":"open","template":"","meta":{"inline_featured_image":false},"product_brand":[],"product_cat":[236],"product_tag":[],"class_list":{"0":"post-32229","1":"product","2":"type-product","3":"status-publish","4":"has-post-thumbnail","6":"product_cat-pnevmaticheskij-instrument","7":"pa_asukoht-lasnamae","8":"pa_seisukord-ispolzovano","10":"first","11":"outofstock","12":"taxable","13":"shipping-taxable","14":"purchasable","15":"product-type-simple"},"_links":{"self":[{"href":"https:\/\/a-pant.ee\/ru\/wp-json\/wp\/v2\/product\/32229","targetHints":{"allow":["GET"]}}],"collection":[{"href":"https:\/\/a-pant.ee\/ru\/wp-json\/wp\/v2\/product"}],"about":[{"href":"https:\/\/a-pant.ee\/ru\/wp-json\/wp\/v2\/types\/product"}],"replies":[{"embeddable":true,"href":"https:\/\/a-pant.ee\/ru\/wp-json\/wp\/v2\/comments?post=32229"}],"wp:featuredmedia":[{"embeddable":true,"href":"https:\/\/a-pant.ee\/ru\/wp-json\/wp\/v2\/media\/32230"}],"wp:attachment":[{"href":"https:\/\/a-pant.ee\/ru\/wp-json\/wp\/v2\/media?parent=32229"}],"wp:term":[{"taxonomy":"product_brand","embeddable":true,"href":"https:\/\/a-pant.ee\/ru\/wp-json\/wp\/v2\/product_brand?post=32229"},{"taxonomy":"product_cat","embeddable":true,"href":"https:\/\/a-pant.ee\/ru\/wp-json\/wp\/v2\/product_cat?post=32229"},{"taxonomy":"product_tag","embeddable":true,"href":"https:\/\/a-pant.ee\/ru\/wp-json\/wp\/v2\/product_tag?post=32229"}],"curies":[{"name":"wp","href":"https:\/\/api.w.org\/{rel}","templated":true}]}}