{"id":32218,"date":"2026-02-04T14:12:41","date_gmt":"2026-02-04T11:12:41","guid":{"rendered":"https:\/\/a-pant.ee\/product\/mobilnyy-telefon-samsung-a12-64gb\/"},"modified":"2026-02-22T12:19:35","modified_gmt":"2026-02-22T09:19:35","slug":"mobilnyj-telefon-samsung-a12-64gb","status":"publish","type":"product","link":"https:\/\/a-pant.ee\/ru\/product\/mobilnyj-telefon-samsung-a12-64gb\/","title":{"rendered":"\u041c\u043e\u0431\u0438\u043b\u044c\u043d\u044b\u0439 \u0442\u0435\u043b\u0435\u0444\u043e\u043d Samsung A12 64GB"},"content":{"rendered":"\n<p> Mobiiltelefon Samsung A12 64GB\u00a0, heas seisu- ja t\u00f6\u00f6korras! <\/p><p> KIRJELDUS <\/p><p> Ekraan: 6.5 tolli, PLS IPS, resolutsioon 720 x 1600 pikslit <\/p><p> Protsessor: MediaTek Helio P35 (MT6765), kaheksatuumaline, kuni 2.3 GHz <\/p><p> M\u00e4lu: 4 GB RAM, 64 GB sisem\u00e4lu, microSD tugi kuni 1 TB <\/p><p> Kaamerad: <\/p><p> P\u00f5hikaamera: 48 MP (lainurk) + 5 MP (\u00fclilainurk) + 2 MP (makro) + 2 MP (s\u00fcgavussensor) <\/p><p> Esikaamera: 8 MP <\/p><p> Aku: 5000 mAh, toetab 15W kiiret laadimist <\/p><p> Operatsioonis\u00fcsteem: Android 10 <\/p>\n","protected":false},"excerpt":{"rendered":"<p>Mobiiltelefon Samsung A12 64GB\u00a0, heas seisu- ja t\u00f6\u00f6korras! KIRJELDUS Ekraan: 6.5 tolli, PLS IPS, resolutsioon 720 x 1600 pikslit Protsessor: MediaTek Helio P35 (MT6765), kaheksatuumaline, kuni 2.3 GHz M\u00e4lu: 4 GB RAM, 64 GB sisem\u00e4lu, microSD tugi kuni 1 TB Kaamerad: P\u00f5hikaamera: 48 MP (lainurk) + 5 MP (\u00fclilainurk) + 2 MP (makro) + 2 [&hellip;]<\/p>\n","protected":false},"featured_media":32219,"comment_status":"closed","ping_status":"closed","template":"","meta":{"inline_featured_image":false},"product_brand":[],"product_cat":[171],"product_tag":[],"class_list":{"0":"post-32218","1":"product","2":"type-product","3":"status-publish","4":"has-post-thumbnail","6":"product_cat-mobilnye-telefony","7":"pa_asukoht-mustamae","8":"pa_seisukord-ispolzovano","10":"first","11":"outofstock","12":"taxable","13":"shipping-taxable","14":"purchasable","15":"product-type-simple"},"_links":{"self":[{"href":"https:\/\/a-pant.ee\/ru\/wp-json\/wp\/v2\/product\/32218","targetHints":{"allow":["GET"]}}],"collection":[{"href":"https:\/\/a-pant.ee\/ru\/wp-json\/wp\/v2\/product"}],"about":[{"href":"https:\/\/a-pant.ee\/ru\/wp-json\/wp\/v2\/types\/product"}],"replies":[{"embeddable":true,"href":"https:\/\/a-pant.ee\/ru\/wp-json\/wp\/v2\/comments?post=32218"}],"wp:featuredmedia":[{"embeddable":true,"href":"https:\/\/a-pant.ee\/ru\/wp-json\/wp\/v2\/media\/32219"}],"wp:attachment":[{"href":"https:\/\/a-pant.ee\/ru\/wp-json\/wp\/v2\/media?parent=32218"}],"wp:term":[{"taxonomy":"product_brand","embeddable":true,"href":"https:\/\/a-pant.ee\/ru\/wp-json\/wp\/v2\/product_brand?post=32218"},{"taxonomy":"product_cat","embeddable":true,"href":"https:\/\/a-pant.ee\/ru\/wp-json\/wp\/v2\/product_cat?post=32218"},{"taxonomy":"product_tag","embeddable":true,"href":"https:\/\/a-pant.ee\/ru\/wp-json\/wp\/v2\/product_tag?post=32218"}],"curies":[{"name":"wp","href":"https:\/\/api.w.org\/{rel}","templated":true}]}}