{"id":32213,"date":"2026-02-04T14:12:41","date_gmt":"2026-02-04T11:12:41","guid":{"rendered":"https:\/\/a-pant.ee\/product\/bolgarka-hilti-ag-4s-a22-akku-5-2ach\/"},"modified":"2026-02-22T12:19:35","modified_gmt":"2026-02-22T09:19:35","slug":"bolgarka-hilti-ag-4s-a22-akku-5-2ach","status":"publish","type":"product","link":"https:\/\/a-pant.ee\/ru\/product\/bolgarka-hilti-ag-4s-a22-akku-5-2ach\/","title":{"rendered":"\u0411\u043e\u043b\u0433\u0430\u0440\u043a\u0430 Hilti AG 4S-A22 + \u0430\u043a\u043a\u0443 5.2\u0410\u0447"},"content":{"rendered":"\n<p> Relakas Hilti AG 4S-A22 + aku 5.2Ah, heas seisu- ja t\u00f6\u00f6korras! <\/p><p> KIRJELDUS <\/p><p> Max ketta l\u00e4bim\u00f5\u00f5t <br \/> 125 mm <br \/> Max ketta p\u00f6\u00f6rlemiskiirus <br \/> 7600 p\u00f6\u00f6ret minutis <br \/> Aku pinge <br \/> 21,6 V <br \/> Aku mahutavus <br \/> 5,2 Ah <br \/> Puuraugu l\u00e4bim\u00f5\u00f5t <br \/> 22,2 mm <\/p>\n","protected":false},"excerpt":{"rendered":"<p>Relakas Hilti AG 4S-A22 + aku 5.2Ah, heas seisu- ja t\u00f6\u00f6korras! KIRJELDUS Max ketta l\u00e4bim\u00f5\u00f5t 125 mm Max ketta p\u00f6\u00f6rlemiskiirus 7600 p\u00f6\u00f6ret minutis Aku pinge 21,6 V Aku mahutavus 5,2 Ah Puuraugu l\u00e4bim\u00f5\u00f5t 22,2 mm<\/p>\n","protected":false},"featured_media":32214,"comment_status":"closed","ping_status":"closed","template":"","meta":{"inline_featured_image":false},"product_brand":[],"product_cat":[235],"product_tag":[],"class_list":{"0":"post-32213","1":"product","2":"type-product","3":"status-publish","4":"has-post-thumbnail","6":"product_cat-bolgarki","7":"pa_asukoht-mustamae","8":"pa_seisukord-ispolzovano","10":"first","11":"outofstock","12":"taxable","13":"shipping-taxable","14":"purchasable","15":"product-type-simple"},"_links":{"self":[{"href":"https:\/\/a-pant.ee\/ru\/wp-json\/wp\/v2\/product\/32213","targetHints":{"allow":["GET"]}}],"collection":[{"href":"https:\/\/a-pant.ee\/ru\/wp-json\/wp\/v2\/product"}],"about":[{"href":"https:\/\/a-pant.ee\/ru\/wp-json\/wp\/v2\/types\/product"}],"replies":[{"embeddable":true,"href":"https:\/\/a-pant.ee\/ru\/wp-json\/wp\/v2\/comments?post=32213"}],"wp:featuredmedia":[{"embeddable":true,"href":"https:\/\/a-pant.ee\/ru\/wp-json\/wp\/v2\/media\/32214"}],"wp:attachment":[{"href":"https:\/\/a-pant.ee\/ru\/wp-json\/wp\/v2\/media?parent=32213"}],"wp:term":[{"taxonomy":"product_brand","embeddable":true,"href":"https:\/\/a-pant.ee\/ru\/wp-json\/wp\/v2\/product_brand?post=32213"},{"taxonomy":"product_cat","embeddable":true,"href":"https:\/\/a-pant.ee\/ru\/wp-json\/wp\/v2\/product_cat?post=32213"},{"taxonomy":"product_tag","embeddable":true,"href":"https:\/\/a-pant.ee\/ru\/wp-json\/wp\/v2\/product_tag?post=32213"}],"curies":[{"name":"wp","href":"https:\/\/api.w.org\/{rel}","templated":true}]}}