{"id":32207,"date":"2026-02-04T14:12:41","date_gmt":"2026-02-04T11:12:41","guid":{"rendered":"https:\/\/a-pant.ee\/product\/velosiped-tunturi-fatbike-26\/"},"modified":"2026-02-22T12:19:34","modified_gmt":"2026-02-22T09:19:34","slug":"velosiped-tunturi-fatbike-26","status":"publish","type":"product","link":"https:\/\/a-pant.ee\/ru\/product\/velosiped-tunturi-fatbike-26\/","title":{"rendered":"\u0412\u0435\u043b\u043e\u0441\u0438\u043f\u0435\u0434 Tunturi Fatbike 26"},"content":{"rendered":"\n<p> Jalgrattas Tunturi Fatbike 26, t\u00f6\u00f6korras! <\/p><p> \u00dcks pedaal on pooleks murdunud. <\/p><p> KIRJELDUS <\/p><p> Kiirused 8 <\/p><p> Raam suurus M 45cm 167-178cm <\/p><p> Rattad 26 x 4.0 <\/p>\n","protected":false},"excerpt":{"rendered":"<p>Jalgrattas Tunturi Fatbike 26, t\u00f6\u00f6korras! \u00dcks pedaal on pooleks murdunud. KIRJELDUS Kiirused 8 Raam suurus M 45cm 167-178cm Rattad 26 x 4.0<\/p>\n","protected":false},"featured_media":32208,"comment_status":"closed","ping_status":"closed","template":"","meta":{"inline_featured_image":false},"product_brand":[],"product_cat":[216],"product_tag":[],"class_list":{"0":"post-32207","1":"product","2":"type-product","3":"status-publish","4":"has-post-thumbnail","6":"product_cat-velosipedy","7":"product_shipping_class-oversize","8":"pa_asukoht-mustamae","9":"pa_seisukord-ispolzovano","11":"first","12":"outofstock","13":"taxable","14":"shipping-taxable","15":"purchasable","16":"product-type-simple"},"_links":{"self":[{"href":"https:\/\/a-pant.ee\/ru\/wp-json\/wp\/v2\/product\/32207","targetHints":{"allow":["GET"]}}],"collection":[{"href":"https:\/\/a-pant.ee\/ru\/wp-json\/wp\/v2\/product"}],"about":[{"href":"https:\/\/a-pant.ee\/ru\/wp-json\/wp\/v2\/types\/product"}],"replies":[{"embeddable":true,"href":"https:\/\/a-pant.ee\/ru\/wp-json\/wp\/v2\/comments?post=32207"}],"wp:featuredmedia":[{"embeddable":true,"href":"https:\/\/a-pant.ee\/ru\/wp-json\/wp\/v2\/media\/32208"}],"wp:attachment":[{"href":"https:\/\/a-pant.ee\/ru\/wp-json\/wp\/v2\/media?parent=32207"}],"wp:term":[{"taxonomy":"product_brand","embeddable":true,"href":"https:\/\/a-pant.ee\/ru\/wp-json\/wp\/v2\/product_brand?post=32207"},{"taxonomy":"product_cat","embeddable":true,"href":"https:\/\/a-pant.ee\/ru\/wp-json\/wp\/v2\/product_cat?post=32207"},{"taxonomy":"product_tag","embeddable":true,"href":"https:\/\/a-pant.ee\/ru\/wp-json\/wp\/v2\/product_tag?post=32207"}],"curies":[{"name":"wp","href":"https:\/\/api.w.org\/{rel}","templated":true}]}}