{"id":32201,"date":"2026-02-04T14:12:41","date_gmt":"2026-02-04T11:12:41","guid":{"rendered":"https:\/\/a-pant.ee\/product\/akkumulyatornyy-silikonovyy-pistolet-makita-dcg180z\/"},"modified":"2026-02-22T12:19:34","modified_gmt":"2026-02-22T09:19:34","slug":"akkumulyatornyj-silikonovyj-pistolet-makita-dcg180z","status":"publish","type":"product","link":"https:\/\/a-pant.ee\/ru\/product\/akkumulyatornyj-silikonovyj-pistolet-makita-dcg180z\/","title":{"rendered":"\u0410\u043a\u043a\u0443\u043c\u0443\u043b\u044f\u0442\u043e\u0440\u043d\u044b\u0439 \u0441\u0438\u043b\u0438\u043a\u043e\u043d\u043e\u0432\u044b\u0439 \u043f\u0438\u0441\u0442\u043e\u043b\u0435\u0442 Makita DCG180Z"},"content":{"rendered":"\n<p> Akusilikoonip\u00fcstol Makita DCG180Z\u00a0, heas seisu- ja t\u00f6\u00f6korras! <\/p><p> KIRJELDUS <\/p><ul><li> M\u00f5\u00f5dud: 538 x 108 x 281 mm <\/li><li> Sisel\u00e4bim\u00f5\u00f5t: 51 mm <\/li><li> Etteandekiirus koormuseta: 0-28 <\/li><li> Etteande liikumine: 350 mm <\/li><li> T\u00f5ukej\u00f5ud 5000 <\/li><li> Kaal koos standardse akuga: 2,6 &#8212; 3,0 kg <\/li><\/ul>\n","protected":false},"excerpt":{"rendered":"<p>Akusilikoonip\u00fcstol Makita DCG180Z\u00a0, heas seisu- ja t\u00f6\u00f6korras! KIRJELDUS M\u00f5\u00f5dud: 538 x 108 x 281 mm Sisel\u00e4bim\u00f5\u00f5t: 51 mm Etteandekiirus koormuseta: 0-28 Etteande liikumine: 350 mm T\u00f5ukej\u00f5ud 5000 Kaal koos standardse akuga: 2,6 &#8212; 3,0 kg<\/p>\n","protected":false},"featured_media":32202,"comment_status":"closed","ping_status":"open","template":"","meta":{"inline_featured_image":false},"product_brand":[],"product_cat":[246],"product_tag":[],"class_list":{"0":"post-32201","1":"product","2":"type-product","3":"status-publish","4":"has-post-thumbnail","6":"product_cat-instrumenty-drugoe","7":"pa_asukoht-lasnamae","8":"pa_seisukord-ispolzovano","10":"first","11":"instock","12":"taxable","13":"shipping-taxable","14":"purchasable","15":"product-type-simple"},"_links":{"self":[{"href":"https:\/\/a-pant.ee\/ru\/wp-json\/wp\/v2\/product\/32201","targetHints":{"allow":["GET"]}}],"collection":[{"href":"https:\/\/a-pant.ee\/ru\/wp-json\/wp\/v2\/product"}],"about":[{"href":"https:\/\/a-pant.ee\/ru\/wp-json\/wp\/v2\/types\/product"}],"replies":[{"embeddable":true,"href":"https:\/\/a-pant.ee\/ru\/wp-json\/wp\/v2\/comments?post=32201"}],"wp:featuredmedia":[{"embeddable":true,"href":"https:\/\/a-pant.ee\/ru\/wp-json\/wp\/v2\/media\/32202"}],"wp:attachment":[{"href":"https:\/\/a-pant.ee\/ru\/wp-json\/wp\/v2\/media?parent=32201"}],"wp:term":[{"taxonomy":"product_brand","embeddable":true,"href":"https:\/\/a-pant.ee\/ru\/wp-json\/wp\/v2\/product_brand?post=32201"},{"taxonomy":"product_cat","embeddable":true,"href":"https:\/\/a-pant.ee\/ru\/wp-json\/wp\/v2\/product_cat?post=32201"},{"taxonomy":"product_tag","embeddable":true,"href":"https:\/\/a-pant.ee\/ru\/wp-json\/wp\/v2\/product_tag?post=32201"}],"curies":[{"name":"wp","href":"https:\/\/api.w.org\/{rel}","templated":true}]}}