{"id":32194,"date":"2026-02-04T14:12:41","date_gmt":"2026-02-04T11:12:41","guid":{"rendered":"https:\/\/a-pant.ee\/product\/bluetooth-kolonka-jbl-xtreme-3\/"},"modified":"2026-02-22T12:19:34","modified_gmt":"2026-02-22T09:19:34","slug":"bluetooth-kolonka-jbl-xtreme-3","status":"publish","type":"product","link":"https:\/\/a-pant.ee\/ru\/product\/bluetooth-kolonka-jbl-xtreme-3\/","title":{"rendered":"Bluetooth \u043a\u043e\u043b\u043e\u043d\u043a\u0430 JBL Xtreme 3"},"content":{"rendered":"\n<p> Bluetooth k\u00f5lar JBL Xtreme 3\u00a0, heas seisu- ja t\u00f6\u00f6korras! <\/p><p> KIRJELDUS <\/p><p> Kategooria: K\u00f5larid <\/p><p> Mudel: JBL Xtreme 3 <\/p><p> Kaubam\u00e4rk: JBL <\/p><p> Toide: Aku <\/p><p> Heli v\u00e4ljundv\u00f5imsus: 100 <\/p><p> M\u00f5\u00f5dud: 29.85 x 13.59 x 13.41 cm <\/p><p> Kaal: 1.97 kg <\/p><p> Kaugjuhtimise v\u00f5imalus: Ei <\/p><p> Komplektis: K\u00f5lar <\/p><p> Liidesed: USB <\/p><p> Bluetooth: Jah <\/p><p> Aku kestvus: 15 h <\/p><p> V\u00e4rv: Must <\/p><p> Niiskuskindlus: Jah <\/p><p> Nutiseade: Ei <\/p><p> Omadused: Bluetooth <\/p><p> T\u00fc\u00fcp: Bluetooth k\u00f5lar <\/p><p> Vaade: JBL, bluetooth k\u00f5lar k\u00f5larid <\/p>\n","protected":false},"excerpt":{"rendered":"<p>Bluetooth k\u00f5lar JBL Xtreme 3\u00a0, heas seisu- ja t\u00f6\u00f6korras! KIRJELDUS Kategooria: K\u00f5larid Mudel: JBL Xtreme 3 Kaubam\u00e4rk: JBL Toide: Aku Heli v\u00e4ljundv\u00f5imsus: 100 M\u00f5\u00f5dud: 29.85 x 13.59 x 13.41 cm Kaal: 1.97 kg Kaugjuhtimise v\u00f5imalus: Ei Komplektis: K\u00f5lar Liidesed: USB Bluetooth: Jah Aku kestvus: 15 h V\u00e4rv: Must Niiskuskindlus: Jah Nutiseade: Ei Omadused: Bluetooth T\u00fc\u00fcp: [&hellip;]<\/p>\n","protected":false},"featured_media":32195,"comment_status":"closed","ping_status":"closed","template":"","meta":{"inline_featured_image":false},"product_brand":[],"product_cat":[167],"product_tag":[],"class_list":{"0":"post-32194","1":"product","2":"type-product","3":"status-publish","4":"has-post-thumbnail","6":"product_cat-kolonki","7":"pa_asukoht-lasnamae","8":"pa_seisukord-ispolzovano","10":"first","11":"outofstock","12":"taxable","13":"shipping-taxable","14":"purchasable","15":"product-type-simple"},"_links":{"self":[{"href":"https:\/\/a-pant.ee\/ru\/wp-json\/wp\/v2\/product\/32194","targetHints":{"allow":["GET"]}}],"collection":[{"href":"https:\/\/a-pant.ee\/ru\/wp-json\/wp\/v2\/product"}],"about":[{"href":"https:\/\/a-pant.ee\/ru\/wp-json\/wp\/v2\/types\/product"}],"replies":[{"embeddable":true,"href":"https:\/\/a-pant.ee\/ru\/wp-json\/wp\/v2\/comments?post=32194"}],"wp:featuredmedia":[{"embeddable":true,"href":"https:\/\/a-pant.ee\/ru\/wp-json\/wp\/v2\/media\/32195"}],"wp:attachment":[{"href":"https:\/\/a-pant.ee\/ru\/wp-json\/wp\/v2\/media?parent=32194"}],"wp:term":[{"taxonomy":"product_brand","embeddable":true,"href":"https:\/\/a-pant.ee\/ru\/wp-json\/wp\/v2\/product_brand?post=32194"},{"taxonomy":"product_cat","embeddable":true,"href":"https:\/\/a-pant.ee\/ru\/wp-json\/wp\/v2\/product_cat?post=32194"},{"taxonomy":"product_tag","embeddable":true,"href":"https:\/\/a-pant.ee\/ru\/wp-json\/wp\/v2\/product_tag?post=32194"}],"curies":[{"name":"wp","href":"https:\/\/api.w.org\/{rel}","templated":true}]}}