{"id":32188,"date":"2026-02-04T14:12:41","date_gmt":"2026-02-04T11:12:41","guid":{"rendered":"https:\/\/a-pant.ee\/product\/naushniki-steelseries-arctis-9\/"},"modified":"2026-02-22T12:19:34","modified_gmt":"2026-02-22T09:19:34","slug":"naushniki-steelseries-arctis-9","status":"publish","type":"product","link":"https:\/\/a-pant.ee\/ru\/product\/naushniki-steelseries-arctis-9\/","title":{"rendered":"\u041d\u0430\u0443\u0448\u043d\u0438\u043a\u0438 Steelseries Arctis 9"},"content":{"rendered":"\n<p> K\u00f5rvaklappid Steelseries Arctis 9, heas seisu- ja t\u00f6\u00f6korras! <\/p><p> KIRJELDUS <\/p><ul><li> T\u00fc\u00fcp: t\u00e4issuuruses juhtmevabad m\u00e4ngurip\u00e4rised k\u00f5rvaklapid <\/li><li> Riiulid (driverid): 40 mm neod\u00fc\u00fcm <\/li><li> Takistus: 32 \u03a9 <\/li><li> Sagedusvahemik: 20 Hz \u2013 20\u202f000 Hz <\/li><li> Tundlikkus: umbes 98 dB <\/li><li> \u00dchenduvus: 2,4 GHz (USB-dongel) ja Bluetooth 4.1 <\/li><li> Ulatus: kuni 12 m <\/li><li> Mikrofon: kahepoolne ClearCast, t\u00f5mmatav <\/li><li> Mikrofonisagedused: 100 Hz \u2013 6\u202f500 Hz <\/li><li> Aku t\u00f6\u00f6iga: kuni 20 tundi <\/li><li> Kaal: umbes 376 g <\/li><li> Peapaela disain: automaatselt kohanev <\/li><li> K\u00f5rvapatjade materjal: hingav tekstiil (AirWeave) <\/li><li> Juhtimine: helitugevuse reguleerimine, ChatMix (m\u00e4ngu ja h\u00e4\u00e4le tasakaal) <\/li><li> Tarkvara: SteelSeries Engine \/ GG heliseadistuste jaoks <\/li><li> \u00dchilduvus: arvutid, konsoolid, mobiilseadmed <\/li><li> Lisafunktsioonid: virtuaalne ruumiline heli (DTS Headphone:X 2.0) <\/li><\/ul>\n","protected":false},"excerpt":{"rendered":"<p>K\u00f5rvaklappid Steelseries Arctis 9, heas seisu- ja t\u00f6\u00f6korras! KIRJELDUS T\u00fc\u00fcp: t\u00e4issuuruses juhtmevabad m\u00e4ngurip\u00e4rised k\u00f5rvaklapid Riiulid (driverid): 40 mm neod\u00fc\u00fcm Takistus: 32 \u03a9 Sagedusvahemik: 20 Hz \u2013 20\u202f000 Hz Tundlikkus: umbes 98 dB \u00dchenduvus: 2,4 GHz (USB-dongel) ja Bluetooth 4.1 Ulatus: kuni 12 m Mikrofon: kahepoolne ClearCast, t\u00f5mmatav Mikrofonisagedused: 100 Hz \u2013 6\u202f500 Hz Aku t\u00f6\u00f6iga: [&hellip;]<\/p>\n","protected":false},"featured_media":32189,"comment_status":"closed","ping_status":"closed","template":"","meta":{"inline_featured_image":false},"product_brand":[],"product_cat":[168],"product_tag":[],"class_list":{"0":"post-32188","1":"product","2":"type-product","3":"status-publish","4":"has-post-thumbnail","6":"product_cat-naushniki","7":"pa_asukoht-mustamae","8":"pa_seisukord-ispolzovano","10":"first","11":"outofstock","12":"taxable","13":"shipping-taxable","14":"purchasable","15":"product-type-simple"},"_links":{"self":[{"href":"https:\/\/a-pant.ee\/ru\/wp-json\/wp\/v2\/product\/32188","targetHints":{"allow":["GET"]}}],"collection":[{"href":"https:\/\/a-pant.ee\/ru\/wp-json\/wp\/v2\/product"}],"about":[{"href":"https:\/\/a-pant.ee\/ru\/wp-json\/wp\/v2\/types\/product"}],"replies":[{"embeddable":true,"href":"https:\/\/a-pant.ee\/ru\/wp-json\/wp\/v2\/comments?post=32188"}],"wp:featuredmedia":[{"embeddable":true,"href":"https:\/\/a-pant.ee\/ru\/wp-json\/wp\/v2\/media\/32189"}],"wp:attachment":[{"href":"https:\/\/a-pant.ee\/ru\/wp-json\/wp\/v2\/media?parent=32188"}],"wp:term":[{"taxonomy":"product_brand","embeddable":true,"href":"https:\/\/a-pant.ee\/ru\/wp-json\/wp\/v2\/product_brand?post=32188"},{"taxonomy":"product_cat","embeddable":true,"href":"https:\/\/a-pant.ee\/ru\/wp-json\/wp\/v2\/product_cat?post=32188"},{"taxonomy":"product_tag","embeddable":true,"href":"https:\/\/a-pant.ee\/ru\/wp-json\/wp\/v2\/product_tag?post=32188"}],"curies":[{"name":"wp","href":"https:\/\/api.w.org\/{rel}","templated":true}]}}