{"id":32182,"date":"2026-02-04T14:12:41","date_gmt":"2026-02-04T11:12:41","guid":{"rendered":"https:\/\/a-pant.ee\/product\/naushniki-apple-airpods-3-a2566\/"},"modified":"2026-02-22T12:19:34","modified_gmt":"2026-02-22T09:19:34","slug":"naushniki-apple-airpods-3-a2566","status":"publish","type":"product","link":"https:\/\/a-pant.ee\/ru\/product\/naushniki-apple-airpods-3-a2566\/","title":{"rendered":"\u041d\u0430\u0443\u0448\u043d\u0438\u043a\u0438 Apple Airpods 3 A2566"},"content":{"rendered":"\n<p> K\u00f5rvaklappid Apple Airpods 3 A2566, heas seisu- ja t\u00f6\u00f6korras! <\/p><p> KIRJELDUS <\/p><ul><li> Mudel: AirPods 3 (A2566) <\/li><li> K\u00f5rvaklappide t\u00fc\u00fcp: t\u00e4iesti juhtmevabad <\/li><li> \u00dchenduvus: Bluetooth 5.0 <\/li><li> Audio: stereoheli koos ruumilise heliga ja d\u00fcnaamilise pea j\u00e4lgimisega <\/li><li> Juhtimine: puutefunktsioon (heli esitamine\/paus, loo vahetamine, Siri aktiveerimine) <\/li><li> Mikrofonid: sisseehitatud k\u00f5nede ja h\u00e4\u00e4labi jaoks <\/li><li> Andurid: kandmise tuvastus, optilised andurid <\/li><li> Aku: kuni 6 tundi kuulamist \u00fche laadimisega, kuni 30 tundi koos laadimiskarbiga <\/li><li> Kiirlaadimine: umbes 5 minutit laadimist annab 1 tund kuulamisaega <\/li><li> \u00dchilduvus: iOS, iPadOS, macOS, watchOS ja teised Bluetooth-seadmed <\/li><li> Funktsioonid: automaatne \u00fchendamine, ruumiline heli d\u00fcnaamilise pea j\u00e4lgimisega, kohanduv ekvalaiser <\/li><li> Niiskuse- ja tolmukindlus: IPX4, kaitse higi ja vee eest <\/li><\/ul>\n","protected":false},"excerpt":{"rendered":"<p>K\u00f5rvaklappid Apple Airpods 3 A2566, heas seisu- ja t\u00f6\u00f6korras! KIRJELDUS Mudel: AirPods 3 (A2566) K\u00f5rvaklappide t\u00fc\u00fcp: t\u00e4iesti juhtmevabad \u00dchenduvus: Bluetooth 5.0 Audio: stereoheli koos ruumilise heliga ja d\u00fcnaamilise pea j\u00e4lgimisega Juhtimine: puutefunktsioon (heli esitamine\/paus, loo vahetamine, Siri aktiveerimine) Mikrofonid: sisseehitatud k\u00f5nede ja h\u00e4\u00e4labi jaoks Andurid: kandmise tuvastus, optilised andurid Aku: kuni 6 tundi kuulamist \u00fche [&hellip;]<\/p>\n","protected":false},"featured_media":32183,"comment_status":"closed","ping_status":"closed","template":"","meta":{"inline_featured_image":false},"product_brand":[],"product_cat":[168],"product_tag":[],"class_list":{"0":"post-32182","1":"product","2":"type-product","3":"status-publish","4":"has-post-thumbnail","6":"product_cat-naushniki","7":"pa_asukoht-mustamae","8":"pa_seisukord-ispolzovano","10":"first","11":"outofstock","12":"taxable","13":"shipping-taxable","14":"purchasable","15":"product-type-simple"},"_links":{"self":[{"href":"https:\/\/a-pant.ee\/ru\/wp-json\/wp\/v2\/product\/32182","targetHints":{"allow":["GET"]}}],"collection":[{"href":"https:\/\/a-pant.ee\/ru\/wp-json\/wp\/v2\/product"}],"about":[{"href":"https:\/\/a-pant.ee\/ru\/wp-json\/wp\/v2\/types\/product"}],"replies":[{"embeddable":true,"href":"https:\/\/a-pant.ee\/ru\/wp-json\/wp\/v2\/comments?post=32182"}],"wp:featuredmedia":[{"embeddable":true,"href":"https:\/\/a-pant.ee\/ru\/wp-json\/wp\/v2\/media\/32183"}],"wp:attachment":[{"href":"https:\/\/a-pant.ee\/ru\/wp-json\/wp\/v2\/media?parent=32182"}],"wp:term":[{"taxonomy":"product_brand","embeddable":true,"href":"https:\/\/a-pant.ee\/ru\/wp-json\/wp\/v2\/product_brand?post=32182"},{"taxonomy":"product_cat","embeddable":true,"href":"https:\/\/a-pant.ee\/ru\/wp-json\/wp\/v2\/product_cat?post=32182"},{"taxonomy":"product_tag","embeddable":true,"href":"https:\/\/a-pant.ee\/ru\/wp-json\/wp\/v2\/product_tag?post=32182"}],"curies":[{"name":"wp","href":"https:\/\/api.w.org\/{rel}","templated":true}]}}