{"id":32176,"date":"2026-02-04T14:12:41","date_gmt":"2026-02-04T11:12:41","guid":{"rendered":"https:\/\/a-pant.ee\/product\/zaryadka-milwaukee-m12-18\/"},"modified":"2026-02-22T12:19:34","modified_gmt":"2026-02-22T09:19:34","slug":"zaryadka-milwaukee-m12-18","status":"publish","type":"product","link":"https:\/\/a-pant.ee\/ru\/product\/zaryadka-milwaukee-m12-18\/","title":{"rendered":"\u0417\u0430\u0440\u044f\u0434\u043a\u0430 Milwaukee M12-18"},"content":{"rendered":"\n<p> Laadija Milwaukee M12-18, heas seisu- ja t\u00f6\u00f6korras! <\/p><p> KIRJELDUS <\/p><ul><li> Seade t\u00fc\u00fcp: akulaadija <\/li><li> Sobivad akud: Li-ion 12 V ja 18 V <\/li><li> V\u00e4ljundvool: s\u00f5ltub akust <\/li><li> Kaitses\u00fcsteem: kaitse \u00fclekuumenemise, \u00fclepinget ja l\u00fchise vastu <\/li><li> N\u00e4idikud: LED-tuli n\u00e4itab laadimise protsessi ja aku olekut <\/li><li> V\u00f5imalus laadida korraga mitut akut (mudelist s\u00f5ltuvalt) <\/li><li> Toide: 100\u2013240 V <\/li><li> Kaal: umbes 0,5\u20130,6 kg <\/li><li> Kompaktne ja kerge korpus, mugav transportimiseks <\/li><li> Sobib Milwaukee M12 ja M18 akudele <\/li><\/ul>\n","protected":false},"excerpt":{"rendered":"<p>Laadija Milwaukee M12-18, heas seisu- ja t\u00f6\u00f6korras! KIRJELDUS Seade t\u00fc\u00fcp: akulaadija Sobivad akud: Li-ion 12 V ja 18 V V\u00e4ljundvool: s\u00f5ltub akust Kaitses\u00fcsteem: kaitse \u00fclekuumenemise, \u00fclepinget ja l\u00fchise vastu N\u00e4idikud: LED-tuli n\u00e4itab laadimise protsessi ja aku olekut V\u00f5imalus laadida korraga mitut akut (mudelist s\u00f5ltuvalt) Toide: 100\u2013240 V Kaal: umbes 0,5\u20130,6 kg Kompaktne ja kerge korpus, [&hellip;]<\/p>\n","protected":false},"featured_media":32177,"comment_status":"closed","ping_status":"closed","template":"","meta":{"inline_featured_image":false},"product_brand":[],"product_cat":[223],"product_tag":[],"class_list":{"0":"post-32176","1":"product","2":"type-product","3":"status-publish","4":"has-post-thumbnail","6":"product_cat-vsyo-dlya-instrumenta","7":"pa_asukoht-mustamae","8":"pa_seisukord-ispolzovano","10":"first","11":"outofstock","12":"taxable","13":"shipping-taxable","14":"purchasable","15":"product-type-simple"},"_links":{"self":[{"href":"https:\/\/a-pant.ee\/ru\/wp-json\/wp\/v2\/product\/32176","targetHints":{"allow":["GET"]}}],"collection":[{"href":"https:\/\/a-pant.ee\/ru\/wp-json\/wp\/v2\/product"}],"about":[{"href":"https:\/\/a-pant.ee\/ru\/wp-json\/wp\/v2\/types\/product"}],"replies":[{"embeddable":true,"href":"https:\/\/a-pant.ee\/ru\/wp-json\/wp\/v2\/comments?post=32176"}],"wp:featuredmedia":[{"embeddable":true,"href":"https:\/\/a-pant.ee\/ru\/wp-json\/wp\/v2\/media\/32177"}],"wp:attachment":[{"href":"https:\/\/a-pant.ee\/ru\/wp-json\/wp\/v2\/media?parent=32176"}],"wp:term":[{"taxonomy":"product_brand","embeddable":true,"href":"https:\/\/a-pant.ee\/ru\/wp-json\/wp\/v2\/product_brand?post=32176"},{"taxonomy":"product_cat","embeddable":true,"href":"https:\/\/a-pant.ee\/ru\/wp-json\/wp\/v2\/product_cat?post=32176"},{"taxonomy":"product_tag","embeddable":true,"href":"https:\/\/a-pant.ee\/ru\/wp-json\/wp\/v2\/product_tag?post=32176"}],"curies":[{"name":"wp","href":"https:\/\/api.w.org\/{rel}","templated":true}]}}