{"id":32170,"date":"2026-02-04T14:12:41","date_gmt":"2026-02-04T11:12:41","guid":{"rendered":"https:\/\/a-pant.ee\/product\/pnevmaticheskaya-vintovka-norica-spider-grs\/"},"modified":"2026-02-22T12:19:33","modified_gmt":"2026-02-22T09:19:33","slug":"pnevmaticheskaya-vintovka-norica-spider-grs","status":"publish","type":"product","link":"https:\/\/a-pant.ee\/ru\/product\/pnevmaticheskaya-vintovka-norica-spider-grs\/","title":{"rendered":"\u041f\u043d\u0435\u0432\u043c\u0430\u0442\u0438\u0447\u0435\u0441\u043a\u0430\u044f \u0432\u0438\u043d\u0442\u043e\u0432\u043a\u0430 Norica Spider GRS"},"content":{"rendered":"\n<p> \u00d5hup\u00fcss Norica Spider GRS, heas seisu- ja t\u00f6\u00f6korras! <\/p><p> KIRJELDUS <\/p><ul><li> Mudel: Norica Spider GRS <\/li><li> T\u00fc\u00fcp: gaas\u2011ram (Gas Ram System) pneumaatiline vintp\u00fcss <\/li><li> Kaliibrid: 4,5 mm (.177), <\/li><li> Toru pikkus: 484 mm <\/li><li> \u00dcldpikkus: umbes 1170 mm <\/li><li> Kaal: ligikaudu 3,0 kg <\/li><li> Maksimaalne kiirus: <ul><li><p> 4,5 mm: umbes 330 m\/s <\/p><\/li><\/ul><\/li><li> Energia: umbes 24 J <\/li><li> Loka: s\u00fcnteetiline, l\u00f6\u00f6gikindel, kahek\u00e4eline disain <\/li><li> Tekstuur k\u00e4epideme ja esiputke pinnal paremaks haardeks <\/li><li> Padjas: ventileeritud kummist, l\u00f6\u00f6gij\u00f5udu v\u00e4hendav <\/li><li> V\u00e4ljalaskepingutus lihtsustatud GRS s\u00fcsteemi t\u00f5ttu <\/li><li> Sihtm\u00e4rgid: fiber-optical esisihik ja reguleeritav taksesihik, esisilm kaitstud teraskattega <\/li><li> Optika kinnitamine: 11 mm \u201etuisu-saba\u201c (dovetail) raudtee <\/li><li> Ohutus: automaatne <\/li><li> K\u00e4epideme alumises osas v\u00e4ike sahtel esemete hoiustamiseks <\/li><\/ul>\n","protected":false},"excerpt":{"rendered":"<p>\u00d5hup\u00fcss Norica Spider GRS, heas seisu- ja t\u00f6\u00f6korras! KIRJELDUS Mudel: Norica Spider GRS T\u00fc\u00fcp: gaas\u2011ram (Gas Ram System) pneumaatiline vintp\u00fcss Kaliibrid: 4,5 mm (.177), Toru pikkus: 484 mm \u00dcldpikkus: umbes 1170 mm Kaal: ligikaudu 3,0 kg Maksimaalne kiirus: 4,5 mm: umbes 330 m\/s Energia: umbes 24 J Loka: s\u00fcnteetiline, l\u00f6\u00f6gikindel, kahek\u00e4eline disain Tekstuur k\u00e4epideme ja [&hellip;]<\/p>\n","protected":false},"featured_media":32171,"comment_status":"closed","ping_status":"open","template":"","meta":{"inline_featured_image":false},"product_brand":[],"product_cat":[214],"product_tag":[],"class_list":{"0":"post-32170","1":"product","2":"type-product","3":"status-publish","4":"has-post-thumbnail","6":"product_cat-aktivnyj-otdyh","7":"pa_asukoht-mustamae","8":"pa_seisukord-ispolzovano","10":"first","11":"instock","12":"taxable","13":"shipping-taxable","14":"purchasable","15":"product-type-simple"},"_links":{"self":[{"href":"https:\/\/a-pant.ee\/ru\/wp-json\/wp\/v2\/product\/32170","targetHints":{"allow":["GET"]}}],"collection":[{"href":"https:\/\/a-pant.ee\/ru\/wp-json\/wp\/v2\/product"}],"about":[{"href":"https:\/\/a-pant.ee\/ru\/wp-json\/wp\/v2\/types\/product"}],"replies":[{"embeddable":true,"href":"https:\/\/a-pant.ee\/ru\/wp-json\/wp\/v2\/comments?post=32170"}],"wp:featuredmedia":[{"embeddable":true,"href":"https:\/\/a-pant.ee\/ru\/wp-json\/wp\/v2\/media\/32171"}],"wp:attachment":[{"href":"https:\/\/a-pant.ee\/ru\/wp-json\/wp\/v2\/media?parent=32170"}],"wp:term":[{"taxonomy":"product_brand","embeddable":true,"href":"https:\/\/a-pant.ee\/ru\/wp-json\/wp\/v2\/product_brand?post=32170"},{"taxonomy":"product_cat","embeddable":true,"href":"https:\/\/a-pant.ee\/ru\/wp-json\/wp\/v2\/product_cat?post=32170"},{"taxonomy":"product_tag","embeddable":true,"href":"https:\/\/a-pant.ee\/ru\/wp-json\/wp\/v2\/product_tag?post=32170"}],"curies":[{"name":"wp","href":"https:\/\/api.w.org\/{rel}","templated":true}]}}